{"id":11813,"date":"2023-07-20T09:02:39","date_gmt":"2023-07-20T09:02:39","guid":{"rendered":"https:\/\/grafiti.com\/sigmaplot-details\/auf-mac-ausfuehren\/"},"modified":"2024-01-13T07:10:39","modified_gmt":"2024-01-13T07:10:39","slug":"auf-mac-ausfuehren","status":"publish","type":"page","link":"https:\/\/grafiti.com\/de\/sigmaplot-details\/auf-mac-ausfuehren\/","title":{"rendered":"Auf Mac ausf\u00fchren"},"content":{"rendered":"\t\t<div data-elementor-type=\"wp-page\" data-elementor-id=\"11813\" class=\"elementor elementor-11813 elementor-657\" data-elementor-post-type=\"page\">\n\t\t\t\t\t\t<section class=\"elementor-section elementor-top-section elementor-element elementor-element-ac392db elementor-section-boxed elementor-section-height-default elementor-section-height-default\" data-id=\"ac392db\" data-element_type=\"section\" data-e-type=\"section\" data-settings=\"{&quot;background_background&quot;:&quot;classic&quot;}\">\n\t\t\t\t\t\t\t<div class=\"elementor-background-overlay\"><\/div>\n\t\t\t\t\t\t\t<div class=\"elementor-container elementor-column-gap-default\">\n\t\t\t\t\t<div class=\"elementor-column elementor-col-100 elementor-top-column elementor-element elementor-element-ef1587b\" data-id=\"ef1587b\" data-element_type=\"column\" data-e-type=\"column\">\n\t\t\t<div class=\"elementor-widget-wrap elementor-element-populated\">\n\t\t\t\t\t\t<div class=\"elementor-element elementor-element-13d502a elementor-widget elementor-widget-heading\" data-id=\"13d502a\" data-element_type=\"widget\" data-e-type=\"widget\" data-widget_type=\"heading.default\">\n\t\t\t\t<div class=\"elementor-widget-container\">\n\t\t\t\t\t<h2 class=\"elementor-heading-title elementor-size-default\">SigmaPlot auf MAC\n<\/h2>\t\t\t\t<\/div>\n\t\t\t\t<\/div>\n\t\t\t\t\t<\/div>\n\t\t<\/div>\n\t\t\t\t\t<\/div>\n\t\t<\/section>\n\t\t\t\t<section class=\"elementor-section elementor-top-section elementor-element elementor-element-92fce2b elementor-section-boxed elementor-section-height-default elementor-section-height-default\" data-id=\"92fce2b\" data-element_type=\"section\" data-e-type=\"section\">\n\t\t\t\t\t\t<div class=\"elementor-container elementor-column-gap-default\">\n\t\t\t\t\t<div class=\"elementor-column elementor-col-100 elementor-top-column elementor-element elementor-element-6860f8a\" data-id=\"6860f8a\" data-element_type=\"column\" data-e-type=\"column\">\n\t\t\t<div class=\"elementor-widget-wrap elementor-element-populated\">\n\t\t\t\t\t\t<div class=\"elementor-element elementor-element-aa2c7d9 elementor-widget elementor-widget-heading\" data-id=\"aa2c7d9\" data-element_type=\"widget\" data-e-type=\"widget\" data-widget_type=\"heading.default\">\n\t\t\t\t<div class=\"elementor-widget-container\">\n\t\t\t\t\t<h2 class=\"elementor-heading-title elementor-size-default\">SigmaPlot auf MAC\n<\/h2>\t\t\t\t<\/div>\n\t\t\t\t<\/div>\n\t\t\t\t\t<\/div>\n\t\t<\/div>\n\t\t\t\t\t<\/div>\n\t\t<\/section>\n\t\t\t\t<section class=\"elementor-section elementor-top-section elementor-element elementor-element-ac4ca86 elementor-section-boxed elementor-section-height-default elementor-section-height-default\" data-id=\"ac4ca86\" data-element_type=\"section\" data-e-type=\"section\">\n\t\t\t\t\t\t<div class=\"elementor-container elementor-column-gap-default\">\n\t\t\t\t\t<div class=\"elementor-column elementor-col-50 elementor-top-column elementor-element elementor-element-e81b01a\" data-id=\"e81b01a\" data-element_type=\"column\" data-e-type=\"column\">\n\t\t\t<div class=\"elementor-widget-wrap elementor-element-populated\">\n\t\t\t\t\t\t<div class=\"elementor-element elementor-element-021475b elementor-widget elementor-widget-heading\" data-id=\"021475b\" data-element_type=\"widget\" data-e-type=\"widget\" data-widget_type=\"heading.default\">\n\t\t\t\t<div class=\"elementor-widget-container\">\n\t\t\t\t\t<h2 class=\"elementor-heading-title elementor-size-default\">Ausf\u00fchren von SigmaPlot unter Mac OS\n<\/h2>\t\t\t\t<\/div>\n\t\t\t\t<\/div>\n\t\t\t\t<div class=\"elementor-element elementor-element-9fa3eb8 elementor-widget elementor-widget-image\" data-id=\"9fa3eb8\" data-element_type=\"widget\" data-e-type=\"widget\" data-widget_type=\"image.default\">\n\t\t\t\t<div class=\"elementor-widget-container\">\n\t\t\t\t\t\t\t\t\t\t\t\t\t\t\t<img decoding=\"async\" width=\"150\" height=\"150\" src=\"https:\/\/grafiti.com\/wp-content\/uploads\/2023\/07\/parallels.gif\" class=\"attachment-medium size-medium wp-image-6562\" alt=\"\" srcset=\"https:\/\/grafiti.com\/wp-content\/uploads\/2023\/07\/parallels.gif 150w, https:\/\/grafiti.com\/wp-content\/uploads\/2023\/07\/parallels-100x100.gif 100w\" sizes=\"(max-width: 150px) 100vw, 150px\" \/>\t\t\t\t\t\t\t\t\t\t\t\t\t\t\t<\/div>\n\t\t\t\t<\/div>\n\t\t\t\t<div class=\"elementor-element elementor-element-0ec1fa7 elementor-widget elementor-widget-heading\" data-id=\"0ec1fa7\" data-element_type=\"widget\" data-e-type=\"widget\" data-widget_type=\"heading.default\">\n\t\t\t\t<div class=\"elementor-widget-container\">\n\t\t\t\t\t<p class=\"elementor-heading-title elementor-size-default\">Sie k\u00f6nnen SigmaPlot auf Macs installieren und ausf\u00fchren, indem Sie eine Virtualisierungssoftware wie Parallels\u00ae Desktop f\u00fcr Mac verwenden. SigmaPlot kann auch nahtlos auf VMWare\u00ae Fusion laufen, das Parallels\u00ae sehr \u00e4hnlich ist und ebenfalls eine voll lizenzierte Version von Windows ben\u00f6tigt, um SigmaPlot auszuf\u00fchren.<\/p>\t\t\t\t<\/div>\n\t\t\t\t<\/div>\n\t\t\t\t<div class=\"elementor-element elementor-element-407da32 elementor-widget elementor-widget-heading\" data-id=\"407da32\" data-element_type=\"widget\" data-e-type=\"widget\" data-widget_type=\"heading.default\">\n\t\t\t\t<div class=\"elementor-widget-container\">\n\t\t\t\t\t<p class=\"elementor-heading-title elementor-size-default\">Mit der Virtualisierungssoftware k\u00f6nnen Sie SigmaPlot als Anwendung auf Ihrem Mac-Desktop ausf\u00fchren, ohne das Mac-Betriebssystem neu zu starten oder in Windows neu starten zu m\u00fcssen.\n\n<\/p>\t\t\t\t<\/div>\n\t\t\t\t<\/div>\n\t\t\t\t<div class=\"elementor-element elementor-element-3bf3006 elementor-widget elementor-widget-heading\" data-id=\"3bf3006\" data-element_type=\"widget\" data-e-type=\"widget\" data-widget_type=\"heading.default\">\n\t\t\t\t<div class=\"elementor-widget-container\">\n\t\t\t\t\t<p class=\"elementor-heading-title elementor-size-default\">Parallels\u00ae Desktop f\u00fcr Mac ist eine Hardware-Emulations-Virtualisierungssoftware, mit der Benutzer Windows gleichzeitig mit Mac OS X auf ihren Intel-basierten Macs ausf\u00fchren k\u00f6nnen. Jede virtuelle Maschine von Parallels\u00ae funktioniert wie ein echter Computer mit eigenem Prozessor und eigenem RAM.\n\n<\/p>\t\t\t\t<\/div>\n\t\t\t\t<\/div>\n\t\t\t\t<div class=\"elementor-element elementor-element-9de3bdf elementor-widget elementor-widget-heading\" data-id=\"9de3bdf\" data-element_type=\"widget\" data-e-type=\"widget\" data-widget_type=\"heading.default\">\n\t\t\t\t<div class=\"elementor-widget-container\">\n\t\t\t\t\t<p class=\"elementor-heading-title elementor-size-default\">Sobald Parallels\u00ae installiert ist, f\u00fchrt der mitgelieferte Assistent den Benutzer durch die Installation von Windows in einer virtuellen Maschine. Es ist sehr einfach und erfordert keine gro\u00dfen technischen Kenntnisse.\n\n<\/p>\t\t\t\t<\/div>\n\t\t\t\t<\/div>\n\t\t\t\t\t<\/div>\n\t\t<\/div>\n\t\t\t\t<div class=\"elementor-column elementor-col-50 elementor-top-column elementor-element elementor-element-6f1b31e\" data-id=\"6f1b31e\" data-element_type=\"column\" data-e-type=\"column\">\n\t\t\t<div class=\"elementor-widget-wrap elementor-element-populated\">\n\t\t\t\t\t\t<div class=\"elementor-element elementor-element-f7da397 elementor-widget elementor-widget-heading\" data-id=\"f7da397\" data-element_type=\"widget\" data-e-type=\"widget\" data-widget_type=\"heading.default\">\n\t\t\t\t<div class=\"elementor-widget-container\">\n\t\t\t\t\t<p class=\"elementor-heading-title elementor-size-default\">Wenn die virtuelle Maschine fertiggestellt ist, k\u00f6nnen Sie die neue virtuelle Maschine entweder in einem separaten Fenster starten oder sie im Modus Koh\u00e4renzansicht verwenden. In der Koh\u00e4renzansicht k\u00f6nnen Sie sowohl Ihre Windows- als auch Ihre Mac-Anwendungen gleichzeitig nutzen, ohne zwei getrennte Desktops zu verwalten oder neu zu starten.<\/p>\t\t\t\t<\/div>\n\t\t\t\t<\/div>\n\t\t\t\t<div class=\"elementor-element elementor-element-bdfb7b9 elementor-widget elementor-widget-heading\" data-id=\"bdfb7b9\" data-element_type=\"widget\" data-e-type=\"widget\" data-widget_type=\"heading.default\">\n\t\t\t\t<div class=\"elementor-widget-container\">\n\t\t\t\t\t<p class=\"elementor-heading-title elementor-size-default\">Sobald der Benutzer die virtuelle Maschine erstellt und gestartet hat, kann SigmaPlot wie auf jedem anderen PC installiert werden.<\/p>\t\t\t\t<\/div>\n\t\t\t\t<\/div>\n\t\t\t\t<div class=\"elementor-element elementor-element-82498ec elementor-widget elementor-widget-heading\" data-id=\"82498ec\" data-element_type=\"widget\" data-e-type=\"widget\" data-widget_type=\"heading.default\">\n\t\t\t\t<div class=\"elementor-widget-container\">\n\t\t\t\t\t<h2 class=\"elementor-heading-title elementor-size-default\">Systemanforderungen<\/h2>\t\t\t\t<\/div>\n\t\t\t\t<\/div>\n\t\t\t\t<div class=\"elementor-element elementor-element-0b3647a elementor-icon-list--layout-traditional elementor-list-item-link-full_width elementor-widget elementor-widget-icon-list\" data-id=\"0b3647a\" data-element_type=\"widget\" data-e-type=\"widget\" data-widget_type=\"icon-list.default\">\n\t\t\t\t<div class=\"elementor-widget-container\">\n\t\t\t\t\t\t\t<ul class=\"elementor-icon-list-items\">\n\t\t\t\t\t\t\t<li class=\"elementor-icon-list-item\">\n\t\t\t\t\t\t\t\t\t\t\t<span class=\"elementor-icon-list-icon\">\n\t\t\t\t\t\t\t<i aria-hidden=\"true\" class=\"fas fa-dot-circle\"><\/i>\t\t\t\t\t\t<\/span>\n\t\t\t\t\t\t\t\t\t\t<span class=\"elementor-icon-list-text\">Ein Intel\u00ae-basierter Macintosh\u00ae<\/span>\n\t\t\t\t\t\t\t\t\t<\/li>\n\t\t\t\t\t\t\t\t<li class=\"elementor-icon-list-item\">\n\t\t\t\t\t\t\t\t\t\t\t<span class=\"elementor-icon-list-icon\">\n\t\t\t\t\t\t\t<i aria-hidden=\"true\" class=\"fas fa-dot-circle\"><\/i>\t\t\t\t\t\t<\/span>\n\t\t\t\t\t\t\t\t\t\t<span class=\"elementor-icon-list-text\">Mac OS X 10.7.0 oder h\u00f6her<\/span>\n\t\t\t\t\t\t\t\t\t<\/li>\n\t\t\t\t\t\t\t\t<li class=\"elementor-icon-list-item\">\n\t\t\t\t\t\t\t\t\t\t\t<span class=\"elementor-icon-list-icon\">\n\t\t\t\t\t\t\t<i aria-hidden=\"true\" class=\"fas fa-dot-circle\"><\/i>\t\t\t\t\t\t<\/span>\n\t\t\t\t\t\t\t\t\t\t<span class=\"elementor-icon-list-text\">2 GB RAM, 750 MB freier Festplattenspeicher f\u00fcr die Virtualisierungssoftware, 15 GB freier Festplattenspeicher f\u00fcr jede virtuelle Maschine<\/span>\n\t\t\t\t\t\t\t\t\t<\/li>\n\t\t\t\t\t\t\t\t<li class=\"elementor-icon-list-item\">\n\t\t\t\t\t\t\t\t\t\t\t<span class=\"elementor-icon-list-icon\">\n\t\t\t\t\t\t\t<i aria-hidden=\"true\" class=\"fas fa-dot-circle\"><\/i>\t\t\t\t\t\t<\/span>\n\t\t\t\t\t\t\t\t\t\t<span class=\"elementor-icon-list-text\">Zus\u00e4tzliche Systemanforderungen: Parallels\u00ae Desktop f\u00fcr Mac Anforderungen<\/span>\n\t\t\t\t\t\t\t\t\t<\/li>\n\t\t\t\t\t\t\t\t<li class=\"elementor-icon-list-item\">\n\t\t\t\t\t\t\t\t\t\t\t<span class=\"elementor-icon-list-icon\">\n\t\t\t\t\t\t\t<i aria-hidden=\"true\" class=\"fas fa-dot-circle\"><\/i>\t\t\t\t\t\t<\/span>\n\t\t\t\t\t\t\t\t\t\t<span class=\"elementor-icon-list-text\">SigmaPlot Systemanforderungen<\/span>\n\t\t\t\t\t\t\t\t\t<\/li>\n\t\t\t\t\t\t<\/ul>\n\t\t\t\t\t\t<\/div>\n\t\t\t\t<\/div>\n\t\t\t\t<div class=\"elementor-element elementor-element-ec93dc4 elementor-widget elementor-widget-heading\" data-id=\"ec93dc4\" data-element_type=\"widget\" data-e-type=\"widget\" data-widget_type=\"heading.default\">\n\t\t\t\t<div class=\"elementor-widget-container\">\n\t\t\t\t\t<h2 class=\"elementor-heading-title elementor-size-default\">Schritte zur Installation von SigmaPlot auf einem Mac OS:<\/h2>\t\t\t\t<\/div>\n\t\t\t\t<\/div>\n\t\t\t\t<div class=\"elementor-element elementor-element-70bedfd elementor-icon-list--layout-traditional elementor-list-item-link-full_width elementor-widget elementor-widget-icon-list\" data-id=\"70bedfd\" data-element_type=\"widget\" data-e-type=\"widget\" data-widget_type=\"icon-list.default\">\n\t\t\t\t<div class=\"elementor-widget-container\">\n\t\t\t\t\t\t\t<ul class=\"elementor-icon-list-items\">\n\t\t\t\t\t\t\t<li class=\"elementor-icon-list-item\">\n\t\t\t\t\t\t\t\t\t\t\t<span class=\"elementor-icon-list-icon\">\n\t\t\t\t\t\t\t<i aria-hidden=\"true\" class=\"fas fa-dot-circle\"><\/i>\t\t\t\t\t\t<\/span>\n\t\t\t\t\t\t\t\t\t\t<span class=\"elementor-icon-list-text\">Installieren Sie die Virtualisierungssoftware auf Ihrem Mac-Computer<\/span>\n\t\t\t\t\t\t\t\t\t<\/li>\n\t\t\t\t\t\t\t\t<li class=\"elementor-icon-list-item\">\n\t\t\t\t\t\t\t\t\t\t\t<span class=\"elementor-icon-list-icon\">\n\t\t\t\t\t\t\t<i aria-hidden=\"true\" class=\"fas fa-dot-circle\"><\/i>\t\t\t\t\t\t<\/span>\n\t\t\t\t\t\t\t\t\t\t<span class=\"elementor-icon-list-text\">Erstellen Sie mithilfe der Virtualisierungssoftware einen neuen virtuellen Computer und installieren Sie Windows auf dem virtuellen Computer.<\/span>\n\t\t\t\t\t\t\t\t\t<\/li>\n\t\t\t\t\t\t\t\t<li class=\"elementor-icon-list-item\">\n\t\t\t\t\t\t\t\t\t\t\t<span class=\"elementor-icon-list-icon\">\n\t\t\t\t\t\t\t<i aria-hidden=\"true\" class=\"fas fa-dot-circle\"><\/i>\t\t\t\t\t\t<\/span>\n\t\t\t\t\t\t\t\t\t\t<span class=\"elementor-icon-list-text\">Starten Sie den virtuellen Computer, auf dem Windows installiert ist. Wenn Windows bereit ist, installieren Sie SigmaPlot unter Verwendung des Admin-Kontos (wichtig!).<\/span>\n\t\t\t\t\t\t\t\t\t<\/li>\n\t\t\t\t\t\t<\/ul>\n\t\t\t\t\t\t<\/div>\n\t\t\t\t<\/div>\n\t\t\t\t\t<\/div>\n\t\t<\/div>\n\t\t\t\t\t<\/div>\n\t\t<\/section>\n\t\t\t\t<\/div>\n\t\t","protected":false},"excerpt":{"rendered":"<p>SigmaPlot auf MAC SigmaPlot auf MAC Ausf\u00fchren von SigmaPlot unter Mac OS Sie k\u00f6nnen SigmaPlot auf Macs installieren und ausf\u00fchren, indem Sie eine Virtualisierungssoftware wie Parallels\u00ae Desktop f\u00fcr Mac verwenden. SigmaPlot kann auch nahtlos auf VMWare\u00ae Fusion laufen, das Parallels\u00ae sehr \u00e4hnlich ist und ebenfalls eine voll lizenzierte Version von Windows ben\u00f6tigt, um SigmaPlot auszuf\u00fchren. [&hellip;]<\/p>\n","protected":false},"author":1773,"featured_media":0,"parent":11726,"menu_order":0,"comment_status":"closed","ping_status":"closed","template":"","meta":{"site-sidebar-layout":"no-sidebar","site-content-layout":"page-builder","ast-site-content-layout":"full-width-container","site-content-style":"unboxed","site-sidebar-style":"unboxed","ast-global-header-display":"","ast-banner-title-visibility":"","ast-main-header-display":"","ast-hfb-above-header-display":"","ast-hfb-below-header-display":"","ast-hfb-mobile-header-display":"","site-post-title":"disabled","ast-breadcrumbs-content":"","ast-featured-img":"disabled","footer-sml-layout":"","ast-disable-related-posts":"","theme-transparent-header-meta":"","adv-header-id-meta":"","stick-header-meta":"","header-above-stick-meta":"","header-main-stick-meta":"","header-below-stick-meta":"","astra-migrate-meta-layouts":"default","ast-page-background-enabled":"default","ast-page-background-meta":{"desktop":{"background-color":"var(--ast-global-color-4)","background-image":"","background-repeat":"repeat","background-position":"center center","background-size":"auto","background-attachment":"scroll","background-type":"","background-media":"","overlay-type":"","overlay-color":"","overlay-opacity":"","overlay-gradient":""},"tablet":{"background-color":"","background-image":"","background-repeat":"repeat","background-position":"center center","background-size":"auto","background-attachment":"scroll","background-type":"","background-media":"","overlay-type":"","overlay-color":"","overlay-opacity":"","overlay-gradient":""},"mobile":{"background-color":"","background-image":"","background-repeat":"repeat","background-position":"center center","background-size":"auto","background-attachment":"scroll","background-type":"","background-media":"","overlay-type":"","overlay-color":"","overlay-opacity":"","overlay-gradient":""}},"ast-content-background-meta":{"desktop":{"background-color":"var(--ast-global-color-5)","background-image":"","background-repeat":"repeat","background-position":"center center","background-size":"auto","background-attachment":"scroll","background-type":"","background-media":"","overlay-type":"","overlay-color":"","overlay-opacity":"","overlay-gradient":""},"tablet":{"background-color":"var(--ast-global-color-5)","background-image":"","background-repeat":"repeat","background-position":"center center","background-size":"auto","background-attachment":"scroll","background-type":"","background-media":"","overlay-type":"","overlay-color":"","overlay-opacity":"","overlay-gradient":""},"mobile":{"background-color":"var(--ast-global-color-5)","background-image":"","background-repeat":"repeat","background-position":"center center","background-size":"auto","background-attachment":"scroll","background-type":"","background-media":"","overlay-type":"","overlay-color":"","overlay-opacity":"","overlay-gradient":""}},"footnotes":""},"class_list":["post-11813","page","type-page","status-publish","hentry"],"yoast_head":"<!-- This site is optimized with the Yoast SEO plugin v27.5 - https:\/\/yoast.com\/product\/yoast-seo-wordpress\/ -->\n<title>Auf Mac ausf\u00fchren - Grafiti LLC<\/title>\n<meta name=\"robots\" content=\"index, follow, max-snippet:-1, max-image-preview:large, max-video-preview:-1\" \/>\n<link rel=\"canonical\" href=\"https:\/\/grafiti.com\/de\/sigmaplot-details\/auf-mac-ausfuehren\/\" \/>\n<meta property=\"og:locale\" content=\"de_DE\" \/>\n<meta property=\"og:type\" content=\"article\" \/>\n<meta property=\"og:title\" content=\"Auf Mac ausf\u00fchren - Grafiti LLC\" \/>\n<meta property=\"og:description\" content=\"SigmaPlot auf MAC SigmaPlot auf MAC Ausf\u00fchren von SigmaPlot unter Mac OS Sie k\u00f6nnen SigmaPlot auf Macs installieren und ausf\u00fchren, indem Sie eine Virtualisierungssoftware wie Parallels\u00ae Desktop f\u00fcr Mac verwenden. SigmaPlot kann auch nahtlos auf VMWare\u00ae Fusion laufen, das Parallels\u00ae sehr \u00e4hnlich ist und ebenfalls eine voll lizenzierte Version von Windows ben\u00f6tigt, um SigmaPlot auszuf\u00fchren. [&hellip;]\" \/>\n<meta property=\"og:url\" content=\"https:\/\/grafiti.com\/de\/sigmaplot-details\/auf-mac-ausfuehren\/\" \/>\n<meta property=\"og:site_name\" content=\"Grafiti LLC\" \/>\n<meta property=\"article:modified_time\" content=\"2024-01-13T07:10:39+00:00\" \/>\n<meta property=\"og:image\" content=\"https:\/\/grafiti.com\/wp-content\/uploads\/2023\/07\/parallels.gif\" \/>\n<meta name=\"twitter:card\" content=\"summary_large_image\" \/>\n<meta name=\"twitter:label1\" content=\"Gesch\u00e4tzte Lesezeit\" \/>\n\t<meta name=\"twitter:data1\" content=\"2 Minuten\" \/>\n<script type=\"application\/ld+json\" class=\"yoast-schema-graph\">{\"@context\":\"https:\\\/\\\/schema.org\",\"@graph\":[{\"@type\":\"WebPage\",\"@id\":\"https:\\\/\\\/grafiti.com\\\/de\\\/sigmaplot-details\\\/auf-mac-ausfuehren\\\/\",\"url\":\"https:\\\/\\\/grafiti.com\\\/de\\\/sigmaplot-details\\\/auf-mac-ausfuehren\\\/\",\"name\":\"Auf Mac ausf\u00fchren - Grafiti LLC\",\"isPartOf\":{\"@id\":\"https:\\\/\\\/grafiti.com\\\/#website\"},\"primaryImageOfPage\":{\"@id\":\"https:\\\/\\\/grafiti.com\\\/de\\\/sigmaplot-details\\\/auf-mac-ausfuehren\\\/#primaryimage\"},\"image\":{\"@id\":\"https:\\\/\\\/grafiti.com\\\/de\\\/sigmaplot-details\\\/auf-mac-ausfuehren\\\/#primaryimage\"},\"thumbnailUrl\":\"https:\\\/\\\/grafiti.com\\\/wp-content\\\/uploads\\\/2023\\\/07\\\/parallels.gif\",\"datePublished\":\"2023-07-20T09:02:39+00:00\",\"dateModified\":\"2024-01-13T07:10:39+00:00\",\"breadcrumb\":{\"@id\":\"https:\\\/\\\/grafiti.com\\\/de\\\/sigmaplot-details\\\/auf-mac-ausfuehren\\\/#breadcrumb\"},\"inLanguage\":\"de-DE\",\"potentialAction\":[{\"@type\":\"ReadAction\",\"target\":[\"https:\\\/\\\/grafiti.com\\\/de\\\/sigmaplot-details\\\/auf-mac-ausfuehren\\\/\"]}]},{\"@type\":\"ImageObject\",\"inLanguage\":\"de-DE\",\"@id\":\"https:\\\/\\\/grafiti.com\\\/de\\\/sigmaplot-details\\\/auf-mac-ausfuehren\\\/#primaryimage\",\"url\":\"https:\\\/\\\/grafiti.com\\\/wp-content\\\/uploads\\\/2023\\\/07\\\/parallels.gif\",\"contentUrl\":\"https:\\\/\\\/grafiti.com\\\/wp-content\\\/uploads\\\/2023\\\/07\\\/parallels.gif\"},{\"@type\":\"BreadcrumbList\",\"@id\":\"https:\\\/\\\/grafiti.com\\\/de\\\/sigmaplot-details\\\/auf-mac-ausfuehren\\\/#breadcrumb\",\"itemListElement\":[{\"@type\":\"ListItem\",\"position\":1,\"name\":\"Home\",\"item\":\"https:\\\/\\\/grafiti.com\\\/\"},{\"@type\":\"ListItem\",\"position\":2,\"name\":\"SigmaPlot Details\",\"item\":\"https:\\\/\\\/grafiti.com\\\/de\\\/sigmaplot-details\\\/\"},{\"@type\":\"ListItem\",\"position\":3,\"name\":\"Auf Mac ausf\u00fchren\"}]},{\"@type\":\"WebSite\",\"@id\":\"https:\\\/\\\/grafiti.com\\\/#website\",\"url\":\"https:\\\/\\\/grafiti.com\\\/\",\"name\":\"Grafiti LLC\",\"description\":\"Grafiti LLC\",\"publisher\":{\"@id\":\"https:\\\/\\\/grafiti.com\\\/#organization\"},\"potentialAction\":[{\"@type\":\"SearchAction\",\"target\":{\"@type\":\"EntryPoint\",\"urlTemplate\":\"https:\\\/\\\/grafiti.com\\\/?s={search_term_string}\"},\"query-input\":{\"@type\":\"PropertyValueSpecification\",\"valueRequired\":true,\"valueName\":\"search_term_string\"}}],\"inLanguage\":\"de-DE\"},{\"@type\":\"Organization\",\"@id\":\"https:\\\/\\\/grafiti.com\\\/#organization\",\"name\":\"Grafiti LLC\",\"url\":\"https:\\\/\\\/grafiti.com\\\/\",\"logo\":{\"@type\":\"ImageObject\",\"inLanguage\":\"de-DE\",\"@id\":\"https:\\\/\\\/grafiti.com\\\/#\\\/schema\\\/logo\\\/image\\\/\",\"url\":\"https:\\\/\\\/grafiti.com\\\/wp-content\\\/uploads\\\/2024\\\/01\\\/logo-2.png\",\"contentUrl\":\"https:\\\/\\\/grafiti.com\\\/wp-content\\\/uploads\\\/2024\\\/01\\\/logo-2.png\",\"width\":164,\"height\":62,\"caption\":\"Grafiti LLC\"},\"image\":{\"@id\":\"https:\\\/\\\/grafiti.com\\\/#\\\/schema\\\/logo\\\/image\\\/\"}}]}<\/script>\n<!-- \/ Yoast SEO plugin. -->","yoast_head_json":{"title":"Auf Mac ausf\u00fchren - Grafiti LLC","robots":{"index":"index","follow":"follow","max-snippet":"max-snippet:-1","max-image-preview":"max-image-preview:large","max-video-preview":"max-video-preview:-1"},"canonical":"https:\/\/grafiti.com\/de\/sigmaplot-details\/auf-mac-ausfuehren\/","og_locale":"de_DE","og_type":"article","og_title":"Auf Mac ausf\u00fchren - Grafiti LLC","og_description":"SigmaPlot auf MAC SigmaPlot auf MAC Ausf\u00fchren von SigmaPlot unter Mac OS Sie k\u00f6nnen SigmaPlot auf Macs installieren und ausf\u00fchren, indem Sie eine Virtualisierungssoftware wie Parallels\u00ae Desktop f\u00fcr Mac verwenden. SigmaPlot kann auch nahtlos auf VMWare\u00ae Fusion laufen, das Parallels\u00ae sehr \u00e4hnlich ist und ebenfalls eine voll lizenzierte Version von Windows ben\u00f6tigt, um SigmaPlot auszuf\u00fchren. [&hellip;]","og_url":"https:\/\/grafiti.com\/de\/sigmaplot-details\/auf-mac-ausfuehren\/","og_site_name":"Grafiti LLC","article_modified_time":"2024-01-13T07:10:39+00:00","og_image":[{"url":"https:\/\/grafiti.com\/wp-content\/uploads\/2023\/07\/parallels.gif","type":"","width":"","height":""}],"twitter_card":"summary_large_image","twitter_misc":{"Gesch\u00e4tzte Lesezeit":"2 Minuten"},"schema":{"@context":"https:\/\/schema.org","@graph":[{"@type":"WebPage","@id":"https:\/\/grafiti.com\/de\/sigmaplot-details\/auf-mac-ausfuehren\/","url":"https:\/\/grafiti.com\/de\/sigmaplot-details\/auf-mac-ausfuehren\/","name":"Auf Mac ausf\u00fchren - Grafiti LLC","isPartOf":{"@id":"https:\/\/grafiti.com\/#website"},"primaryImageOfPage":{"@id":"https:\/\/grafiti.com\/de\/sigmaplot-details\/auf-mac-ausfuehren\/#primaryimage"},"image":{"@id":"https:\/\/grafiti.com\/de\/sigmaplot-details\/auf-mac-ausfuehren\/#primaryimage"},"thumbnailUrl":"https:\/\/grafiti.com\/wp-content\/uploads\/2023\/07\/parallels.gif","datePublished":"2023-07-20T09:02:39+00:00","dateModified":"2024-01-13T07:10:39+00:00","breadcrumb":{"@id":"https:\/\/grafiti.com\/de\/sigmaplot-details\/auf-mac-ausfuehren\/#breadcrumb"},"inLanguage":"de-DE","potentialAction":[{"@type":"ReadAction","target":["https:\/\/grafiti.com\/de\/sigmaplot-details\/auf-mac-ausfuehren\/"]}]},{"@type":"ImageObject","inLanguage":"de-DE","@id":"https:\/\/grafiti.com\/de\/sigmaplot-details\/auf-mac-ausfuehren\/#primaryimage","url":"https:\/\/grafiti.com\/wp-content\/uploads\/2023\/07\/parallels.gif","contentUrl":"https:\/\/grafiti.com\/wp-content\/uploads\/2023\/07\/parallels.gif"},{"@type":"BreadcrumbList","@id":"https:\/\/grafiti.com\/de\/sigmaplot-details\/auf-mac-ausfuehren\/#breadcrumb","itemListElement":[{"@type":"ListItem","position":1,"name":"Home","item":"https:\/\/grafiti.com\/"},{"@type":"ListItem","position":2,"name":"SigmaPlot Details","item":"https:\/\/grafiti.com\/de\/sigmaplot-details\/"},{"@type":"ListItem","position":3,"name":"Auf Mac ausf\u00fchren"}]},{"@type":"WebSite","@id":"https:\/\/grafiti.com\/#website","url":"https:\/\/grafiti.com\/","name":"Grafiti LLC","description":"Grafiti LLC","publisher":{"@id":"https:\/\/grafiti.com\/#organization"},"potentialAction":[{"@type":"SearchAction","target":{"@type":"EntryPoint","urlTemplate":"https:\/\/grafiti.com\/?s={search_term_string}"},"query-input":{"@type":"PropertyValueSpecification","valueRequired":true,"valueName":"search_term_string"}}],"inLanguage":"de-DE"},{"@type":"Organization","@id":"https:\/\/grafiti.com\/#organization","name":"Grafiti LLC","url":"https:\/\/grafiti.com\/","logo":{"@type":"ImageObject","inLanguage":"de-DE","@id":"https:\/\/grafiti.com\/#\/schema\/logo\/image\/","url":"https:\/\/grafiti.com\/wp-content\/uploads\/2024\/01\/logo-2.png","contentUrl":"https:\/\/grafiti.com\/wp-content\/uploads\/2024\/01\/logo-2.png","width":164,"height":62,"caption":"Grafiti LLC"},"image":{"@id":"https:\/\/grafiti.com\/#\/schema\/logo\/image\/"}}]}},"_links":{"self":[{"href":"https:\/\/grafiti.com\/de\/wp-json\/wp\/v2\/pages\/11813","targetHints":{"allow":["GET"]}}],"collection":[{"href":"https:\/\/grafiti.com\/de\/wp-json\/wp\/v2\/pages"}],"about":[{"href":"https:\/\/grafiti.com\/de\/wp-json\/wp\/v2\/types\/page"}],"author":[{"embeddable":true,"href":"https:\/\/grafiti.com\/de\/wp-json\/wp\/v2\/users\/1773"}],"replies":[{"embeddable":true,"href":"https:\/\/grafiti.com\/de\/wp-json\/wp\/v2\/comments?post=11813"}],"version-history":[{"count":0,"href":"https:\/\/grafiti.com\/de\/wp-json\/wp\/v2\/pages\/11813\/revisions"}],"up":[{"embeddable":true,"href":"https:\/\/grafiti.com\/de\/wp-json\/wp\/v2\/pages\/11726"}],"wp:attachment":[{"href":"https:\/\/grafiti.com\/de\/wp-json\/wp\/v2\/media?parent=11813"}],"curies":[{"name":"wp","href":"https:\/\/api.w.org\/{rel}","templated":true}]}}