{"id":11831,"date":"2023-07-20T09:28:12","date_gmt":"2023-07-20T09:28:12","guid":{"rendered":"https:\/\/grafiti.com\/sigmaplot-details\/grafik-schaufenster\/"},"modified":"2024-01-13T07:10:48","modified_gmt":"2024-01-13T07:10:48","slug":"grafik-schaufenster","status":"publish","type":"page","link":"https:\/\/grafiti.com\/de\/sigmaplot-details\/grafik-schaufenster\/","title":{"rendered":"Grafik-Schaufenster"},"content":{"rendered":"\t\t<div data-elementor-type=\"wp-page\" data-elementor-id=\"11831\" class=\"elementor elementor-11831 elementor-665\" data-elementor-post-type=\"page\">\n\t\t\t\t\t\t<section class=\"elementor-section elementor-top-section elementor-element elementor-element-aa70ea3 elementor-section-boxed elementor-section-height-default elementor-section-height-default\" data-id=\"aa70ea3\" data-element_type=\"section\" data-e-type=\"section\" data-settings=\"{&quot;background_background&quot;:&quot;classic&quot;}\">\n\t\t\t\t\t\t\t<div class=\"elementor-background-overlay\"><\/div>\n\t\t\t\t\t\t\t<div class=\"elementor-container elementor-column-gap-default\">\n\t\t\t\t\t<div class=\"elementor-column elementor-col-100 elementor-top-column elementor-element elementor-element-38c1d9b\" data-id=\"38c1d9b\" data-element_type=\"column\" data-e-type=\"column\">\n\t\t\t<div class=\"elementor-widget-wrap elementor-element-populated\">\n\t\t\t\t\t\t<div class=\"elementor-element elementor-element-68b563f elementor-widget elementor-widget-heading\" data-id=\"68b563f\" data-element_type=\"widget\" data-e-type=\"widget\" data-widget_type=\"heading.default\">\n\t\t\t\t<div class=\"elementor-widget-container\">\n\t\t\t\t\t<h2 class=\"elementor-heading-title elementor-size-default\">SigmaPlot\nGrafisches Schaufenster\n<\/h2>\t\t\t\t<\/div>\n\t\t\t\t<\/div>\n\t\t\t\t\t<\/div>\n\t\t<\/div>\n\t\t\t\t\t<\/div>\n\t\t<\/section>\n\t\t\t\t<section class=\"elementor-section elementor-top-section elementor-element elementor-element-cc7185b elementor-section-boxed elementor-section-height-default elementor-section-height-default\" data-id=\"cc7185b\" data-element_type=\"section\" data-e-type=\"section\">\n\t\t\t\t\t\t<div class=\"elementor-container elementor-column-gap-default\">\n\t\t\t\t\t<div class=\"elementor-column elementor-col-100 elementor-top-column elementor-element elementor-element-ce56634\" data-id=\"ce56634\" data-element_type=\"column\" data-e-type=\"column\">\n\t\t\t<div class=\"elementor-widget-wrap elementor-element-populated\">\n\t\t\t\t\t\t<div class=\"elementor-element elementor-element-2e8118b elementor-widget elementor-widget-heading\" data-id=\"2e8118b\" data-element_type=\"widget\" data-e-type=\"widget\" data-widget_type=\"heading.default\">\n\t\t\t\t<div class=\"elementor-widget-container\">\n\t\t\t\t\t<h2 class=\"elementor-heading-title elementor-size-default\">SigmaPlot\nGrafisches Schaufenster\n<\/h2>\t\t\t\t<\/div>\n\t\t\t\t<\/div>\n\t\t\t\t<div class=\"elementor-element elementor-element-9befa33 elementor-widget elementor-widget-heading\" data-id=\"9befa33\" data-element_type=\"widget\" data-e-type=\"widget\" data-widget_type=\"heading.default\">\n\t\t\t\t<div class=\"elementor-widget-container\">\n\t\t\t\t\t<h2 class=\"elementor-heading-title elementor-size-default\">SigmaPlot unterst\u00fctzt eine Vielzahl von Diagrammen und Plots. Nachfolgend finden Sie eine Galerie von Grafiken unserer Kunden\n<\/h2>\t\t\t\t<\/div>\n\t\t\t\t<\/div>\n\t\t\t\t<div class=\"elementor-element elementor-element-a963b94 elementor-widget elementor-widget-image\" data-id=\"a963b94\" data-element_type=\"widget\" data-e-type=\"widget\" data-widget_type=\"image.default\">\n\t\t\t\t<div class=\"elementor-widget-container\">\n\t\t\t\t\t\t\t\t\t\t\t\t\t\t\t<img fetchpriority=\"high\" decoding=\"async\" width=\"480\" height=\"383\" src=\"https:\/\/grafiti.com\/wp-content\/uploads\/2023\/07\/gijsman_2.gif\" class=\"attachment-large size-large wp-image-6586\" alt=\"\" \/>\t\t\t\t\t\t\t\t\t\t\t\t\t\t\t<\/div>\n\t\t\t\t<\/div>\n\t\t\t\t<div class=\"elementor-element elementor-element-7afa23a elementor-widget elementor-widget-text-editor\" data-id=\"7afa23a\" data-element_type=\"widget\" data-e-type=\"widget\" data-widget_type=\"text-editor.default\">\n\t\t\t\t<div class=\"elementor-widget-container\">\n\t\t\t\t\t\t\t\t\t<p>Konzentration von mineralischem Stickstoff in der 0-15 cm und 15-30 cm dicken Bodenschicht nach Ausbringung verschiedener Arten und Mengen von R\u00fcckst\u00e4nden. Symbole zeigen gemessene Werte und Linien zeigen Werte, die mit zwei verschiedenen Modellen simuliert wurden.<\/p>\n<p>Arjan Gijsman<br \/>Centro Internacional de Agricultura Tropical (CIAT),<br \/>Cali, Kolumbien<\/p>\n<p>gijsman_1<\/p>\n<p>Simulierte und beobachtete Biomasse (kg\/ha) der Grasnarbe bei einer sechs- bzw. neunw\u00f6chigen Mahd (durchgezogene bzw. gestrichelte Linie) und gemessene Biomasse (Symbole). Die Balken geben den t\u00e4glichen Niederschlag (mm\/d) an.<\/p>\n<p>Arjan Gijsman<br \/>Centro Internacional de Agricultura Tropical (CIAT),<br \/>Cali, Kolumbien<\/p>\n<p>kolaj<\/p>\n<p>Gepoolte Daten (A) von 3 akut dissoziierten MnPO-Neuronen, die mit GTP-g-S beladen wurden, zeigen den Kalziumstrom (Spitzenkomponente), aufgetragen als Prozentsatz der Kontrolle (Durchschnitt der ersten drei Antworten) gegen die Zeit. NE evoziert eine irreversible Hemmung des Kalziumstroms. Inset in B zeigt den NE-sensitiven Kalzium-Nettostrom. Die zweite NE-Anwendung f\u00fchrte zu einem deutlich geringeren Effekt (C). (D) Zeitverlauf der Kalziumstromamplituden vor und w\u00e4hrend der Behandlung mit N-Ethylmaleimid (NEM, 50\u00b5M). Einzelne Spuren dieses Neurons sind in E dargestellt, wobei die Einsch\u00fcbe die NE-sensitiven Netto-Str\u00f6me zeigen. (F) Gepoolte Daten von 6 Neuronen zeigen eine signifikante Abschw\u00e4chung der durch NE (30\u00b5M) induzierten Hemmung der Spitzen-Calciumstr\u00f6me, die durch NEM verursacht wird.<\/p>\n<p>Miloslav Kolaj, Ph.D.<br \/>Neurowissenschaften,<br \/>Loeb Research Institute,<br \/>725 Parkdale Avenue,<br \/>Ottawa, On, K1Y 4E9<br \/>KANADA<\/p>\n<p>Die vertikale Verteilung der mesopelagischen Hydromedusa Colobonema sericeum aus Videobeobachtungen mit dem ROV Ventana, 1990-1999. \u00a9 MBARI 2001<\/p>\n<p>Kevin A. Raskoff, Ph.D.<\/p>\n<p>Monterey Bay Aquarium Forschungsinstitut<\/p>\n<p>rowney<\/p>\n<p>David L. Rowney, Statistiker<br \/>U. C. Berkeley, Zentrum f\u00fcr biologische Kontrolle, Insektenbiologie<br \/>219 Wellman Hall #3112, Berkeley, CA 94720-3112<\/p>\n<p>Reiz-Wirkungs-Beziehung, die vor jeder pharmakologischen Studie festgelegt wurde. Zwei Reiz-Reaktions-Studien (jeweils auf 25, 50, 75 und 100 Gramm Uterine Cervical Distension [UCD] ) wurden gemittelt, um die individuelle &gt; 75 % maximale Zug-EMG-Reaktion zu bestimmen. A stellt den Ausdruck einer typischen EMG-Spur einer Reiz-Reaktions-Studie dar, B das Diagramm und die Analyse aller 112 Studien (zwei Reiz-Reaktions-Studien f\u00fcr jedes einzelne Tier). Hinweis: Auf der y-Achse ist das Rohmaterial, nicht das ? Die EMG-Aktivit\u00e4t wird dargestellt. Die Ergebnisse werden als Median \u00b1 25. und 75. Perzentil angegeben.<\/p>\n<p>Andreas Sandner-Kiesling, MD<br \/>Abteilung f\u00fcr An\u00e4sthesiologie,<br \/>Wake Forest University School of Medicine,<br \/>Medical Center Blvd, Winston-Salem, NC 27157<\/p>\n<p>A zeigt den Ausdruck einer typischen EMG-Spur einer kumulativen Dosis-Wirkungs-Studie. B: Nach zwei Basis-UCDs (B1 und B2, gemittelt f\u00fcr sp\u00e4tere Analysen und Datenpr\u00e4sentation) wurde Kochsalzl\u00f6sung in 5-min\u00fctigen Intervallen kumulativ verabreicht (Zahlen in ml). Nach der letzten Dosis wurde Naloxon (NLX), 1 mg\/kg, intraven\u00f6s verabreicht. Die Ergebnisse werden als Liniendiagramme dargestellt, die jede einzelne Ratte (d\u00fcnne Linien) und den Median (fette Linie) zeigen.<\/p>\n<p>Andreas Sandner-Kiesling, MD<br \/>Abteilung f\u00fcr An\u00e4sthesiologie,<br \/>Wake Forest University School of Medicine,<br \/>Medical Center Blvd, Winston-Salem, NC 27157<\/p>\n\t\t\t\t\t\t\t\t<\/div>\n\t\t\t\t<\/div>\n\t\t\t\t\t<\/div>\n\t\t<\/div>\n\t\t\t\t\t<\/div>\n\t\t<\/section>\n\t\t\t\t<\/div>\n\t\t","protected":false},"excerpt":{"rendered":"<p>SigmaPlot Grafisches Schaufenster SigmaPlot Grafisches Schaufenster SigmaPlot unterst\u00fctzt eine Vielzahl von Diagrammen und Plots. Nachfolgend finden Sie eine Galerie von Grafiken unserer Kunden Konzentration von mineralischem Stickstoff in der 0-15 cm und 15-30 cm dicken Bodenschicht nach Ausbringung verschiedener Arten und Mengen von R\u00fcckst\u00e4nden. Symbole zeigen gemessene Werte und Linien zeigen Werte, die mit zwei [&hellip;]<\/p>\n","protected":false},"author":1773,"featured_media":0,"parent":11726,"menu_order":0,"comment_status":"closed","ping_status":"closed","template":"","meta":{"site-sidebar-layout":"no-sidebar","site-content-layout":"page-builder","ast-site-content-layout":"full-width-container","site-content-style":"unboxed","site-sidebar-style":"unboxed","ast-global-header-display":"","ast-banner-title-visibility":"","ast-main-header-display":"","ast-hfb-above-header-display":"","ast-hfb-below-header-display":"","ast-hfb-mobile-header-display":"","site-post-title":"disabled","ast-breadcrumbs-content":"","ast-featured-img":"disabled","footer-sml-layout":"","ast-disable-related-posts":"","theme-transparent-header-meta":"","adv-header-id-meta":"","stick-header-meta":"","header-above-stick-meta":"","header-main-stick-meta":"","header-below-stick-meta":"","astra-migrate-meta-layouts":"default","ast-page-background-enabled":"default","ast-page-background-meta":{"desktop":{"background-color":"var(--ast-global-color-4)","background-image":"","background-repeat":"repeat","background-position":"center center","background-size":"auto","background-attachment":"scroll","background-type":"","background-media":"","overlay-type":"","overlay-color":"","overlay-opacity":"","overlay-gradient":""},"tablet":{"background-color":"","background-image":"","background-repeat":"repeat","background-position":"center center","background-size":"auto","background-attachment":"scroll","background-type":"","background-media":"","overlay-type":"","overlay-color":"","overlay-opacity":"","overlay-gradient":""},"mobile":{"background-color":"","background-image":"","background-repeat":"repeat","background-position":"center center","background-size":"auto","background-attachment":"scroll","background-type":"","background-media":"","overlay-type":"","overlay-color":"","overlay-opacity":"","overlay-gradient":""}},"ast-content-background-meta":{"desktop":{"background-color":"var(--ast-global-color-5)","background-image":"","background-repeat":"repeat","background-position":"center center","background-size":"auto","background-attachment":"scroll","background-type":"","background-media":"","overlay-type":"","overlay-color":"","overlay-opacity":"","overlay-gradient":""},"tablet":{"background-color":"var(--ast-global-color-5)","background-image":"","background-repeat":"repeat","background-position":"center center","background-size":"auto","background-attachment":"scroll","background-type":"","background-media":"","overlay-type":"","overlay-color":"","overlay-opacity":"","overlay-gradient":""},"mobile":{"background-color":"var(--ast-global-color-5)","background-image":"","background-repeat":"repeat","background-position":"center center","background-size":"auto","background-attachment":"scroll","background-type":"","background-media":"","overlay-type":"","overlay-color":"","overlay-opacity":"","overlay-gradient":""}},"footnotes":""},"class_list":["post-11831","page","type-page","status-publish","hentry"],"yoast_head":"<!-- This site is optimized with the Yoast SEO plugin v27.4 - https:\/\/yoast.com\/product\/yoast-seo-wordpress\/ -->\n<title>Grafik-Schaufenster - Grafiti LLC<\/title>\n<meta name=\"robots\" content=\"index, follow, max-snippet:-1, max-image-preview:large, max-video-preview:-1\" \/>\n<link rel=\"canonical\" href=\"https:\/\/grafiti.com\/de\/sigmaplot-details\/grafik-schaufenster\/\" \/>\n<meta property=\"og:locale\" content=\"de_DE\" \/>\n<meta property=\"og:type\" content=\"article\" \/>\n<meta property=\"og:title\" content=\"Grafik-Schaufenster - Grafiti LLC\" \/>\n<meta property=\"og:description\" content=\"SigmaPlot Grafisches Schaufenster SigmaPlot Grafisches Schaufenster SigmaPlot unterst\u00fctzt eine Vielzahl von Diagrammen und Plots. Nachfolgend finden Sie eine Galerie von Grafiken unserer Kunden Konzentration von mineralischem Stickstoff in der 0-15 cm und 15-30 cm dicken Bodenschicht nach Ausbringung verschiedener Arten und Mengen von R\u00fcckst\u00e4nden. Symbole zeigen gemessene Werte und Linien zeigen Werte, die mit zwei [&hellip;]\" \/>\n<meta property=\"og:url\" content=\"https:\/\/grafiti.com\/de\/sigmaplot-details\/grafik-schaufenster\/\" \/>\n<meta property=\"og:site_name\" content=\"Grafiti LLC\" \/>\n<meta property=\"article:modified_time\" content=\"2024-01-13T07:10:48+00:00\" \/>\n<meta property=\"og:image\" content=\"https:\/\/grafiti.com\/wp-content\/uploads\/2023\/07\/gijsman_2.gif\" \/>\n<meta name=\"twitter:card\" content=\"summary_large_image\" \/>\n<meta name=\"twitter:label1\" content=\"Gesch\u00e4tzte Lesezeit\" \/>\n\t<meta name=\"twitter:data1\" content=\"2 Minuten\" \/>\n<script type=\"application\/ld+json\" class=\"yoast-schema-graph\">{\"@context\":\"https:\\\/\\\/schema.org\",\"@graph\":[{\"@type\":\"WebPage\",\"@id\":\"https:\\\/\\\/grafiti.com\\\/de\\\/sigmaplot-details\\\/grafik-schaufenster\\\/\",\"url\":\"https:\\\/\\\/grafiti.com\\\/de\\\/sigmaplot-details\\\/grafik-schaufenster\\\/\",\"name\":\"Grafik-Schaufenster - Grafiti LLC\",\"isPartOf\":{\"@id\":\"https:\\\/\\\/grafiti.com\\\/#website\"},\"primaryImageOfPage\":{\"@id\":\"https:\\\/\\\/grafiti.com\\\/de\\\/sigmaplot-details\\\/grafik-schaufenster\\\/#primaryimage\"},\"image\":{\"@id\":\"https:\\\/\\\/grafiti.com\\\/de\\\/sigmaplot-details\\\/grafik-schaufenster\\\/#primaryimage\"},\"thumbnailUrl\":\"https:\\\/\\\/grafiti.com\\\/wp-content\\\/uploads\\\/2023\\\/07\\\/gijsman_2.gif\",\"datePublished\":\"2023-07-20T09:28:12+00:00\",\"dateModified\":\"2024-01-13T07:10:48+00:00\",\"breadcrumb\":{\"@id\":\"https:\\\/\\\/grafiti.com\\\/de\\\/sigmaplot-details\\\/grafik-schaufenster\\\/#breadcrumb\"},\"inLanguage\":\"de-DE\",\"potentialAction\":[{\"@type\":\"ReadAction\",\"target\":[\"https:\\\/\\\/grafiti.com\\\/de\\\/sigmaplot-details\\\/grafik-schaufenster\\\/\"]}]},{\"@type\":\"ImageObject\",\"inLanguage\":\"de-DE\",\"@id\":\"https:\\\/\\\/grafiti.com\\\/de\\\/sigmaplot-details\\\/grafik-schaufenster\\\/#primaryimage\",\"url\":\"https:\\\/\\\/grafiti.com\\\/wp-content\\\/uploads\\\/2023\\\/07\\\/gijsman_2.gif\",\"contentUrl\":\"https:\\\/\\\/grafiti.com\\\/wp-content\\\/uploads\\\/2023\\\/07\\\/gijsman_2.gif\"},{\"@type\":\"BreadcrumbList\",\"@id\":\"https:\\\/\\\/grafiti.com\\\/de\\\/sigmaplot-details\\\/grafik-schaufenster\\\/#breadcrumb\",\"itemListElement\":[{\"@type\":\"ListItem\",\"position\":1,\"name\":\"Home\",\"item\":\"https:\\\/\\\/grafiti.com\\\/\"},{\"@type\":\"ListItem\",\"position\":2,\"name\":\"SigmaPlot Details\",\"item\":\"https:\\\/\\\/grafiti.com\\\/de\\\/sigmaplot-details\\\/\"},{\"@type\":\"ListItem\",\"position\":3,\"name\":\"Grafik-Schaufenster\"}]},{\"@type\":\"WebSite\",\"@id\":\"https:\\\/\\\/grafiti.com\\\/#website\",\"url\":\"https:\\\/\\\/grafiti.com\\\/\",\"name\":\"Grafiti LLC\",\"description\":\"Grafiti LLC\",\"publisher\":{\"@id\":\"https:\\\/\\\/grafiti.com\\\/#organization\"},\"potentialAction\":[{\"@type\":\"SearchAction\",\"target\":{\"@type\":\"EntryPoint\",\"urlTemplate\":\"https:\\\/\\\/grafiti.com\\\/?s={search_term_string}\"},\"query-input\":{\"@type\":\"PropertyValueSpecification\",\"valueRequired\":true,\"valueName\":\"search_term_string\"}}],\"inLanguage\":\"de-DE\"},{\"@type\":\"Organization\",\"@id\":\"https:\\\/\\\/grafiti.com\\\/#organization\",\"name\":\"Grafiti LLC\",\"url\":\"https:\\\/\\\/grafiti.com\\\/\",\"logo\":{\"@type\":\"ImageObject\",\"inLanguage\":\"de-DE\",\"@id\":\"https:\\\/\\\/grafiti.com\\\/#\\\/schema\\\/logo\\\/image\\\/\",\"url\":\"https:\\\/\\\/grafiti.com\\\/wp-content\\\/uploads\\\/2024\\\/01\\\/logo-2.png\",\"contentUrl\":\"https:\\\/\\\/grafiti.com\\\/wp-content\\\/uploads\\\/2024\\\/01\\\/logo-2.png\",\"width\":164,\"height\":62,\"caption\":\"Grafiti LLC\"},\"image\":{\"@id\":\"https:\\\/\\\/grafiti.com\\\/#\\\/schema\\\/logo\\\/image\\\/\"}}]}<\/script>\n<!-- \/ Yoast SEO plugin. -->","yoast_head_json":{"title":"Grafik-Schaufenster - Grafiti LLC","robots":{"index":"index","follow":"follow","max-snippet":"max-snippet:-1","max-image-preview":"max-image-preview:large","max-video-preview":"max-video-preview:-1"},"canonical":"https:\/\/grafiti.com\/de\/sigmaplot-details\/grafik-schaufenster\/","og_locale":"de_DE","og_type":"article","og_title":"Grafik-Schaufenster - Grafiti LLC","og_description":"SigmaPlot Grafisches Schaufenster SigmaPlot Grafisches Schaufenster SigmaPlot unterst\u00fctzt eine Vielzahl von Diagrammen und Plots. Nachfolgend finden Sie eine Galerie von Grafiken unserer Kunden Konzentration von mineralischem Stickstoff in der 0-15 cm und 15-30 cm dicken Bodenschicht nach Ausbringung verschiedener Arten und Mengen von R\u00fcckst\u00e4nden. Symbole zeigen gemessene Werte und Linien zeigen Werte, die mit zwei [&hellip;]","og_url":"https:\/\/grafiti.com\/de\/sigmaplot-details\/grafik-schaufenster\/","og_site_name":"Grafiti LLC","article_modified_time":"2024-01-13T07:10:48+00:00","og_image":[{"url":"https:\/\/grafiti.com\/wp-content\/uploads\/2023\/07\/gijsman_2.gif","type":"","width":"","height":""}],"twitter_card":"summary_large_image","twitter_misc":{"Gesch\u00e4tzte Lesezeit":"2 Minuten"},"schema":{"@context":"https:\/\/schema.org","@graph":[{"@type":"WebPage","@id":"https:\/\/grafiti.com\/de\/sigmaplot-details\/grafik-schaufenster\/","url":"https:\/\/grafiti.com\/de\/sigmaplot-details\/grafik-schaufenster\/","name":"Grafik-Schaufenster - Grafiti LLC","isPartOf":{"@id":"https:\/\/grafiti.com\/#website"},"primaryImageOfPage":{"@id":"https:\/\/grafiti.com\/de\/sigmaplot-details\/grafik-schaufenster\/#primaryimage"},"image":{"@id":"https:\/\/grafiti.com\/de\/sigmaplot-details\/grafik-schaufenster\/#primaryimage"},"thumbnailUrl":"https:\/\/grafiti.com\/wp-content\/uploads\/2023\/07\/gijsman_2.gif","datePublished":"2023-07-20T09:28:12+00:00","dateModified":"2024-01-13T07:10:48+00:00","breadcrumb":{"@id":"https:\/\/grafiti.com\/de\/sigmaplot-details\/grafik-schaufenster\/#breadcrumb"},"inLanguage":"de-DE","potentialAction":[{"@type":"ReadAction","target":["https:\/\/grafiti.com\/de\/sigmaplot-details\/grafik-schaufenster\/"]}]},{"@type":"ImageObject","inLanguage":"de-DE","@id":"https:\/\/grafiti.com\/de\/sigmaplot-details\/grafik-schaufenster\/#primaryimage","url":"https:\/\/grafiti.com\/wp-content\/uploads\/2023\/07\/gijsman_2.gif","contentUrl":"https:\/\/grafiti.com\/wp-content\/uploads\/2023\/07\/gijsman_2.gif"},{"@type":"BreadcrumbList","@id":"https:\/\/grafiti.com\/de\/sigmaplot-details\/grafik-schaufenster\/#breadcrumb","itemListElement":[{"@type":"ListItem","position":1,"name":"Home","item":"https:\/\/grafiti.com\/"},{"@type":"ListItem","position":2,"name":"SigmaPlot Details","item":"https:\/\/grafiti.com\/de\/sigmaplot-details\/"},{"@type":"ListItem","position":3,"name":"Grafik-Schaufenster"}]},{"@type":"WebSite","@id":"https:\/\/grafiti.com\/#website","url":"https:\/\/grafiti.com\/","name":"Grafiti LLC","description":"Grafiti LLC","publisher":{"@id":"https:\/\/grafiti.com\/#organization"},"potentialAction":[{"@type":"SearchAction","target":{"@type":"EntryPoint","urlTemplate":"https:\/\/grafiti.com\/?s={search_term_string}"},"query-input":{"@type":"PropertyValueSpecification","valueRequired":true,"valueName":"search_term_string"}}],"inLanguage":"de-DE"},{"@type":"Organization","@id":"https:\/\/grafiti.com\/#organization","name":"Grafiti LLC","url":"https:\/\/grafiti.com\/","logo":{"@type":"ImageObject","inLanguage":"de-DE","@id":"https:\/\/grafiti.com\/#\/schema\/logo\/image\/","url":"https:\/\/grafiti.com\/wp-content\/uploads\/2024\/01\/logo-2.png","contentUrl":"https:\/\/grafiti.com\/wp-content\/uploads\/2024\/01\/logo-2.png","width":164,"height":62,"caption":"Grafiti LLC"},"image":{"@id":"https:\/\/grafiti.com\/#\/schema\/logo\/image\/"}}]}},"_links":{"self":[{"href":"https:\/\/grafiti.com\/de\/wp-json\/wp\/v2\/pages\/11831","targetHints":{"allow":["GET"]}}],"collection":[{"href":"https:\/\/grafiti.com\/de\/wp-json\/wp\/v2\/pages"}],"about":[{"href":"https:\/\/grafiti.com\/de\/wp-json\/wp\/v2\/types\/page"}],"author":[{"embeddable":true,"href":"https:\/\/grafiti.com\/de\/wp-json\/wp\/v2\/users\/1773"}],"replies":[{"embeddable":true,"href":"https:\/\/grafiti.com\/de\/wp-json\/wp\/v2\/comments?post=11831"}],"version-history":[{"count":0,"href":"https:\/\/grafiti.com\/de\/wp-json\/wp\/v2\/pages\/11831\/revisions"}],"up":[{"embeddable":true,"href":"https:\/\/grafiti.com\/de\/wp-json\/wp\/v2\/pages\/11726"}],"wp:attachment":[{"href":"https:\/\/grafiti.com\/de\/wp-json\/wp\/v2\/media?parent=11831"}],"curies":[{"name":"wp","href":"https:\/\/api.w.org\/{rel}","templated":true}]}}