{"id":11836,"date":"2023-07-20T09:54:51","date_gmt":"2023-07-20T09:54:51","guid":{"rendered":"https:\/\/grafiti.com\/sigmaplot-details\/abschnitt-508\/"},"modified":"2024-01-13T07:10:52","modified_gmt":"2024-01-13T07:10:52","slug":"abschnitt-508","status":"publish","type":"page","link":"https:\/\/grafiti.com\/de\/sigmaplot-details\/abschnitt-508\/","title":{"rendered":"Abschnitt 508"},"content":{"rendered":"\t\t<div data-elementor-type=\"wp-page\" data-elementor-id=\"11836\" class=\"elementor elementor-11836 elementor-670\" data-elementor-post-type=\"page\">\n\t\t\t\t\t\t<section class=\"elementor-section elementor-top-section elementor-element elementor-element-465022c elementor-section-boxed elementor-section-height-default elementor-section-height-default\" data-id=\"465022c\" data-element_type=\"section\" data-e-type=\"section\" data-settings=\"{&quot;background_background&quot;:&quot;classic&quot;}\">\n\t\t\t\t\t\t\t<div class=\"elementor-background-overlay\"><\/div>\n\t\t\t\t\t\t\t<div class=\"elementor-container elementor-column-gap-default\">\n\t\t\t\t\t<div class=\"elementor-column elementor-col-100 elementor-top-column elementor-element elementor-element-31c9344\" data-id=\"31c9344\" data-element_type=\"column\" data-e-type=\"column\">\n\t\t\t<div class=\"elementor-widget-wrap elementor-element-populated\">\n\t\t\t\t\t\t<div class=\"elementor-element elementor-element-ba45eb9 elementor-widget elementor-widget-heading\" data-id=\"ba45eb9\" data-element_type=\"widget\" data-e-type=\"widget\" data-widget_type=\"heading.default\">\n\t\t\t\t<div class=\"elementor-widget-container\">\n\t\t\t\t\t<h2 class=\"elementor-heading-title elementor-size-default\">SigmaPlot\nEinhaltung von Abschnitt 508<\/h2>\t\t\t\t<\/div>\n\t\t\t\t<\/div>\n\t\t\t\t\t<\/div>\n\t\t<\/div>\n\t\t\t\t\t<\/div>\n\t\t<\/section>\n\t\t\t\t<section class=\"elementor-section elementor-top-section elementor-element elementor-element-1763d3b elementor-section-boxed elementor-section-height-default elementor-section-height-default\" data-id=\"1763d3b\" data-element_type=\"section\" data-e-type=\"section\">\n\t\t\t\t\t\t<div class=\"elementor-container elementor-column-gap-default\">\n\t\t\t\t\t<div class=\"elementor-column elementor-col-100 elementor-top-column elementor-element elementor-element-fbf47b7\" data-id=\"fbf47b7\" data-element_type=\"column\" data-e-type=\"column\">\n\t\t\t<div class=\"elementor-widget-wrap elementor-element-populated\">\n\t\t\t\t\t\t<div class=\"elementor-element elementor-element-fe4620c elementor-widget elementor-widget-heading\" data-id=\"fe4620c\" data-element_type=\"widget\" data-e-type=\"widget\" data-widget_type=\"heading.default\">\n\t\t\t\t<div class=\"elementor-widget-container\">\n\t\t\t\t\t<h2 class=\"elementor-heading-title elementor-size-default\">SigmaPlot\nEinhaltung von Abschnitt 508<\/h2>\t\t\t\t<\/div>\n\t\t\t\t<\/div>\n\t\t\t\t<div class=\"elementor-element elementor-element-50f4937 elementor-widget elementor-widget-heading\" data-id=\"50f4937\" data-element_type=\"widget\" data-e-type=\"widget\" data-widget_type=\"heading.default\">\n\t\t\t\t<div class=\"elementor-widget-container\">\n\t\t\t\t\t<h2 class=\"elementor-heading-title elementor-size-default\">Einhaltung von Abschnitt 508\n<\/h2>\t\t\t\t<\/div>\n\t\t\t\t<\/div>\n\t\t\t\t<div class=\"elementor-element elementor-element-06352ca elementor-widget elementor-widget-heading\" data-id=\"06352ca\" data-element_type=\"widget\" data-e-type=\"widget\" data-widget_type=\"heading.default\">\n\t\t\t\t<div class=\"elementor-widget-container\">\n\t\t\t\t\t<h6 class=\"elementor-heading-title elementor-size-default\">SigmaPlot VPAT Abschnitt 508 PDF<\/h6>\t\t\t\t<\/div>\n\t\t\t\t<\/div>\n\t\t\t\t<div class=\"elementor-element elementor-element-056aab6 elementor-widget elementor-widget-text-editor\" data-id=\"056aab6\" data-element_type=\"widget\" data-e-type=\"widget\" data-widget_type=\"text-editor.default\">\n\t\t\t\t<div class=\"elementor-widget-container\">\n\t\t\t\t\t\t\t\t\t<p align=\"justify\">Sowohl SigmaPlot als auch SigmaStat wurden unter Ber\u00fccksichtigung der Section 508 Standards entwickelt und getestet. Wir sind bestrebt, Produkte zu entwickeln, die f\u00fcr eine m\u00f6glichst gro\u00dfe Zahl von Nutzern zug\u00e4nglich sind, und unsere Produkte mit g\u00e4ngigen Hilfsmitteln kompatibel zu machen. Sowohl SigmaPlot als auch SigmaStat wurden auf ihre Konformit\u00e4t mit Section 508 gepr\u00fcft und f\u00fcr weitgehend konform befunden. Grafiti LLC setzt sich aktiv f\u00fcr die Verbesserung aller Aspekte der Einhaltung von Section 508 ein.<\/p>\n<p>SigmaPlot und SigmaStat wurden anhand der folgenden Section 508 Richtlinien evaluiert:<\/p>\n<p class=\"heading\">(1194.21)<\/p>\n<ol>\n<li>Wenn Software f\u00fcr die Ausf\u00fchrung auf einem System mit einer Tastatur konzipiert ist, m\u00fcssen die Produktfunktionen von einer Tastatur aus ausf\u00fchrbar sein, wobei die Funktion selbst oder das Ergebnis der Ausf\u00fchrung einer Funktion als Text erkennbar sein muss.<\/li>\n<li>Anwendungen d\u00fcrfen aktivierte Funktionen anderer Produkte, die als Zug\u00e4nglichkeitsfunktionen gekennzeichnet sind, nicht st\u00f6ren oder deaktivieren, wenn diese Funktionen gem\u00e4\u00df Industriestandards entwickelt und dokumentiert wurden. Anwendungen d\u00fcrfen auch keine aktivierten Funktionen eines Betriebssystems st\u00f6ren oder deaktivieren, die als Zug\u00e4nglichkeitsfunktionen gekennzeichnet sind, wenn die Anwendungsprogrammierschnittstelle f\u00fcr diese Zug\u00e4nglichkeitsfunktionen vom Hersteller des Betriebssystems dokumentiert wurde und dem Produktentwickler zur Verf\u00fcgung steht.<\/li>\n<li>Es muss eine klar definierte Anzeige des aktuellen Fokus auf dem Bildschirm vorhanden sein, die sich zwischen interaktiven Schnittstellenelementen bewegt, wenn sich der Eingabefokus \u00e4ndert. Die Sch\u00e4rfe muss programmatisch sichtbar gemacht werden, so dass Hilfsmittel die Sch\u00e4rfe und Sch\u00e4rfe\u00e4nderungen verfolgen k\u00f6nnen.<\/li>\n<li>Ausreichende Informationen \u00fcber ein Element der Benutzerschnittstelle, einschlie\u00dflich der Identit\u00e4t, der Funktionsweise und des Zustands des Elements, m\u00fcssen f\u00fcr unterst\u00fctzende Technologien verf\u00fcgbar sein. Wenn ein Bild ein Programmelement darstellt, muss die durch das Bild vermittelte Information auch als Text verf\u00fcgbar sein.<\/li>\n<li>Wenn Bitmap-Bilder zur Kennzeichnung von Steuerelementen, Statusanzeigen oder anderen programmatischen Elementen verwendet werden, muss die diesen Bildern zugewiesene Bedeutung w\u00e4hrend der gesamten Leistung einer Anwendung konsistent sein.<\/li>\n<li>Textinformationen werden \u00fcber die Funktionen des Betriebssystems zur Anzeige von Text bereitgestellt. Die Mindestinformationen, die zur Verf\u00fcgung gestellt werden m\u00fcssen, sind der Textinhalt, die Position der Texteingabecursor und die Textattribute.<\/li>\n<li>Anwendungen d\u00fcrfen die vom Benutzer gew\u00e4hlten Kontrast- und Farbeinstellungen und andere individuelle Anzeigeattribute nicht au\u00dfer Kraft setzen.<\/li>\n<li>Wenn eine Animation angezeigt wird, m\u00fcssen die Informationen nach Wahl des Nutzers in mindestens einem nicht animierten Darstellungsmodus angezeigt werden k\u00f6nnen.<\/li>\n<li>Die Farbcodierung darf nicht als einziges Mittel zur \u00dcbermittlung von Informationen, zur Angabe einer Aktion, zur Aufforderung zu einer Reaktion oder zur Unterscheidung eines visuellen Elements verwendet werden.<\/li>\n<li>Wenn ein Produkt dem Benutzer die M\u00f6glichkeit bietet, Farbe und Kontrast einzustellen, muss eine Vielzahl von Farben zur Auswahl stehen, die eine Reihe von Kontraststufen erzeugen.<\/li>\n<li>Die Software darf keine blinkenden oder blinkenden Texte, Objekte oder andere Elemente mit einer Blinkfrequenz von mehr als 2 Hz und weniger als 55 Hz verwenden.<\/li>\n<li>Wenn elektronische Formulare verwendet werden, muss das Formular Personen, die Hilfsmittel verwenden, den Zugang zu den Informationen, Feldelementen und Funktionen erm\u00f6glichen, die f\u00fcr das Ausf\u00fcllen und Einreichen des Formulars erforderlich sind, einschlie\u00dflich aller Anweisungen und Hinweise.<\/li>\n<\/ol>\n<p>(1194.31)<\/p>\n<ol>\n<li>Es ist mindestens eine Betriebsart und ein Informationsabruf vorzusehen, die kein Sehverm\u00f6gen des Benutzers erfordern, oder es ist eine Unterst\u00fctzung f\u00fcr Hilfsmittel vorzusehen, die von blinden oder sehbehinderten Personen verwendet werden.<\/li>\n<li>Mindestens ein Modus f\u00fcr die Bedienung und den Abruf von Informationen, der keine Sehsch\u00e4rfe von mehr als 20\/70 erfordert, wird in Audio- und vergr\u00f6\u00dferter Druckausgabe angeboten, die zusammen oder unabh\u00e4ngig voneinander funktionieren, oder es wird Unterst\u00fctzung f\u00fcr Hilfsmittel angeboten, die von sehbehinderten Menschen verwendet werden.<\/li>\n<li>Es ist mindestens eine Betriebsart und ein Informationsabruf vorzusehen, die das Geh\u00f6r des Benutzers nicht erfordern, oder es ist eine Unterst\u00fctzung f\u00fcr Hilfsmittel vorzusehen, die von geh\u00f6rlosen oder schwerh\u00f6rigen Personen verwendet werden.<\/li>\n<li>Wenn Audioinformationen f\u00fcr die Nutzung eines Produkts wichtig sind, muss mindestens eine Betriebsart und der Abruf von Informationen in einer verst\u00e4rkten akustischen Form angeboten werden, oder es muss eine Unterst\u00fctzung f\u00fcr H\u00f6rhilfen vorgesehen werden.<\/li>\n<li>Es ist mindestens ein Modus f\u00fcr die Bedienung und den Abruf von Informationen vorzusehen, bei dem die Sprache des Benutzers nicht erforderlich ist, oder es ist eine Unterst\u00fctzung f\u00fcr Hilfsmittel vorzusehen, die von Menschen mit Behinderungen verwendet werden.<\/li>\n<li>Es muss mindestens eine Bedienungs- und Abfragem\u00f6glichkeit vorhanden sein, die keine Feinmotorik oder gleichzeitige Handlungen erfordert und die mit eingeschr\u00e4nkter Reichweite und Kraft bedienbar ist.<\/li>\n<\/ol>\n<p>Die Leitlinien 1194.22, 1194.23, 1194.24, 1194.25 und 1194.26 gelten nicht f\u00fcr SigmaPlot und SigmaStat.<\/p>\n\t\t\t\t\t\t\t\t<\/div>\n\t\t\t\t<\/div>\n\t\t\t\t\t<\/div>\n\t\t<\/div>\n\t\t\t\t\t<\/div>\n\t\t<\/section>\n\t\t\t\t<\/div>\n\t\t","protected":false},"excerpt":{"rendered":"<p>SigmaPlot Einhaltung von Abschnitt 508 SigmaPlot Einhaltung von Abschnitt 508 Einhaltung von Abschnitt 508 SigmaPlot VPAT Abschnitt 508 PDF Sowohl SigmaPlot als auch SigmaStat wurden unter Ber\u00fccksichtigung der Section 508 Standards entwickelt und getestet. Wir sind bestrebt, Produkte zu entwickeln, die f\u00fcr eine m\u00f6glichst gro\u00dfe Zahl von Nutzern zug\u00e4nglich sind, und unsere Produkte mit g\u00e4ngigen [&hellip;]<\/p>\n","protected":false},"author":1773,"featured_media":0,"parent":11726,"menu_order":0,"comment_status":"closed","ping_status":"closed","template":"","meta":{"site-sidebar-layout":"no-sidebar","site-content-layout":"page-builder","ast-site-content-layout":"full-width-container","site-content-style":"unboxed","site-sidebar-style":"unboxed","ast-global-header-display":"","ast-banner-title-visibility":"","ast-main-header-display":"","ast-hfb-above-header-display":"","ast-hfb-below-header-display":"","ast-hfb-mobile-header-display":"","site-post-title":"disabled","ast-breadcrumbs-content":"","ast-featured-img":"disabled","footer-sml-layout":"","ast-disable-related-posts":"","theme-transparent-header-meta":"","adv-header-id-meta":"","stick-header-meta":"","header-above-stick-meta":"","header-main-stick-meta":"","header-below-stick-meta":"","astra-migrate-meta-layouts":"default","ast-page-background-enabled":"default","ast-page-background-meta":{"desktop":{"background-color":"var(--ast-global-color-4)","background-image":"","background-repeat":"repeat","background-position":"center center","background-size":"auto","background-attachment":"scroll","background-type":"","background-media":"","overlay-type":"","overlay-color":"","overlay-opacity":"","overlay-gradient":""},"tablet":{"background-color":"","background-image":"","background-repeat":"repeat","background-position":"center center","background-size":"auto","background-attachment":"scroll","background-type":"","background-media":"","overlay-type":"","overlay-color":"","overlay-opacity":"","overlay-gradient":""},"mobile":{"background-color":"","background-image":"","background-repeat":"repeat","background-position":"center center","background-size":"auto","background-attachment":"scroll","background-type":"","background-media":"","overlay-type":"","overlay-color":"","overlay-opacity":"","overlay-gradient":""}},"ast-content-background-meta":{"desktop":{"background-color":"var(--ast-global-color-5)","background-image":"","background-repeat":"repeat","background-position":"center center","background-size":"auto","background-attachment":"scroll","background-type":"","background-media":"","overlay-type":"","overlay-color":"","overlay-opacity":"","overlay-gradient":""},"tablet":{"background-color":"var(--ast-global-color-5)","background-image":"","background-repeat":"repeat","background-position":"center center","background-size":"auto","background-attachment":"scroll","background-type":"","background-media":"","overlay-type":"","overlay-color":"","overlay-opacity":"","overlay-gradient":""},"mobile":{"background-color":"var(--ast-global-color-5)","background-image":"","background-repeat":"repeat","background-position":"center center","background-size":"auto","background-attachment":"scroll","background-type":"","background-media":"","overlay-type":"","overlay-color":"","overlay-opacity":"","overlay-gradient":""}},"footnotes":""},"class_list":["post-11836","page","type-page","status-publish","hentry"],"yoast_head":"<!-- This site is optimized with the Yoast SEO plugin v27.5 - https:\/\/yoast.com\/product\/yoast-seo-wordpress\/ -->\n<title>Abschnitt 508 - Grafiti LLC<\/title>\n<meta name=\"robots\" content=\"index, follow, max-snippet:-1, max-image-preview:large, max-video-preview:-1\" \/>\n<link rel=\"canonical\" href=\"https:\/\/grafiti.com\/de\/sigmaplot-details\/abschnitt-508\/\" \/>\n<meta property=\"og:locale\" content=\"de_DE\" \/>\n<meta property=\"og:type\" content=\"article\" \/>\n<meta property=\"og:title\" content=\"Abschnitt 508 - Grafiti LLC\" \/>\n<meta property=\"og:description\" content=\"SigmaPlot Einhaltung von Abschnitt 508 SigmaPlot Einhaltung von Abschnitt 508 Einhaltung von Abschnitt 508 SigmaPlot VPAT Abschnitt 508 PDF Sowohl SigmaPlot als auch SigmaStat wurden unter Ber\u00fccksichtigung der Section 508 Standards entwickelt und getestet. Wir sind bestrebt, Produkte zu entwickeln, die f\u00fcr eine m\u00f6glichst gro\u00dfe Zahl von Nutzern zug\u00e4nglich sind, und unsere Produkte mit g\u00e4ngigen [&hellip;]\" \/>\n<meta property=\"og:url\" content=\"https:\/\/grafiti.com\/de\/sigmaplot-details\/abschnitt-508\/\" \/>\n<meta property=\"og:site_name\" content=\"Grafiti LLC\" \/>\n<meta property=\"article:modified_time\" content=\"2024-01-13T07:10:52+00:00\" \/>\n<meta name=\"twitter:card\" content=\"summary_large_image\" \/>\n<meta name=\"twitter:label1\" content=\"Gesch\u00e4tzte Lesezeit\" \/>\n\t<meta name=\"twitter:data1\" content=\"4 Minuten\" \/>\n<script type=\"application\/ld+json\" class=\"yoast-schema-graph\">{\"@context\":\"https:\\\/\\\/schema.org\",\"@graph\":[{\"@type\":\"WebPage\",\"@id\":\"https:\\\/\\\/grafiti.com\\\/de\\\/sigmaplot-details\\\/abschnitt-508\\\/\",\"url\":\"https:\\\/\\\/grafiti.com\\\/de\\\/sigmaplot-details\\\/abschnitt-508\\\/\",\"name\":\"Abschnitt 508 - Grafiti LLC\",\"isPartOf\":{\"@id\":\"https:\\\/\\\/grafiti.com\\\/#website\"},\"datePublished\":\"2023-07-20T09:54:51+00:00\",\"dateModified\":\"2024-01-13T07:10:52+00:00\",\"breadcrumb\":{\"@id\":\"https:\\\/\\\/grafiti.com\\\/de\\\/sigmaplot-details\\\/abschnitt-508\\\/#breadcrumb\"},\"inLanguage\":\"de-DE\",\"potentialAction\":[{\"@type\":\"ReadAction\",\"target\":[\"https:\\\/\\\/grafiti.com\\\/de\\\/sigmaplot-details\\\/abschnitt-508\\\/\"]}]},{\"@type\":\"BreadcrumbList\",\"@id\":\"https:\\\/\\\/grafiti.com\\\/de\\\/sigmaplot-details\\\/abschnitt-508\\\/#breadcrumb\",\"itemListElement\":[{\"@type\":\"ListItem\",\"position\":1,\"name\":\"Home\",\"item\":\"https:\\\/\\\/grafiti.com\\\/\"},{\"@type\":\"ListItem\",\"position\":2,\"name\":\"SigmaPlot Details\",\"item\":\"https:\\\/\\\/grafiti.com\\\/de\\\/sigmaplot-details\\\/\"},{\"@type\":\"ListItem\",\"position\":3,\"name\":\"Abschnitt 508\"}]},{\"@type\":\"WebSite\",\"@id\":\"https:\\\/\\\/grafiti.com\\\/#website\",\"url\":\"https:\\\/\\\/grafiti.com\\\/\",\"name\":\"Grafiti LLC\",\"description\":\"Grafiti LLC\",\"publisher\":{\"@id\":\"https:\\\/\\\/grafiti.com\\\/#organization\"},\"potentialAction\":[{\"@type\":\"SearchAction\",\"target\":{\"@type\":\"EntryPoint\",\"urlTemplate\":\"https:\\\/\\\/grafiti.com\\\/?s={search_term_string}\"},\"query-input\":{\"@type\":\"PropertyValueSpecification\",\"valueRequired\":true,\"valueName\":\"search_term_string\"}}],\"inLanguage\":\"de-DE\"},{\"@type\":\"Organization\",\"@id\":\"https:\\\/\\\/grafiti.com\\\/#organization\",\"name\":\"Grafiti LLC\",\"url\":\"https:\\\/\\\/grafiti.com\\\/\",\"logo\":{\"@type\":\"ImageObject\",\"inLanguage\":\"de-DE\",\"@id\":\"https:\\\/\\\/grafiti.com\\\/#\\\/schema\\\/logo\\\/image\\\/\",\"url\":\"https:\\\/\\\/grafiti.com\\\/wp-content\\\/uploads\\\/2024\\\/01\\\/logo-2.png\",\"contentUrl\":\"https:\\\/\\\/grafiti.com\\\/wp-content\\\/uploads\\\/2024\\\/01\\\/logo-2.png\",\"width\":164,\"height\":62,\"caption\":\"Grafiti LLC\"},\"image\":{\"@id\":\"https:\\\/\\\/grafiti.com\\\/#\\\/schema\\\/logo\\\/image\\\/\"}}]}<\/script>\n<!-- \/ Yoast SEO plugin. -->","yoast_head_json":{"title":"Abschnitt 508 - Grafiti LLC","robots":{"index":"index","follow":"follow","max-snippet":"max-snippet:-1","max-image-preview":"max-image-preview:large","max-video-preview":"max-video-preview:-1"},"canonical":"https:\/\/grafiti.com\/de\/sigmaplot-details\/abschnitt-508\/","og_locale":"de_DE","og_type":"article","og_title":"Abschnitt 508 - Grafiti LLC","og_description":"SigmaPlot Einhaltung von Abschnitt 508 SigmaPlot Einhaltung von Abschnitt 508 Einhaltung von Abschnitt 508 SigmaPlot VPAT Abschnitt 508 PDF Sowohl SigmaPlot als auch SigmaStat wurden unter Ber\u00fccksichtigung der Section 508 Standards entwickelt und getestet. Wir sind bestrebt, Produkte zu entwickeln, die f\u00fcr eine m\u00f6glichst gro\u00dfe Zahl von Nutzern zug\u00e4nglich sind, und unsere Produkte mit g\u00e4ngigen [&hellip;]","og_url":"https:\/\/grafiti.com\/de\/sigmaplot-details\/abschnitt-508\/","og_site_name":"Grafiti LLC","article_modified_time":"2024-01-13T07:10:52+00:00","twitter_card":"summary_large_image","twitter_misc":{"Gesch\u00e4tzte Lesezeit":"4 Minuten"},"schema":{"@context":"https:\/\/schema.org","@graph":[{"@type":"WebPage","@id":"https:\/\/grafiti.com\/de\/sigmaplot-details\/abschnitt-508\/","url":"https:\/\/grafiti.com\/de\/sigmaplot-details\/abschnitt-508\/","name":"Abschnitt 508 - Grafiti LLC","isPartOf":{"@id":"https:\/\/grafiti.com\/#website"},"datePublished":"2023-07-20T09:54:51+00:00","dateModified":"2024-01-13T07:10:52+00:00","breadcrumb":{"@id":"https:\/\/grafiti.com\/de\/sigmaplot-details\/abschnitt-508\/#breadcrumb"},"inLanguage":"de-DE","potentialAction":[{"@type":"ReadAction","target":["https:\/\/grafiti.com\/de\/sigmaplot-details\/abschnitt-508\/"]}]},{"@type":"BreadcrumbList","@id":"https:\/\/grafiti.com\/de\/sigmaplot-details\/abschnitt-508\/#breadcrumb","itemListElement":[{"@type":"ListItem","position":1,"name":"Home","item":"https:\/\/grafiti.com\/"},{"@type":"ListItem","position":2,"name":"SigmaPlot Details","item":"https:\/\/grafiti.com\/de\/sigmaplot-details\/"},{"@type":"ListItem","position":3,"name":"Abschnitt 508"}]},{"@type":"WebSite","@id":"https:\/\/grafiti.com\/#website","url":"https:\/\/grafiti.com\/","name":"Grafiti LLC","description":"Grafiti LLC","publisher":{"@id":"https:\/\/grafiti.com\/#organization"},"potentialAction":[{"@type":"SearchAction","target":{"@type":"EntryPoint","urlTemplate":"https:\/\/grafiti.com\/?s={search_term_string}"},"query-input":{"@type":"PropertyValueSpecification","valueRequired":true,"valueName":"search_term_string"}}],"inLanguage":"de-DE"},{"@type":"Organization","@id":"https:\/\/grafiti.com\/#organization","name":"Grafiti LLC","url":"https:\/\/grafiti.com\/","logo":{"@type":"ImageObject","inLanguage":"de-DE","@id":"https:\/\/grafiti.com\/#\/schema\/logo\/image\/","url":"https:\/\/grafiti.com\/wp-content\/uploads\/2024\/01\/logo-2.png","contentUrl":"https:\/\/grafiti.com\/wp-content\/uploads\/2024\/01\/logo-2.png","width":164,"height":62,"caption":"Grafiti LLC"},"image":{"@id":"https:\/\/grafiti.com\/#\/schema\/logo\/image\/"}}]}},"_links":{"self":[{"href":"https:\/\/grafiti.com\/de\/wp-json\/wp\/v2\/pages\/11836","targetHints":{"allow":["GET"]}}],"collection":[{"href":"https:\/\/grafiti.com\/de\/wp-json\/wp\/v2\/pages"}],"about":[{"href":"https:\/\/grafiti.com\/de\/wp-json\/wp\/v2\/types\/page"}],"author":[{"embeddable":true,"href":"https:\/\/grafiti.com\/de\/wp-json\/wp\/v2\/users\/1773"}],"replies":[{"embeddable":true,"href":"https:\/\/grafiti.com\/de\/wp-json\/wp\/v2\/comments?post=11836"}],"version-history":[{"count":0,"href":"https:\/\/grafiti.com\/de\/wp-json\/wp\/v2\/pages\/11836\/revisions"}],"up":[{"embeddable":true,"href":"https:\/\/grafiti.com\/de\/wp-json\/wp\/v2\/pages\/11726"}],"wp:attachment":[{"href":"https:\/\/grafiti.com\/de\/wp-json\/wp\/v2\/media?parent=11836"}],"curies":[{"name":"wp","href":"https:\/\/api.w.org\/{rel}","templated":true}]}}