{"id":11964,"date":"2023-07-26T11:13:04","date_gmt":"2023-07-26T11:13:04","guid":{"rendered":"https:\/\/grafiti.com\/tablecurve3d-produkt-verwendet\/"},"modified":"2024-01-13T07:12:43","modified_gmt":"2024-01-13T07:12:43","slug":"tablecurve3d-produkt-verwendet","status":"publish","type":"page","link":"https:\/\/grafiti.com\/de\/tablecurve3d-produkt-verwendet\/","title":{"rendered":"TableCurve3D Produkt verwendet"},"content":{"rendered":"\t\t<div data-elementor-type=\"wp-page\" data-elementor-id=\"11964\" class=\"elementor elementor-11964\" data-elementor-post-type=\"page\">\n\t\t\t\t\t\t<section class=\"elementor-section elementor-top-section elementor-element elementor-element-e1f66d0 elementor-section-boxed elementor-section-height-default elementor-section-height-default\" data-id=\"e1f66d0\" data-element_type=\"section\" data-e-type=\"section\" data-settings=\"{&quot;background_background&quot;:&quot;classic&quot;}\">\n\t\t\t\t\t\t\t<div class=\"elementor-background-overlay\"><\/div>\n\t\t\t\t\t\t\t<div class=\"elementor-container elementor-column-gap-default\">\n\t\t\t\t\t<div class=\"elementor-column elementor-col-100 elementor-top-column elementor-element elementor-element-6365c3f\" data-id=\"6365c3f\" data-element_type=\"column\" data-e-type=\"column\">\n\t\t\t<div class=\"elementor-widget-wrap elementor-element-populated\">\n\t\t\t\t\t\t<div class=\"elementor-element elementor-element-faab0af elementor-widget elementor-widget-heading\" data-id=\"faab0af\" data-element_type=\"widget\" data-e-type=\"widget\" data-widget_type=\"heading.default\">\n\t\t\t\t<div class=\"elementor-widget-container\">\n\t\t\t\t\t<h2 class=\"elementor-heading-title elementor-size-default\">INPIXON<\/h2>\t\t\t\t<\/div>\n\t\t\t\t<\/div>\n\t\t\t\t\t<\/div>\n\t\t<\/div>\n\t\t\t\t\t<\/div>\n\t\t<\/section>\n\t\t\t\t<section class=\"elementor-section elementor-top-section elementor-element elementor-element-cdceee7 elementor-section-boxed elementor-section-height-default elementor-section-height-default\" data-id=\"cdceee7\" data-element_type=\"section\" data-e-type=\"section\">\n\t\t\t\t\t\t<div class=\"elementor-container elementor-column-gap-default\">\n\t\t\t\t\t<div class=\"elementor-column elementor-col-100 elementor-top-column elementor-element elementor-element-acc7a57\" data-id=\"acc7a57\" data-element_type=\"column\" data-e-type=\"column\">\n\t\t\t<div class=\"elementor-widget-wrap elementor-element-populated\">\n\t\t\t\t\t\t<div class=\"elementor-element elementor-element-cba3859 elementor-widget elementor-widget-heading\" data-id=\"cba3859\" data-element_type=\"widget\" data-e-type=\"widget\" data-widget_type=\"heading.default\">\n\t\t\t\t<div class=\"elementor-widget-container\">\n\t\t\t\t\t<h2 class=\"elementor-heading-title elementor-size-default\">Produkt Verwendungen\n\n<\/h2>\t\t\t\t<\/div>\n\t\t\t\t<\/div>\n\t\t\t\t<div class=\"elementor-element elementor-element-82291da elementor-widget elementor-widget-heading\" data-id=\"82291da\" data-element_type=\"widget\" data-e-type=\"widget\" data-widget_type=\"heading.default\">\n\t\t\t\t<div class=\"elementor-widget-container\">\n\t\t\t\t\t<p class=\"elementor-heading-title elementor-size-default\">Pr\u00e4zise Charakterisierung von Ver\u00e4nderungen der Oberfl\u00e4chenbeschaffenheit von in Mikrogravitationsumgebung verbranntem Material mit Hilfe von Ultraschallbildern und TableCurve 3D\u00ae\n\n<\/p>\t\t\t\t<\/div>\n\t\t\t\t<\/div>\n\t\t\t\t<div class=\"elementor-element elementor-element-edc3a92 elementor-widget elementor-widget-heading\" data-id=\"edc3a92\" data-element_type=\"widget\" data-e-type=\"widget\" data-widget_type=\"heading.default\">\n\t\t\t\t<div class=\"elementor-widget-container\">\n\t\t\t\t\t<p class=\"elementor-heading-title elementor-size-default\">Dreidimensionale TableCurve-3D-Diagramme, die vor und nach der Verbrennung in der Schwerelosigkeit des Space Shuttle von einem H\u00f6henprofil einer Kunststoffprobe erstellt wurden und den Mechanismus der Flammenausbreitung veranschaulichen.\n\n<\/p>\t\t\t\t<\/div>\n\t\t\t\t<\/div>\n\t\t\t\t<div class=\"elementor-element elementor-element-464cfe5 elementor-widget elementor-widget-heading\" data-id=\"464cfe5\" data-element_type=\"widget\" data-e-type=\"widget\" data-widget_type=\"heading.default\">\n\t\t\t\t<div class=\"elementor-widget-container\">\n\t\t\t\t\t<h2 class=\"elementor-heading-title elementor-size-default\">Oberfl\u00e4chenprofilierung\n\n\n<\/h2>\t\t\t\t<\/div>\n\t\t\t\t<\/div>\n\t\t\t\t<div class=\"elementor-element elementor-element-8734185 elementor-widget elementor-widget-heading\" data-id=\"8734185\" data-element_type=\"widget\" data-e-type=\"widget\" data-widget_type=\"heading.default\">\n\t\t\t\t<div class=\"elementor-widget-container\">\n\t\t\t\t\t<p class=\"elementor-heading-title elementor-size-default\">Mit Hilfe von Ultraschallbildern und TableCurve 3D wurden die Ver\u00e4nderungen der Oberfl\u00e4chenbeschaffenheit von Materialien, die in der Schwerelosigkeit verbrannt wurden, genauestens charakterisiert. Die Materialproben wurden vor und nach den Verbrennungsexperimenten unter Schwerelosigkeit verglichen. Es war wichtig, das ver\u00e4nderte Oberfl\u00e4chenprofil nach der Verbrennung zu charakterisieren. Diese Experimente wurden durchgef\u00fchrt, um besser zu verstehen, wie sich Flammen in einer Mikrogravitationsumgebung, wie sie auf der Internationalen Raumstation herrschen w\u00fcrde, ausbreiten. Diese Art von Informationen ist entscheidend f\u00fcr die Sicherheit der Astronauten auf der Raumstation.\n\n<\/p>\t\t\t\t<\/div>\n\t\t\t\t<\/div>\n\t\t\t\t<div class=\"elementor-element elementor-element-0876879 elementor-widget elementor-widget-heading\" data-id=\"0876879\" data-element_type=\"widget\" data-e-type=\"widget\" data-widget_type=\"heading.default\">\n\t\t\t\t<div class=\"elementor-widget-container\">\n\t\t\t\t\t<p class=\"elementor-heading-title elementor-size-default\">Mit Hilfe der Ultraschalltechnik konnten genaue Informationen \u00fcber das Oberfl\u00e4chenprofil vor und nach der Verbrennung gewonnen werden. Dabei wurden pr\u00e4zise Ultraschallwellen-Flugzeitdaten \u00fcber die gesamte Oberfl\u00e4che erfasst. Die Flugzeitmessungen (x,y-Position und Flugzeit (msec)) wurden in Oberfl\u00e4chendepressionen (Mikrometer) umgerechnet. Das Experiment wurde auf dem Space-Shuttle-Flug STS-54 durchgef\u00fchrt. Die Daten wurden dann in TableCurve 3D zur 3D-Ansicht und Datenbearbeitung importiert.\n\n<\/p>\t\t\t\t<\/div>\n\t\t\t\t<\/div>\n\t\t\t\t<div class=\"elementor-element elementor-element-3da7496 elementor-widget elementor-widget-heading\" data-id=\"3da7496\" data-element_type=\"widget\" data-e-type=\"widget\" data-widget_type=\"heading.default\">\n\t\t\t\t<div class=\"elementor-widget-container\">\n\t\t\t\t\t<p class=\"elementor-heading-title elementor-size-default\">Die nachstehenden Abbildungen zeigen die Oberfl\u00e4chenh\u00f6he in Mikron einer Kunststoffprobe als Funktion von x und der y-Position in mm vor und nach der Verbrennung.\n\n<\/p>\t\t\t\t<\/div>\n\t\t\t\t<\/div>\n\t\t\t\t<div class=\"elementor-element elementor-element-a504692 elementor-widget elementor-widget-heading\" data-id=\"a504692\" data-element_type=\"widget\" data-e-type=\"widget\" data-widget_type=\"heading.default\">\n\t\t\t\t<div class=\"elementor-widget-container\">\n\t\t\t\t\t<p class=\"elementor-heading-title elementor-size-default\">Abbildung 1 zeigt eine Oberfl\u00e4chenkarte einer Materialprobe vor dem Brennen in der Schwerelosigkeit, wie sie in TableCurve 3D erscheint.\n\n<\/p>\t\t\t\t<\/div>\n\t\t\t\t<\/div>\n\t\t\t\t<div class=\"elementor-element elementor-element-980e420 elementor-widget elementor-widget-heading\" data-id=\"980e420\" data-element_type=\"widget\" data-e-type=\"widget\" data-widget_type=\"heading.default\">\n\t\t\t\t<div class=\"elementor-widget-container\">\n\t\t\t\t\t<p class=\"elementor-heading-title elementor-size-default\">Abbildung 2. Die Materialprobe nach dem Brennen in der Schwerelosigkeit, wie sie in TableCurve 3D erscheint.\n\n<\/p>\t\t\t\t<\/div>\n\t\t\t\t<\/div>\n\t\t\t\t<div class=\"elementor-element elementor-element-27fc0e3 elementor-widget elementor-widget-heading\" data-id=\"27fc0e3\" data-element_type=\"widget\" data-e-type=\"widget\" data-widget_type=\"heading.default\">\n\t\t\t\t<div class=\"elementor-widget-container\">\n\t\t\t\t\t<p class=\"elementor-heading-title elementor-size-default\">Die Verbrennungsfront bewegte sich von rechts nach links und verursachte zun\u00e4chst eine Vertiefung von etwa 1000 um, gefolgt von einer abnehmenden Vertiefung (Rampe) und schlie\u00dflich einem tats\u00e4chlichen Anstieg (Buckel) der Oberfl\u00e4che, bevor sie ausbrannte.\n\n<\/p>\t\t\t\t<\/div>\n\t\t\t\t<\/div>\n\t\t\t\t<div class=\"elementor-element elementor-element-f371769 elementor-widget elementor-widget-heading\" data-id=\"f371769\" data-element_type=\"widget\" data-e-type=\"widget\" data-widget_type=\"heading.default\">\n\t\t\t\t<div class=\"elementor-widget-container\">\n\t\t\t\t\t<p class=\"elementor-heading-title elementor-size-default\">Das Verbrennungsprofil unterscheidet sich deutlich von dem in einer normalen Schwerkraftumgebung.<\/p>\t\t\t\t<\/div>\n\t\t\t\t<\/div>\n\t\t\t\t\t<\/div>\n\t\t<\/div>\n\t\t\t\t\t<\/div>\n\t\t<\/section>\n\t\t\t\t<\/div>\n\t\t","protected":false},"excerpt":{"rendered":"<p>INPIXON Produkt Verwendungen Pr\u00e4zise Charakterisierung von Ver\u00e4nderungen der Oberfl\u00e4chenbeschaffenheit von in Mikrogravitationsumgebung verbranntem Material mit Hilfe von Ultraschallbildern und TableCurve 3D\u00ae Dreidimensionale TableCurve-3D-Diagramme, die vor und nach der Verbrennung in der Schwerelosigkeit des Space Shuttle von einem H\u00f6henprofil einer Kunststoffprobe erstellt wurden und den Mechanismus der Flammenausbreitung veranschaulichen. Oberfl\u00e4chenprofilierung Mit Hilfe von Ultraschallbildern und TableCurve [&hellip;]<\/p>\n","protected":false},"author":1773,"featured_media":0,"parent":0,"menu_order":0,"comment_status":"closed","ping_status":"closed","template":"","meta":{"site-sidebar-layout":"no-sidebar","site-content-layout":"page-builder","ast-site-content-layout":"full-width-container","site-content-style":"unboxed","site-sidebar-style":"unboxed","ast-global-header-display":"","ast-banner-title-visibility":"","ast-main-header-display":"","ast-hfb-above-header-display":"","ast-hfb-below-header-display":"","ast-hfb-mobile-header-display":"","site-post-title":"disabled","ast-breadcrumbs-content":"","ast-featured-img":"disabled","footer-sml-layout":"","ast-disable-related-posts":"","theme-transparent-header-meta":"","adv-header-id-meta":"","stick-header-meta":"","header-above-stick-meta":"","header-main-stick-meta":"","header-below-stick-meta":"","astra-migrate-meta-layouts":"default","ast-page-background-enabled":"default","ast-page-background-meta":{"desktop":{"background-color":"var(--ast-global-color-4)","background-image":"","background-repeat":"repeat","background-position":"center center","background-size":"auto","background-attachment":"scroll","background-type":"","background-media":"","overlay-type":"","overlay-color":"","overlay-opacity":"","overlay-gradient":""},"tablet":{"background-color":"","background-image":"","background-repeat":"repeat","background-position":"center center","background-size":"auto","background-attachment":"scroll","background-type":"","background-media":"","overlay-type":"","overlay-color":"","overlay-opacity":"","overlay-gradient":""},"mobile":{"background-color":"","background-image":"","background-repeat":"repeat","background-position":"center center","background-size":"auto","background-attachment":"scroll","background-type":"","background-media":"","overlay-type":"","overlay-color":"","overlay-opacity":"","overlay-gradient":""}},"ast-content-background-meta":{"desktop":{"background-color":"var(--ast-global-color-5)","background-image":"","background-repeat":"repeat","background-position":"center center","background-size":"auto","background-attachment":"scroll","background-type":"","background-media":"","overlay-type":"","overlay-color":"","overlay-opacity":"","overlay-gradient":""},"tablet":{"background-color":"var(--ast-global-color-5)","background-image":"","background-repeat":"repeat","background-position":"center center","background-size":"auto","background-attachment":"scroll","background-type":"","background-media":"","overlay-type":"","overlay-color":"","overlay-opacity":"","overlay-gradient":""},"mobile":{"background-color":"var(--ast-global-color-5)","background-image":"","background-repeat":"repeat","background-position":"center center","background-size":"auto","background-attachment":"scroll","background-type":"","background-media":"","overlay-type":"","overlay-color":"","overlay-opacity":"","overlay-gradient":""}},"footnotes":""},"class_list":["post-11964","page","type-page","status-publish","hentry"],"yoast_head":"<!-- This site is optimized with the Yoast SEO plugin v27.5 - https:\/\/yoast.com\/product\/yoast-seo-wordpress\/ -->\n<title>TableCurve3D Produkt verwendet - Grafiti LLC<\/title>\n<meta name=\"robots\" content=\"index, follow, max-snippet:-1, max-image-preview:large, max-video-preview:-1\" \/>\n<link rel=\"canonical\" href=\"https:\/\/grafiti.com\/tablecurve3d-product-uses\/\" \/>\n<meta property=\"og:locale\" content=\"de_DE\" \/>\n<meta property=\"og:type\" content=\"article\" \/>\n<meta property=\"og:title\" content=\"TableCurve3D Produkt verwendet - Grafiti LLC\" \/>\n<meta property=\"og:description\" content=\"INPIXON Produkt Verwendungen Pr\u00e4zise Charakterisierung von Ver\u00e4nderungen der Oberfl\u00e4chenbeschaffenheit von in Mikrogravitationsumgebung verbranntem Material mit Hilfe von Ultraschallbildern und TableCurve 3D\u00ae Dreidimensionale TableCurve-3D-Diagramme, die vor und nach der Verbrennung in der Schwerelosigkeit des Space Shuttle von einem H\u00f6henprofil einer Kunststoffprobe erstellt wurden und den Mechanismus der Flammenausbreitung veranschaulichen. Oberfl\u00e4chenprofilierung Mit Hilfe von Ultraschallbildern und TableCurve [&hellip;]\" \/>\n<meta property=\"og:url\" content=\"https:\/\/grafiti.com\/tablecurve3d-product-uses\/\" \/>\n<meta property=\"og:site_name\" content=\"Grafiti LLC\" \/>\n<meta property=\"article:modified_time\" content=\"2024-01-13T07:12:43+00:00\" \/>\n<meta name=\"twitter:card\" content=\"summary_large_image\" \/>\n<meta name=\"twitter:label1\" content=\"Gesch\u00e4tzte Lesezeit\" \/>\n\t<meta name=\"twitter:data1\" content=\"2 Minuten\" \/>\n<script type=\"application\/ld+json\" class=\"yoast-schema-graph\">{\"@context\":\"https:\\\/\\\/schema.org\",\"@graph\":[{\"@type\":\"WebPage\",\"@id\":\"https:\\\/\\\/grafiti.com\\\/tablecurve3d-product-uses\\\/\",\"url\":\"https:\\\/\\\/grafiti.com\\\/tablecurve3d-product-uses\\\/\",\"name\":\"TableCurve3D Produkt verwendet - Grafiti LLC\",\"isPartOf\":{\"@id\":\"https:\\\/\\\/grafiti.com\\\/#website\"},\"datePublished\":\"2023-07-26T11:13:04+00:00\",\"dateModified\":\"2024-01-13T07:12:43+00:00\",\"breadcrumb\":{\"@id\":\"https:\\\/\\\/grafiti.com\\\/tablecurve3d-product-uses\\\/#breadcrumb\"},\"inLanguage\":\"de-DE\",\"potentialAction\":[{\"@type\":\"ReadAction\",\"target\":[\"https:\\\/\\\/grafiti.com\\\/tablecurve3d-product-uses\\\/\"]}]},{\"@type\":\"BreadcrumbList\",\"@id\":\"https:\\\/\\\/grafiti.com\\\/tablecurve3d-product-uses\\\/#breadcrumb\",\"itemListElement\":[{\"@type\":\"ListItem\",\"position\":1,\"name\":\"Home\",\"item\":\"https:\\\/\\\/grafiti.com\\\/\"},{\"@type\":\"ListItem\",\"position\":2,\"name\":\"TableCurve3D Produkt verwendet\"}]},{\"@type\":\"WebSite\",\"@id\":\"https:\\\/\\\/grafiti.com\\\/#website\",\"url\":\"https:\\\/\\\/grafiti.com\\\/\",\"name\":\"Grafiti LLC\",\"description\":\"Grafiti LLC\",\"publisher\":{\"@id\":\"https:\\\/\\\/grafiti.com\\\/#organization\"},\"potentialAction\":[{\"@type\":\"SearchAction\",\"target\":{\"@type\":\"EntryPoint\",\"urlTemplate\":\"https:\\\/\\\/grafiti.com\\\/?s={search_term_string}\"},\"query-input\":{\"@type\":\"PropertyValueSpecification\",\"valueRequired\":true,\"valueName\":\"search_term_string\"}}],\"inLanguage\":\"de-DE\"},{\"@type\":\"Organization\",\"@id\":\"https:\\\/\\\/grafiti.com\\\/#organization\",\"name\":\"Grafiti LLC\",\"url\":\"https:\\\/\\\/grafiti.com\\\/\",\"logo\":{\"@type\":\"ImageObject\",\"inLanguage\":\"de-DE\",\"@id\":\"https:\\\/\\\/grafiti.com\\\/#\\\/schema\\\/logo\\\/image\\\/\",\"url\":\"https:\\\/\\\/grafiti.com\\\/wp-content\\\/uploads\\\/2024\\\/01\\\/logo-2.png\",\"contentUrl\":\"https:\\\/\\\/grafiti.com\\\/wp-content\\\/uploads\\\/2024\\\/01\\\/logo-2.png\",\"width\":164,\"height\":62,\"caption\":\"Grafiti LLC\"},\"image\":{\"@id\":\"https:\\\/\\\/grafiti.com\\\/#\\\/schema\\\/logo\\\/image\\\/\"}}]}<\/script>\n<!-- \/ Yoast SEO plugin. -->","yoast_head_json":{"title":"TableCurve3D Produkt verwendet - Grafiti LLC","robots":{"index":"index","follow":"follow","max-snippet":"max-snippet:-1","max-image-preview":"max-image-preview:large","max-video-preview":"max-video-preview:-1"},"canonical":"https:\/\/grafiti.com\/tablecurve3d-product-uses\/","og_locale":"de_DE","og_type":"article","og_title":"TableCurve3D Produkt verwendet - Grafiti LLC","og_description":"INPIXON Produkt Verwendungen Pr\u00e4zise Charakterisierung von Ver\u00e4nderungen der Oberfl\u00e4chenbeschaffenheit von in Mikrogravitationsumgebung verbranntem Material mit Hilfe von Ultraschallbildern und TableCurve 3D\u00ae Dreidimensionale TableCurve-3D-Diagramme, die vor und nach der Verbrennung in der Schwerelosigkeit des Space Shuttle von einem H\u00f6henprofil einer Kunststoffprobe erstellt wurden und den Mechanismus der Flammenausbreitung veranschaulichen. Oberfl\u00e4chenprofilierung Mit Hilfe von Ultraschallbildern und TableCurve [&hellip;]","og_url":"https:\/\/grafiti.com\/tablecurve3d-product-uses\/","og_site_name":"Grafiti LLC","article_modified_time":"2024-01-13T07:12:43+00:00","twitter_card":"summary_large_image","twitter_misc":{"Gesch\u00e4tzte Lesezeit":"2 Minuten"},"schema":{"@context":"https:\/\/schema.org","@graph":[{"@type":"WebPage","@id":"https:\/\/grafiti.com\/tablecurve3d-product-uses\/","url":"https:\/\/grafiti.com\/tablecurve3d-product-uses\/","name":"TableCurve3D Produkt verwendet - Grafiti LLC","isPartOf":{"@id":"https:\/\/grafiti.com\/#website"},"datePublished":"2023-07-26T11:13:04+00:00","dateModified":"2024-01-13T07:12:43+00:00","breadcrumb":{"@id":"https:\/\/grafiti.com\/tablecurve3d-product-uses\/#breadcrumb"},"inLanguage":"de-DE","potentialAction":[{"@type":"ReadAction","target":["https:\/\/grafiti.com\/tablecurve3d-product-uses\/"]}]},{"@type":"BreadcrumbList","@id":"https:\/\/grafiti.com\/tablecurve3d-product-uses\/#breadcrumb","itemListElement":[{"@type":"ListItem","position":1,"name":"Home","item":"https:\/\/grafiti.com\/"},{"@type":"ListItem","position":2,"name":"TableCurve3D Produkt verwendet"}]},{"@type":"WebSite","@id":"https:\/\/grafiti.com\/#website","url":"https:\/\/grafiti.com\/","name":"Grafiti LLC","description":"Grafiti LLC","publisher":{"@id":"https:\/\/grafiti.com\/#organization"},"potentialAction":[{"@type":"SearchAction","target":{"@type":"EntryPoint","urlTemplate":"https:\/\/grafiti.com\/?s={search_term_string}"},"query-input":{"@type":"PropertyValueSpecification","valueRequired":true,"valueName":"search_term_string"}}],"inLanguage":"de-DE"},{"@type":"Organization","@id":"https:\/\/grafiti.com\/#organization","name":"Grafiti LLC","url":"https:\/\/grafiti.com\/","logo":{"@type":"ImageObject","inLanguage":"de-DE","@id":"https:\/\/grafiti.com\/#\/schema\/logo\/image\/","url":"https:\/\/grafiti.com\/wp-content\/uploads\/2024\/01\/logo-2.png","contentUrl":"https:\/\/grafiti.com\/wp-content\/uploads\/2024\/01\/logo-2.png","width":164,"height":62,"caption":"Grafiti LLC"},"image":{"@id":"https:\/\/grafiti.com\/#\/schema\/logo\/image\/"}}]}},"_links":{"self":[{"href":"https:\/\/grafiti.com\/de\/wp-json\/wp\/v2\/pages\/11964","targetHints":{"allow":["GET"]}}],"collection":[{"href":"https:\/\/grafiti.com\/de\/wp-json\/wp\/v2\/pages"}],"about":[{"href":"https:\/\/grafiti.com\/de\/wp-json\/wp\/v2\/types\/page"}],"author":[{"embeddable":true,"href":"https:\/\/grafiti.com\/de\/wp-json\/wp\/v2\/users\/1773"}],"replies":[{"embeddable":true,"href":"https:\/\/grafiti.com\/de\/wp-json\/wp\/v2\/comments?post=11964"}],"version-history":[{"count":0,"href":"https:\/\/grafiti.com\/de\/wp-json\/wp\/v2\/pages\/11964\/revisions"}],"wp:attachment":[{"href":"https:\/\/grafiti.com\/de\/wp-json\/wp\/v2\/media?parent=11964"}],"curies":[{"name":"wp","href":"https:\/\/api.w.org\/{rel}","templated":true}]}}