{"id":12174,"date":"2024-01-05T09:12:29","date_gmt":"2024-01-05T09:12:29","guid":{"rendered":"https:\/\/grafiti.com\/sigmaplot-14-5-videos\/"},"modified":"2025-03-04T04:36:10","modified_gmt":"2025-03-04T04:36:10","slug":"sigmaplot-14-5-videos","status":"publish","type":"page","link":"https:\/\/grafiti.com\/de\/video-ressourcen\/sigmaplot-14-5-videos\/","title":{"rendered":"Sigmaplot 14.5 Videos"},"content":{"rendered":"\t\t<div data-elementor-type=\"wp-page\" data-elementor-id=\"12174\" class=\"elementor elementor-12174 elementor-4680\" data-elementor-post-type=\"page\">\n\t\t\t\t\t\t<section class=\"elementor-section elementor-top-section elementor-element elementor-element-c91ffb3 elementor-section-boxed elementor-section-height-default elementor-section-height-default\" data-id=\"c91ffb3\" data-element_type=\"section\" data-e-type=\"section\">\n\t\t\t\t\t\t<div class=\"elementor-container elementor-column-gap-default\">\n\t\t\t\t\t<div class=\"elementor-column elementor-col-100 elementor-top-column elementor-element elementor-element-f16a5a5\" data-id=\"f16a5a5\" data-element_type=\"column\" data-e-type=\"column\">\n\t\t\t<div class=\"elementor-widget-wrap elementor-element-populated\">\n\t\t\t\t\t\t<div class=\"elementor-element elementor-element-87a5e77 elementor-widget elementor-widget-html\" data-id=\"87a5e77\" data-element_type=\"widget\" data-e-type=\"widget\" data-widget_type=\"html.default\">\n\t\t\t\t<div class=\"elementor-widget-container\">\n\t\t\t\t\t\t\t\t\t<\/div>\n\t\t\t\t<\/div>\n\t\t\t\t\t<\/div>\n\t\t<\/div>\n\t\t\t\t\t<\/div>\n\t\t<\/section>\n\t\t\t\t<section class=\"elementor-section elementor-top-section elementor-element elementor-element-af6f20e elementor-section-boxed elementor-section-height-default elementor-section-height-default\" data-id=\"af6f20e\" data-element_type=\"section\" data-e-type=\"section\">\n\t\t\t\t\t\t<div class=\"elementor-container elementor-column-gap-default\">\n\t\t\t\t\t<div class=\"elementor-column elementor-col-100 elementor-top-column elementor-element elementor-element-f124539\" data-id=\"f124539\" data-element_type=\"column\" data-e-type=\"column\">\n\t\t\t<div class=\"elementor-widget-wrap elementor-element-populated\">\n\t\t\t\t\t\t<div class=\"elementor-element elementor-element-edeabb6 elementor-widget elementor-widget-heading\" data-id=\"edeabb6\" data-element_type=\"widget\" data-e-type=\"widget\" data-widget_type=\"heading.default\">\n\t\t\t\t<div class=\"elementor-widget-container\">\n\t\t\t\t\t<h2 class=\"elementor-heading-title elementor-size-default\">Sigmaplot 14.5<\/h2>\t\t\t\t<\/div>\n\t\t\t\t<\/div>\n\t\t\t\t\t<\/div>\n\t\t<\/div>\n\t\t\t\t\t<\/div>\n\t\t<\/section>\n\t\t\t\t<section class=\"elementor-section elementor-top-section elementor-element elementor-element-fd4cc70 elementor-section-boxed elementor-section-height-default elementor-section-height-default\" data-id=\"fd4cc70\" data-element_type=\"section\" data-e-type=\"section\">\n\t\t\t\t\t\t<div class=\"elementor-container elementor-column-gap-default\">\n\t\t\t\t\t<div class=\"elementor-column elementor-col-100 elementor-top-column elementor-element elementor-element-69218a0\" data-id=\"69218a0\" data-element_type=\"column\" data-e-type=\"column\">\n\t\t\t<div class=\"elementor-widget-wrap elementor-element-populated\">\n\t\t\t\t\t\t<section class=\"elementor-section elementor-inner-section elementor-element elementor-element-9f06461 elementor-section-boxed elementor-section-height-default elementor-section-height-default\" data-id=\"9f06461\" data-element_type=\"section\" data-e-type=\"section\">\n\t\t\t\t\t\t<div class=\"elementor-container elementor-column-gap-default\">\n\t\t\t\t\t<div class=\"elementor-column elementor-col-25 elementor-inner-column elementor-element elementor-element-9dda48d asda\" data-id=\"9dda48d\" data-element_type=\"column\" data-e-type=\"column\" data-settings=\"{&quot;background_background&quot;:&quot;classic&quot;}\">\n\t\t\t<div class=\"elementor-widget-wrap elementor-element-populated\">\n\t\t\t\t\t\t<div class=\"elementor-element elementor-element-263bda4 elementor-widget elementor-widget-image\" data-id=\"263bda4\" data-element_type=\"widget\" data-e-type=\"widget\" data-widget_type=\"image.default\">\n\t\t\t\t<div class=\"elementor-widget-container\">\n\t\t\t\t\t\t\t\t\t\t\t\t\t\t\t<img decoding=\"async\" src=\"https:\/\/grafiti.com\/wp-content\/uploads\/2024\/01\/Artboard-\u2013-34.png\" title=\"\" alt=\"\" loading=\"lazy\" \/>\t\t\t\t\t\t\t\t\t\t\t\t\t\t\t<\/div>\n\t\t\t\t<\/div>\n\t\t\t\t<div class=\"elementor-element elementor-element-a1aa4fb elementor-widget elementor-widget-heading\" data-id=\"a1aa4fb\" data-element_type=\"widget\" data-e-type=\"widget\" data-widget_type=\"heading.default\">\n\t\t\t\t<div class=\"elementor-widget-container\">\n\t\t\t\t\t<h2 class=\"elementor-heading-title elementor-size-default\">\u00dcberblick \u00fcber die Schnittstelle<\/h2>\t\t\t\t<\/div>\n\t\t\t\t<\/div>\n\t\t\t\t<div class=\"elementor-element elementor-element-d3b1705 elementor-button-info elementor-widget elementor-widget-button\" data-id=\"d3b1705\" data-element_type=\"widget\" data-e-type=\"widget\" data-widget_type=\"button.default\">\n\t\t\t\t<div class=\"elementor-widget-container\">\n\t\t\t\t\t\t\t\t\t<div class=\"elementor-button-wrapper\">\n\t\t\t\t\t<a class=\"elementor-button elementor-button-link elementor-size-sm\" href=\"https:\/\/youtu.be\/stNM8kgXMek\" target=\"_blank\" rel=\"wpdevart_lightbox_video\">\n\t\t\t\t\t\t<span class=\"elementor-button-content-wrapper\">\n\t\t\t\t\t\t\t\t\t<span class=\"elementor-button-text\">JETZT WATCHEN<\/span>\n\t\t\t\t\t<\/span>\n\t\t\t\t\t<\/a>\n\t\t\t\t<\/div>\n\t\t\t\t\t\t\t\t<\/div>\n\t\t\t\t<\/div>\n\t\t\t\t\t<\/div>\n\t\t<\/div>\n\t\t\t\t<div class=\"elementor-column elementor-col-25 elementor-inner-column elementor-element elementor-element-a4cb75a asda\" data-id=\"a4cb75a\" data-element_type=\"column\" data-e-type=\"column\" data-settings=\"{&quot;background_background&quot;:&quot;classic&quot;}\">\n\t\t\t<div class=\"elementor-widget-wrap elementor-element-populated\">\n\t\t\t\t\t\t<div class=\"elementor-element elementor-element-7b333c1 elementor-widget elementor-widget-image\" data-id=\"7b333c1\" data-element_type=\"widget\" data-e-type=\"widget\" data-widget_type=\"image.default\">\n\t\t\t\t<div class=\"elementor-widget-container\">\n\t\t\t\t\t\t\t\t\t\t\t\t\t\t\t<img decoding=\"async\" src=\"https:\/\/grafiti.com\/wp-content\/uploads\/2024\/01\/Artboard-\u2013-34.png\" title=\"\" alt=\"\" loading=\"lazy\" \/>\t\t\t\t\t\t\t\t\t\t\t\t\t\t\t<\/div>\n\t\t\t\t<\/div>\n\t\t\t\t<div class=\"elementor-element elementor-element-0c99c07 elementor-widget elementor-widget-heading\" data-id=\"0c99c07\" data-element_type=\"widget\" data-e-type=\"widget\" data-widget_type=\"heading.default\">\n\t\t\t\t<div class=\"elementor-widget-container\">\n\t\t\t\t\t<h2 class=\"elementor-heading-title elementor-size-default\">Notebook-Manager<\/h2>\t\t\t\t<\/div>\n\t\t\t\t<\/div>\n\t\t\t\t<div class=\"elementor-element elementor-element-f92ed97 elementor-button-info elementor-widget elementor-widget-button\" data-id=\"f92ed97\" data-element_type=\"widget\" data-e-type=\"widget\" data-widget_type=\"button.default\">\n\t\t\t\t<div class=\"elementor-widget-container\">\n\t\t\t\t\t\t\t\t\t<div class=\"elementor-button-wrapper\">\n\t\t\t\t\t<a class=\"elementor-button elementor-button-link elementor-size-sm\" href=\"https:\/\/youtu.be\/bcCE0BKl4hs\" target=\"_blank\" rel=\"wpdevart_lightbox_video\">\n\t\t\t\t\t\t<span class=\"elementor-button-content-wrapper\">\n\t\t\t\t\t\t\t\t\t<span class=\"elementor-button-text\">JETZT WATCHEN<\/span>\n\t\t\t\t\t<\/span>\n\t\t\t\t\t<\/a>\n\t\t\t\t<\/div>\n\t\t\t\t\t\t\t\t<\/div>\n\t\t\t\t<\/div>\n\t\t\t\t\t<\/div>\n\t\t<\/div>\n\t\t\t\t<div class=\"elementor-column elementor-col-25 elementor-inner-column elementor-element elementor-element-fc129e1 asda\" data-id=\"fc129e1\" data-element_type=\"column\" data-e-type=\"column\" data-settings=\"{&quot;background_background&quot;:&quot;classic&quot;}\">\n\t\t\t<div class=\"elementor-widget-wrap elementor-element-populated\">\n\t\t\t\t\t\t<div class=\"elementor-element elementor-element-ebbb07d elementor-widget elementor-widget-image\" data-id=\"ebbb07d\" data-element_type=\"widget\" data-e-type=\"widget\" data-widget_type=\"image.default\">\n\t\t\t\t<div class=\"elementor-widget-container\">\n\t\t\t\t\t\t\t\t\t\t\t\t\t\t\t<img decoding=\"async\" src=\"https:\/\/grafiti.com\/wp-content\/uploads\/2024\/01\/Artboard-\u2013-34.png\" title=\"\" alt=\"\" loading=\"lazy\" \/>\t\t\t\t\t\t\t\t\t\t\t\t\t\t\t<\/div>\n\t\t\t\t<\/div>\n\t\t\t\t<div class=\"elementor-element elementor-element-2cdae88 elementor-widget elementor-widget-heading\" data-id=\"2cdae88\" data-element_type=\"widget\" data-e-type=\"widget\" data-widget_type=\"heading.default\">\n\t\t\t\t<div class=\"elementor-widget-container\">\n\t\t\t\t\t<h2 class=\"elementor-heading-title elementor-size-default\">Ressourcen-Materialien<\/h2>\t\t\t\t<\/div>\n\t\t\t\t<\/div>\n\t\t\t\t<div class=\"elementor-element elementor-element-9faa166 elementor-button-info elementor-widget elementor-widget-button\" data-id=\"9faa166\" data-element_type=\"widget\" data-e-type=\"widget\" data-widget_type=\"button.default\">\n\t\t\t\t<div class=\"elementor-widget-container\">\n\t\t\t\t\t\t\t\t\t<div class=\"elementor-button-wrapper\">\n\t\t\t\t\t<a class=\"elementor-button elementor-button-link elementor-size-sm\" href=\"https:\/\/youtu.be\/k5P0JvQqfxI\" target=\"_blank\" rel=\"wpdevart_lightbox_video\">\n\t\t\t\t\t\t<span class=\"elementor-button-content-wrapper\">\n\t\t\t\t\t\t\t\t\t<span class=\"elementor-button-text\">JETZT WATCHEN<\/span>\n\t\t\t\t\t<\/span>\n\t\t\t\t\t<\/a>\n\t\t\t\t<\/div>\n\t\t\t\t\t\t\t\t<\/div>\n\t\t\t\t<\/div>\n\t\t\t\t\t<\/div>\n\t\t<\/div>\n\t\t\t\t<div class=\"elementor-column elementor-col-25 elementor-inner-column elementor-element elementor-element-8de98a7 asda\" data-id=\"8de98a7\" data-element_type=\"column\" data-e-type=\"column\" data-settings=\"{&quot;background_background&quot;:&quot;classic&quot;}\">\n\t\t\t<div class=\"elementor-widget-wrap elementor-element-populated\">\n\t\t\t\t\t\t<div class=\"elementor-element elementor-element-408522a elementor-widget elementor-widget-image\" data-id=\"408522a\" data-element_type=\"widget\" data-e-type=\"widget\" data-widget_type=\"image.default\">\n\t\t\t\t<div class=\"elementor-widget-container\">\n\t\t\t\t\t\t\t\t\t\t\t\t\t\t\t<img decoding=\"async\" src=\"https:\/\/grafiti.com\/wp-content\/uploads\/2024\/01\/Artboard-\u2013-34.png\" title=\"\" alt=\"\" loading=\"lazy\" \/>\t\t\t\t\t\t\t\t\t\t\t\t\t\t\t<\/div>\n\t\t\t\t<\/div>\n\t\t\t\t<div class=\"elementor-element elementor-element-f925cdc elementor-widget elementor-widget-heading\" data-id=\"f925cdc\" data-element_type=\"widget\" data-e-type=\"widget\" data-widget_type=\"heading.default\">\n\t\t\t\t<div class=\"elementor-widget-container\">\n\t\t\t\t\t<h2 class=\"elementor-heading-title elementor-size-default\">\u00dcbersicht \u00fcber das Arbeitsblatt<\/h2>\t\t\t\t<\/div>\n\t\t\t\t<\/div>\n\t\t\t\t<div class=\"elementor-element elementor-element-8ceeb65 elementor-button-info elementor-widget elementor-widget-button\" data-id=\"8ceeb65\" data-element_type=\"widget\" data-e-type=\"widget\" data-widget_type=\"button.default\">\n\t\t\t\t<div class=\"elementor-widget-container\">\n\t\t\t\t\t\t\t\t\t<div class=\"elementor-button-wrapper\">\n\t\t\t\t\t<a class=\"elementor-button elementor-button-link elementor-size-sm\" href=\"https:\/\/youtu.be\/5BKux3ywMWU\" target=\"_blank\" rel=\"wpdevart_lightbox_video\">\n\t\t\t\t\t\t<span class=\"elementor-button-content-wrapper\">\n\t\t\t\t\t\t\t\t\t<span class=\"elementor-button-text\">JETZT WATCHEN<\/span>\n\t\t\t\t\t<\/span>\n\t\t\t\t\t<\/a>\n\t\t\t\t<\/div>\n\t\t\t\t\t\t\t\t<\/div>\n\t\t\t\t<\/div>\n\t\t\t\t\t<\/div>\n\t\t<\/div>\n\t\t\t\t\t<\/div>\n\t\t<\/section>\n\t\t\t\t\t<\/div>\n\t\t<\/div>\n\t\t\t\t\t<\/div>\n\t\t<\/section>\n\t\t\t\t<\/div>\n\t\t","protected":false},"excerpt":{"rendered":"<p>Sigmaplot 14.5 \u00dcberblick \u00fcber die Schnittstelle JETZT WATCHEN Notebook-Manager JETZT WATCHEN Ressourcen-Materialien JETZT WATCHEN \u00dcbersicht \u00fcber das Arbeitsblatt JETZT WATCHEN<\/p>\n","protected":false},"author":1773,"featured_media":0,"parent":12319,"menu_order":0,"comment_status":"closed","ping_status":"closed","template":"","meta":{"site-sidebar-layout":"no-sidebar","site-content-layout":"page-builder","ast-site-content-layout":"full-width-container","site-content-style":"default","site-sidebar-style":"default","ast-global-header-display":"","ast-banner-title-visibility":"","ast-main-header-display":"","ast-hfb-above-header-display":"","ast-hfb-below-header-display":"","ast-hfb-mobile-header-display":"","site-post-title":"disabled","ast-breadcrumbs-content":"","ast-featured-img":"disabled","footer-sml-layout":"","ast-disable-related-posts":"","theme-transparent-header-meta":"","adv-header-id-meta":"","stick-header-meta":"","header-above-stick-meta":"","header-main-stick-meta":"","header-below-stick-meta":"","astra-migrate-meta-layouts":"default","ast-page-background-enabled":"default","ast-page-background-meta":{"desktop":{"background-color":"var(--ast-global-color-4)","background-image":"","background-repeat":"repeat","background-position":"center center","background-size":"auto","background-attachment":"scroll","background-type":"","background-media":"","overlay-type":"","overlay-color":"","overlay-opacity":"","overlay-gradient":""},"tablet":{"background-color":"","background-image":"","background-repeat":"repeat","background-position":"center center","background-size":"auto","background-attachment":"scroll","background-type":"","background-media":"","overlay-type":"","overlay-color":"","overlay-opacity":"","overlay-gradient":""},"mobile":{"background-color":"","background-image":"","background-repeat":"repeat","background-position":"center center","background-size":"auto","background-attachment":"scroll","background-type":"","background-media":"","overlay-type":"","overlay-color":"","overlay-opacity":"","overlay-gradient":""}},"ast-content-background-meta":{"desktop":{"background-color":"var(--ast-global-color-5)","background-image":"","background-repeat":"repeat","background-position":"center center","background-size":"auto","background-attachment":"scroll","background-type":"","background-media":"","overlay-type":"","overlay-color":"","overlay-opacity":"","overlay-gradient":""},"tablet":{"background-color":"var(--ast-global-color-5)","background-image":"","background-repeat":"repeat","background-position":"center center","background-size":"auto","background-attachment":"scroll","background-type":"","background-media":"","overlay-type":"","overlay-color":"","overlay-opacity":"","overlay-gradient":""},"mobile":{"background-color":"var(--ast-global-color-5)","background-image":"","background-repeat":"repeat","background-position":"center center","background-size":"auto","background-attachment":"scroll","background-type":"","background-media":"","overlay-type":"","overlay-color":"","overlay-opacity":"","overlay-gradient":""}},"footnotes":""},"class_list":["post-12174","page","type-page","status-publish","hentry"],"yoast_head":"<!-- This site is optimized with the Yoast SEO plugin v27.4 - https:\/\/yoast.com\/product\/yoast-seo-wordpress\/ -->\n<title>SigmaPlot 14.5 Videos - Grafiti LLC<\/title>\n<meta name=\"description\" content=\"Sehen Sie sich die Video-Tutorials f\u00fcr SigmaPlot 14.5 an.\" \/>\n<meta name=\"robots\" content=\"index, follow, max-snippet:-1, max-image-preview:large, max-video-preview:-1\" \/>\n<link rel=\"canonical\" href=\"https:\/\/grafiti.com\/de\/video-ressourcen\/sigmaplot-14-5-videos\/\" \/>\n<meta property=\"og:locale\" content=\"de_DE\" \/>\n<meta property=\"og:type\" content=\"article\" \/>\n<meta property=\"og:title\" content=\"SigmaPlot 14.5 Videos - Grafiti LLC\" \/>\n<meta property=\"og:description\" content=\"Sehen Sie sich die Video-Tutorials f\u00fcr SigmaPlot 14.5 an.\" \/>\n<meta property=\"og:url\" content=\"https:\/\/grafiti.com\/de\/video-ressourcen\/sigmaplot-14-5-videos\/\" \/>\n<meta property=\"og:site_name\" content=\"Grafiti LLC\" \/>\n<meta property=\"article:modified_time\" content=\"2025-03-04T04:36:10+00:00\" \/>\n<meta name=\"twitter:card\" content=\"summary_large_image\" \/>\n<script type=\"application\/ld+json\" class=\"yoast-schema-graph\">{\"@context\":\"https:\\\/\\\/schema.org\",\"@graph\":[{\"@type\":\"WebPage\",\"@id\":\"https:\\\/\\\/grafiti.com\\\/de\\\/video-ressourcen\\\/sigmaplot-14-5-videos\\\/\",\"url\":\"https:\\\/\\\/grafiti.com\\\/de\\\/video-ressourcen\\\/sigmaplot-14-5-videos\\\/\",\"name\":\"SigmaPlot 14.5 Videos - Grafiti LLC\",\"isPartOf\":{\"@id\":\"https:\\\/\\\/grafiti.com\\\/#website\"},\"datePublished\":\"2024-01-05T09:12:29+00:00\",\"dateModified\":\"2025-03-04T04:36:10+00:00\",\"description\":\"Sehen Sie sich die Video-Tutorials f\u00fcr SigmaPlot 14.5 an.\",\"breadcrumb\":{\"@id\":\"https:\\\/\\\/grafiti.com\\\/de\\\/video-ressourcen\\\/sigmaplot-14-5-videos\\\/#breadcrumb\"},\"inLanguage\":\"de-DE\",\"potentialAction\":[{\"@type\":\"ReadAction\",\"target\":[\"https:\\\/\\\/grafiti.com\\\/de\\\/video-ressourcen\\\/sigmaplot-14-5-videos\\\/\"]}]},{\"@type\":\"BreadcrumbList\",\"@id\":\"https:\\\/\\\/grafiti.com\\\/de\\\/video-ressourcen\\\/sigmaplot-14-5-videos\\\/#breadcrumb\",\"itemListElement\":[{\"@type\":\"ListItem\",\"position\":1,\"name\":\"Home\",\"item\":\"https:\\\/\\\/grafiti.com\\\/\"},{\"@type\":\"ListItem\",\"position\":2,\"name\":\"Video-Ressourcen\",\"item\":\"https:\\\/\\\/grafiti.com\\\/de\\\/video-ressourcen\\\/\"},{\"@type\":\"ListItem\",\"position\":3,\"name\":\"Sigmaplot 14.5 Videos\"}]},{\"@type\":\"WebSite\",\"@id\":\"https:\\\/\\\/grafiti.com\\\/#website\",\"url\":\"https:\\\/\\\/grafiti.com\\\/\",\"name\":\"Grafiti LLC\",\"description\":\"Grafiti LLC\",\"publisher\":{\"@id\":\"https:\\\/\\\/grafiti.com\\\/#organization\"},\"potentialAction\":[{\"@type\":\"SearchAction\",\"target\":{\"@type\":\"EntryPoint\",\"urlTemplate\":\"https:\\\/\\\/grafiti.com\\\/?s={search_term_string}\"},\"query-input\":{\"@type\":\"PropertyValueSpecification\",\"valueRequired\":true,\"valueName\":\"search_term_string\"}}],\"inLanguage\":\"de-DE\"},{\"@type\":\"Organization\",\"@id\":\"https:\\\/\\\/grafiti.com\\\/#organization\",\"name\":\"Grafiti LLC\",\"url\":\"https:\\\/\\\/grafiti.com\\\/\",\"logo\":{\"@type\":\"ImageObject\",\"inLanguage\":\"de-DE\",\"@id\":\"https:\\\/\\\/grafiti.com\\\/#\\\/schema\\\/logo\\\/image\\\/\",\"url\":\"https:\\\/\\\/grafiti.com\\\/wp-content\\\/uploads\\\/2024\\\/01\\\/logo-2.png\",\"contentUrl\":\"https:\\\/\\\/grafiti.com\\\/wp-content\\\/uploads\\\/2024\\\/01\\\/logo-2.png\",\"width\":164,\"height\":62,\"caption\":\"Grafiti LLC\"},\"image\":{\"@id\":\"https:\\\/\\\/grafiti.com\\\/#\\\/schema\\\/logo\\\/image\\\/\"}}]}<\/script>\n<!-- \/ Yoast SEO plugin. -->","yoast_head_json":{"title":"SigmaPlot 14.5 Videos - Grafiti LLC","description":"Sehen Sie sich die Video-Tutorials f\u00fcr SigmaPlot 14.5 an.","robots":{"index":"index","follow":"follow","max-snippet":"max-snippet:-1","max-image-preview":"max-image-preview:large","max-video-preview":"max-video-preview:-1"},"canonical":"https:\/\/grafiti.com\/de\/video-ressourcen\/sigmaplot-14-5-videos\/","og_locale":"de_DE","og_type":"article","og_title":"SigmaPlot 14.5 Videos - Grafiti LLC","og_description":"Sehen Sie sich die Video-Tutorials f\u00fcr SigmaPlot 14.5 an.","og_url":"https:\/\/grafiti.com\/de\/video-ressourcen\/sigmaplot-14-5-videos\/","og_site_name":"Grafiti LLC","article_modified_time":"2025-03-04T04:36:10+00:00","twitter_card":"summary_large_image","schema":{"@context":"https:\/\/schema.org","@graph":[{"@type":"WebPage","@id":"https:\/\/grafiti.com\/de\/video-ressourcen\/sigmaplot-14-5-videos\/","url":"https:\/\/grafiti.com\/de\/video-ressourcen\/sigmaplot-14-5-videos\/","name":"SigmaPlot 14.5 Videos - Grafiti LLC","isPartOf":{"@id":"https:\/\/grafiti.com\/#website"},"datePublished":"2024-01-05T09:12:29+00:00","dateModified":"2025-03-04T04:36:10+00:00","description":"Sehen Sie sich die Video-Tutorials f\u00fcr SigmaPlot 14.5 an.","breadcrumb":{"@id":"https:\/\/grafiti.com\/de\/video-ressourcen\/sigmaplot-14-5-videos\/#breadcrumb"},"inLanguage":"de-DE","potentialAction":[{"@type":"ReadAction","target":["https:\/\/grafiti.com\/de\/video-ressourcen\/sigmaplot-14-5-videos\/"]}]},{"@type":"BreadcrumbList","@id":"https:\/\/grafiti.com\/de\/video-ressourcen\/sigmaplot-14-5-videos\/#breadcrumb","itemListElement":[{"@type":"ListItem","position":1,"name":"Home","item":"https:\/\/grafiti.com\/"},{"@type":"ListItem","position":2,"name":"Video-Ressourcen","item":"https:\/\/grafiti.com\/de\/video-ressourcen\/"},{"@type":"ListItem","position":3,"name":"Sigmaplot 14.5 Videos"}]},{"@type":"WebSite","@id":"https:\/\/grafiti.com\/#website","url":"https:\/\/grafiti.com\/","name":"Grafiti LLC","description":"Grafiti LLC","publisher":{"@id":"https:\/\/grafiti.com\/#organization"},"potentialAction":[{"@type":"SearchAction","target":{"@type":"EntryPoint","urlTemplate":"https:\/\/grafiti.com\/?s={search_term_string}"},"query-input":{"@type":"PropertyValueSpecification","valueRequired":true,"valueName":"search_term_string"}}],"inLanguage":"de-DE"},{"@type":"Organization","@id":"https:\/\/grafiti.com\/#organization","name":"Grafiti LLC","url":"https:\/\/grafiti.com\/","logo":{"@type":"ImageObject","inLanguage":"de-DE","@id":"https:\/\/grafiti.com\/#\/schema\/logo\/image\/","url":"https:\/\/grafiti.com\/wp-content\/uploads\/2024\/01\/logo-2.png","contentUrl":"https:\/\/grafiti.com\/wp-content\/uploads\/2024\/01\/logo-2.png","width":164,"height":62,"caption":"Grafiti LLC"},"image":{"@id":"https:\/\/grafiti.com\/#\/schema\/logo\/image\/"}}]}},"_links":{"self":[{"href":"https:\/\/grafiti.com\/de\/wp-json\/wp\/v2\/pages\/12174","targetHints":{"allow":["GET"]}}],"collection":[{"href":"https:\/\/grafiti.com\/de\/wp-json\/wp\/v2\/pages"}],"about":[{"href":"https:\/\/grafiti.com\/de\/wp-json\/wp\/v2\/types\/page"}],"author":[{"embeddable":true,"href":"https:\/\/grafiti.com\/de\/wp-json\/wp\/v2\/users\/1773"}],"replies":[{"embeddable":true,"href":"https:\/\/grafiti.com\/de\/wp-json\/wp\/v2\/comments?post=12174"}],"version-history":[{"count":0,"href":"https:\/\/grafiti.com\/de\/wp-json\/wp\/v2\/pages\/12174\/revisions"}],"up":[{"embeddable":true,"href":"https:\/\/grafiti.com\/de\/wp-json\/wp\/v2\/pages\/12319"}],"wp:attachment":[{"href":"https:\/\/grafiti.com\/de\/wp-json\/wp\/v2\/media?parent=12174"}],"curies":[{"name":"wp","href":"https:\/\/api.w.org\/{rel}","templated":true}]}}