{"id":16100,"date":"2024-01-24T08:04:08","date_gmt":"2024-01-24T08:04:08","guid":{"rendered":"https:\/\/grafiti.com\/sigmastat-software-herunterladen\/"},"modified":"2025-03-09T07:03:22","modified_gmt":"2025-03-09T07:03:22","slug":"sigmastat-software-herunterladen","status":"publish","type":"page","link":"https:\/\/grafiti.com\/de\/sigmastat-software-herunterladen\/","title":{"rendered":"SigmaStat Software herunterladen"},"content":{"rendered":"\t\t<div data-elementor-type=\"wp-page\" data-elementor-id=\"16100\" class=\"elementor elementor-16100 elementor-13033\" data-elementor-post-type=\"page\">\n\t\t\t\t\t\t<section class=\"elementor-section elementor-top-section elementor-element elementor-element-0f779ba elementor-section-boxed elementor-section-height-default elementor-section-height-default\" data-id=\"0f779ba\" data-element_type=\"section\" data-e-type=\"section\" data-settings=\"{&quot;background_background&quot;:&quot;classic&quot;}\">\n\t\t\t\t\t\t\t<div class=\"elementor-background-overlay\"><\/div>\n\t\t\t\t\t\t\t<div class=\"elementor-container elementor-column-gap-default\">\n\t\t\t\t\t<div class=\"elementor-column elementor-col-100 elementor-top-column elementor-element elementor-element-06d1226\" data-id=\"06d1226\" data-element_type=\"column\" data-e-type=\"column\">\n\t\t\t<div class=\"elementor-widget-wrap elementor-element-populated\">\n\t\t\t\t\t\t<div class=\"elementor-element elementor-element-3749b87 elementor-widget elementor-widget-heading\" data-id=\"3749b87\" data-element_type=\"widget\" data-e-type=\"widget\" data-widget_type=\"heading.default\">\n\t\t\t\t<div class=\"elementor-widget-container\">\n\t\t\t\t\t<h2 class=\"elementor-heading-title elementor-size-default\">Grafiti LLC<\/h2>\t\t\t\t<\/div>\n\t\t\t\t<\/div>\n\t\t\t\t\t<\/div>\n\t\t<\/div>\n\t\t\t\t\t<\/div>\n\t\t<\/section>\n\t\t\t\t<section class=\"elementor-section elementor-top-section elementor-element elementor-element-1db16a3 elementor-section-content-middle elementor-section-boxed elementor-section-height-default elementor-section-height-default\" data-id=\"1db16a3\" data-element_type=\"section\" data-e-type=\"section\">\n\t\t\t\t\t\t<div class=\"elementor-container elementor-column-gap-default\">\n\t\t\t\t\t<div class=\"elementor-column elementor-col-100 elementor-top-column elementor-element elementor-element-a4d73d1\" data-id=\"a4d73d1\" data-element_type=\"column\" data-e-type=\"column\" data-settings=\"{&quot;animation&quot;:&quot;none&quot;}\">\n\t\t\t<div class=\"elementor-widget-wrap elementor-element-populated\">\n\t\t\t\t\t\t<div class=\"elementor-element elementor-element-1e5ad34 elementor-widget elementor-widget-image\" data-id=\"1e5ad34\" data-element_type=\"widget\" data-e-type=\"widget\" data-widget_type=\"image.default\">\n\t\t\t\t<div class=\"elementor-widget-container\">\n\t\t\t\t\t\t\t\t\t\t\t\t\t\t\t<img decoding=\"async\" width=\"249\" height=\"76\" src=\"https:\/\/grafiti.com\/wp-content\/uploads\/2024\/01\/SigmaStat_logo1-1.png\" class=\"attachment-large size-large wp-image-13037\" alt=\"\" \/>\t\t\t\t\t\t\t\t\t\t\t\t\t\t\t<\/div>\n\t\t\t\t<\/div>\n\t\t\t\t<div class=\"elementor-element elementor-element-3b83d50 elementor-widget elementor-widget-heading\" data-id=\"3b83d50\" data-element_type=\"widget\" data-e-type=\"widget\" data-widget_type=\"heading.default\">\n\t\t\t\t<div class=\"elementor-widget-container\">\n\t\t\t\t\t<p class=\"elementor-heading-title elementor-size-default\">Beratungsstatistik f\u00fcr Nicht-Statistiker. SigmaStat bietet eine breite Palette an leistungsstarken und dennoch benutzerfreundlichen statistischen Analysen, die speziell auf die Bed\u00fcrfnisse von Wissenschaftlern und Ingenieuren zugeschnitten sind. <\/p>\t\t\t\t<\/div>\n\t\t\t\t<\/div>\n\t\t\t\t<div class=\"elementor-element elementor-element-a936dab elementor-widget elementor-widget-text-editor\" data-id=\"a936dab\" data-element_type=\"widget\" data-e-type=\"widget\" data-widget_type=\"text-editor.default\">\n\t\t\t\t<div class=\"elementor-widget-container\">\n\t\t\t\t\t\t\t\t\t<h6>WICHTIGE Hinweise zur Installation:<\/h6>\nSeriennummer der Testversion: Wenn Sie dazu aufgefordert werden, geben Sie w\u00e4hrend des Installationsvorgangs die folgende Seriennummer ein:\n&#8222;773400000&#8220; (ohne Anf\u00fchrungszeichen).\t\t\t\t\t\t\t\t<\/div>\n\t\t\t\t<\/div>\n\t\t\t\t<div class=\"elementor-element elementor-element-f43447c elementor-widget elementor-widget-text-editor\" data-id=\"f43447c\" data-element_type=\"widget\" data-e-type=\"widget\" data-widget_type=\"text-editor.default\">\n\t\t\t\t<div class=\"elementor-widget-container\">\n\t\t\t\t\t\t\t\t\t<span style=\"font-size: 1rem;\">Sobald die Datei heruntergeladen und entpackt ist, doppelklicken Sie auf die Datei, um die Installation zu starten.  <\/span>Diese eingeschr\u00e4nkte Version unseres Produkts wird in Form einer selbstinstallierenden ausf\u00fchrbaren Datei geliefert. Anschlie\u00dfend m\u00fcssen Sie die heruntergeladene Datei f\u00fcr die Demo ausf\u00fchren, die die entsprechenden Programmdateien in den richtigen Verzeichnissen auf Ihrem Computer installiert.\n\nIm Folgenden finden Sie eine detaillierte Schritt-f\u00fcr-Schritt-Anleitung f\u00fcr die Installation und den Ausbau:\n<ul>\n \t<li>Laden Sie die Datei auf Ihren Computer herunter. Klicken Sie unten auf die Schaltfl\u00e4che &#8222;Jetzt herunterladen&#8220;, um den Download zu starten. <\/li>\n \t<li>Sobald die Datei heruntergeladen ist, doppelklicken Sie im Windows Explorer oder im Dateimanager auf die Datei, um die Installation zu starten.<\/li>\n \t<li>Sollten Sie Probleme haben, die Installation abzuschlie\u00dfen, melden Sie sich bitte bei uns.<\/li>\n \t<li>Folgen Sie den Anweisungen des Setup-Programms.<\/li>\n<\/ul>\n<strong style=\"font-style: inherit;\">FileSize:<\/strong><span style=\"font-style: inherit; font-weight: inherit;\"> 123 MB<\/span>\t\t\t\t\t\t\t\t<\/div>\n\t\t\t\t<\/div>\n\t\t\t\t\t<\/div>\n\t\t<\/div>\n\t\t\t\t\t<\/div>\n\t\t<\/section>\n\t\t\t\t<section class=\"elementor-section elementor-top-section elementor-element elementor-element-3dc3c32 elementor-section-boxed elementor-section-height-default elementor-section-height-default\" data-id=\"3dc3c32\" data-element_type=\"section\" data-e-type=\"section\">\n\t\t\t\t\t\t<div class=\"elementor-container elementor-column-gap-default\">\n\t\t\t\t\t<div class=\"elementor-column elementor-col-33 elementor-top-column elementor-element elementor-element-d742711\" data-id=\"d742711\" data-element_type=\"column\" data-e-type=\"column\">\n\t\t\t<div class=\"elementor-widget-wrap elementor-element-populated\">\n\t\t\t\t\t\t<div class=\"elementor-element elementor-element-f1d69f4 elementor-align-left elementor-widget elementor-widget-button\" data-id=\"f1d69f4\" data-element_type=\"widget\" data-e-type=\"widget\" data-widget_type=\"button.default\">\n\t\t\t\t<div class=\"elementor-widget-container\">\n\t\t\t\t\t\t\t\t\t<div class=\"elementor-button-wrapper\">\n\t\t\t\t\t<a class=\"elementor-button elementor-button-link elementor-size-md\" href=\"https:\/\/inpixon.files.com\/f\/30e599b6afa753be\">\n\t\t\t\t\t\t<span class=\"elementor-button-content-wrapper\">\n\t\t\t\t\t\t\t\t\t<span class=\"elementor-button-text\">Testversion der Software herunterladen  <\/span>\n\t\t\t\t\t<\/span>\n\t\t\t\t\t<\/a>\n\t\t\t\t<\/div>\n\t\t\t\t\t\t\t\t<\/div>\n\t\t\t\t<\/div>\n\t\t\t\t\t<\/div>\n\t\t<\/div>\n\t\t\t\t<div class=\"elementor-column elementor-col-33 elementor-top-column elementor-element elementor-element-6b48c5b\" data-id=\"6b48c5b\" data-element_type=\"column\" data-e-type=\"column\">\n\t\t\t<div class=\"elementor-widget-wrap elementor-element-populated\">\n\t\t\t\t\t\t<div class=\"elementor-element elementor-element-ad0fc41 elementor-align-left elementor-widget__width-initial elementor-widget elementor-widget-button\" data-id=\"ad0fc41\" data-element_type=\"widget\" data-e-type=\"widget\" data-widget_type=\"button.default\">\n\t\t\t\t<div class=\"elementor-widget-container\">\n\t\t\t\t\t\t\t\t\t<div class=\"elementor-button-wrapper\">\n\t\t\t\t\t<a class=\"elementor-button elementor-button-link elementor-size-md\" href=\"\/wp-content\/products\/download-resources\/sigmastat\/sigmastat_4_brochure.pdf\">\n\t\t\t\t\t\t<span class=\"elementor-button-content-wrapper\">\n\t\t\t\t\t\t\t\t\t<span class=\"elementor-button-text\">Brosch\u00fcre herunterladen<\/span>\n\t\t\t\t\t<\/span>\n\t\t\t\t\t<\/a>\n\t\t\t\t<\/div>\n\t\t\t\t\t\t\t\t<\/div>\n\t\t\t\t<\/div>\n\t\t\t\t\t<\/div>\n\t\t<\/div>\n\t\t\t\t<div class=\"elementor-column elementor-col-33 elementor-top-column elementor-element elementor-element-2f7f35d\" data-id=\"2f7f35d\" data-element_type=\"column\" data-e-type=\"column\">\n\t\t\t<div class=\"elementor-widget-wrap elementor-element-populated\">\n\t\t\t\t\t\t<div class=\"elementor-element elementor-element-6372bae elementor-align-left elementor-widget__width-initial elementor-widget elementor-widget-button\" data-id=\"6372bae\" data-element_type=\"widget\" data-e-type=\"widget\" data-widget_type=\"button.default\">\n\t\t\t\t<div class=\"elementor-widget-container\">\n\t\t\t\t\t\t\t\t\t<div class=\"elementor-button-wrapper\">\n\t\t\t\t\t<a class=\"elementor-button elementor-button-link elementor-size-md\" href=\"https:\/\/grafiti.com\/de\/sigmastat\/\">\n\t\t\t\t\t\t<span class=\"elementor-button-content-wrapper\">\n\t\t\t\t\t\t\t\t\t<span class=\"elementor-button-text\">Mehr erfahren<\/span>\n\t\t\t\t\t<\/span>\n\t\t\t\t\t<\/a>\n\t\t\t\t<\/div>\n\t\t\t\t\t\t\t\t<\/div>\n\t\t\t\t<\/div>\n\t\t\t\t\t<\/div>\n\t\t<\/div>\n\t\t\t\t\t<\/div>\n\t\t<\/section>\n\t\t\t\t<section class=\"elementor-section elementor-top-section elementor-element elementor-element-c12b09b elementor-section-boxed elementor-section-height-default elementor-section-height-default\" data-id=\"c12b09b\" data-element_type=\"section\" data-e-type=\"section\">\n\t\t\t\t\t\t<div class=\"elementor-container elementor-column-gap-default\">\n\t\t\t\t\t<div class=\"elementor-column elementor-col-100 elementor-top-column elementor-element elementor-element-a128c7a\" data-id=\"a128c7a\" data-element_type=\"column\" data-e-type=\"column\">\n\t\t\t<div class=\"elementor-widget-wrap elementor-element-populated\">\n\t\t\t\t\t\t<div class=\"elementor-element elementor-element-6eac6a1 elementor-widget elementor-widget-heading\" data-id=\"6eac6a1\" data-element_type=\"widget\" data-e-type=\"widget\" data-widget_type=\"heading.default\">\n\t\t\t\t<div class=\"elementor-widget-container\">\n\t\t\t\t\t<h2 class=\"elementor-heading-title elementor-size-default\">So deinstallieren Sie die SigmaStat-Demo<\/h2>\t\t\t\t<\/div>\n\t\t\t\t<\/div>\n\t\t\t\t<div class=\"elementor-element elementor-element-e91be64 elementor-widget elementor-widget-text-editor\" data-id=\"e91be64\" data-element_type=\"widget\" data-e-type=\"widget\" data-widget_type=\"text-editor.default\">\n\t\t\t\t<div class=\"elementor-widget-container\">\n\t\t\t\t\t\t\t\t\t<p>W\u00e4hlen Sie im Startmen\u00fc Einstellungen, Systemsteuerung, Programme hinzuf\u00fcgen\/entfernen.<br \/>&#8211; W\u00e4hlen Sie SigmaStat aus der Liste.<br \/>&#8211; Klicken Sie auf Hinzuf\u00fcgen\/Entfernen<br \/>&#8211; Sie werden gefragt, ob Sie die Software wirklich entfernen m\u00f6chten.<br \/>&#8211; W\u00e4hlen Sie &#8222;Ja&#8220;<br \/>&#8211; Windows deinstalliert die Software automatisch<\/p>\n\t\t\t\t\t\t\t\t<\/div>\n\t\t\t\t<\/div>\n\t\t\t\t\t<\/div>\n\t\t<\/div>\n\t\t\t\t\t<\/div>\n\t\t<\/section>\n\t\t\t\t<\/div>\n\t\t","protected":false},"excerpt":{"rendered":"<p>Grafiti LLC Beratungsstatistik f\u00fcr Nicht-Statistiker. SigmaStat bietet eine breite Palette an leistungsstarken und dennoch benutzerfreundlichen statistischen Analysen, die speziell auf die Bed\u00fcrfnisse von Wissenschaftlern und Ingenieuren zugeschnitten sind. WICHTIGE Hinweise zur Installation: Seriennummer der Testversion: Wenn Sie dazu aufgefordert werden, geben Sie w\u00e4hrend des Installationsvorgangs die folgende Seriennummer ein: &#8222;773400000&#8220; (ohne Anf\u00fchrungszeichen).Sobald die Datei heruntergeladen [&hellip;]<\/p>\n","protected":false},"author":1773,"featured_media":0,"parent":0,"menu_order":0,"comment_status":"closed","ping_status":"closed","template":"","meta":{"site-sidebar-layout":"no-sidebar","site-content-layout":"page-builder","ast-site-content-layout":"full-width-container","site-content-style":"default","site-sidebar-style":"default","ast-global-header-display":"","ast-banner-title-visibility":"","ast-main-header-display":"","ast-hfb-above-header-display":"","ast-hfb-below-header-display":"","ast-hfb-mobile-header-display":"","site-post-title":"disabled","ast-breadcrumbs-content":"","ast-featured-img":"disabled","footer-sml-layout":"","ast-disable-related-posts":"","theme-transparent-header-meta":"","adv-header-id-meta":"","stick-header-meta":"","header-above-stick-meta":"","header-main-stick-meta":"","header-below-stick-meta":"","astra-migrate-meta-layouts":"default","ast-page-background-enabled":"default","ast-page-background-meta":{"desktop":{"background-color":"var(--ast-global-color-4)","background-image":"","background-repeat":"repeat","background-position":"center center","background-size":"auto","background-attachment":"scroll","background-type":"","background-media":"","overlay-type":"","overlay-color":"","overlay-opacity":"","overlay-gradient":""},"tablet":{"background-color":"","background-image":"","background-repeat":"repeat","background-position":"center center","background-size":"auto","background-attachment":"scroll","background-type":"","background-media":"","overlay-type":"","overlay-color":"","overlay-opacity":"","overlay-gradient":""},"mobile":{"background-color":"","background-image":"","background-repeat":"repeat","background-position":"center center","background-size":"auto","background-attachment":"scroll","background-type":"","background-media":"","overlay-type":"","overlay-color":"","overlay-opacity":"","overlay-gradient":""}},"ast-content-background-meta":{"desktop":{"background-color":"var(--ast-global-color-5)","background-image":"","background-repeat":"repeat","background-position":"center center","background-size":"auto","background-attachment":"scroll","background-type":"","background-media":"","overlay-type":"","overlay-color":"","overlay-opacity":"","overlay-gradient":""},"tablet":{"background-color":"var(--ast-global-color-5)","background-image":"","background-repeat":"repeat","background-position":"center center","background-size":"auto","background-attachment":"scroll","background-type":"","background-media":"","overlay-type":"","overlay-color":"","overlay-opacity":"","overlay-gradient":""},"mobile":{"background-color":"var(--ast-global-color-5)","background-image":"","background-repeat":"repeat","background-position":"center center","background-size":"auto","background-attachment":"scroll","background-type":"","background-media":"","overlay-type":"","overlay-color":"","overlay-opacity":"","overlay-gradient":""}},"footnotes":""},"class_list":["post-16100","page","type-page","status-publish","hentry"],"yoast_head":"<!-- This site is optimized with the Yoast SEO plugin v27.5 - https:\/\/yoast.com\/product\/yoast-seo-wordpress\/ -->\n<title>- Grafiti LLC<\/title>\n<meta name=\"robots\" content=\"index, follow, max-snippet:-1, max-image-preview:large, max-video-preview:-1\" \/>\n<link rel=\"canonical\" href=\"https:\/\/grafiti.com\/de\/sigmastat-software-herunterladen\/\" \/>\n<meta property=\"og:locale\" content=\"de_DE\" \/>\n<meta property=\"og:type\" content=\"article\" \/>\n<meta property=\"og:title\" content=\"- Grafiti LLC\" \/>\n<meta property=\"og:description\" content=\"Grafiti LLC Beratungsstatistik f\u00fcr Nicht-Statistiker. SigmaStat bietet eine breite Palette an leistungsstarken und dennoch benutzerfreundlichen statistischen Analysen, die speziell auf die Bed\u00fcrfnisse von Wissenschaftlern und Ingenieuren zugeschnitten sind. WICHTIGE Hinweise zur Installation: Seriennummer der Testversion: Wenn Sie dazu aufgefordert werden, geben Sie w\u00e4hrend des Installationsvorgangs die folgende Seriennummer ein: &#8222;773400000&#8220; (ohne Anf\u00fchrungszeichen).Sobald die Datei heruntergeladen [&hellip;]\" \/>\n<meta property=\"og:url\" content=\"https:\/\/grafiti.com\/de\/sigmastat-software-herunterladen\/\" \/>\n<meta property=\"og:site_name\" content=\"Grafiti LLC\" \/>\n<meta property=\"article:modified_time\" content=\"2025-03-09T07:03:22+00:00\" \/>\n<meta property=\"og:image\" content=\"https:\/\/grafiti.com\/wp-content\/uploads\/2024\/01\/SigmaStat_logo1-1.png\" \/>\n\t<meta property=\"og:image:width\" content=\"249\" \/>\n\t<meta property=\"og:image:height\" content=\"76\" \/>\n\t<meta property=\"og:image:type\" content=\"image\/png\" \/>\n<meta name=\"twitter:card\" content=\"summary_large_image\" \/>\n<meta name=\"twitter:label1\" content=\"Gesch\u00e4tzte Lesezeit\" \/>\n\t<meta name=\"twitter:data1\" content=\"1 Minute\" \/>\n<script type=\"application\/ld+json\" class=\"yoast-schema-graph\">{\"@context\":\"https:\\\/\\\/schema.org\",\"@graph\":[{\"@type\":\"WebPage\",\"@id\":\"https:\\\/\\\/grafiti.com\\\/de\\\/sigmastat-software-herunterladen\\\/\",\"url\":\"https:\\\/\\\/grafiti.com\\\/de\\\/sigmastat-software-herunterladen\\\/\",\"name\":\"- Grafiti LLC\",\"isPartOf\":{\"@id\":\"https:\\\/\\\/grafiti.com\\\/#website\"},\"primaryImageOfPage\":{\"@id\":\"https:\\\/\\\/grafiti.com\\\/de\\\/sigmastat-software-herunterladen\\\/#primaryimage\"},\"image\":{\"@id\":\"https:\\\/\\\/grafiti.com\\\/de\\\/sigmastat-software-herunterladen\\\/#primaryimage\"},\"thumbnailUrl\":\"https:\\\/\\\/grafiti.com\\\/wp-content\\\/uploads\\\/2024\\\/01\\\/SigmaStat_logo1-1.png\",\"datePublished\":\"2024-01-24T08:04:08+00:00\",\"dateModified\":\"2025-03-09T07:03:22+00:00\",\"breadcrumb\":{\"@id\":\"https:\\\/\\\/grafiti.com\\\/de\\\/sigmastat-software-herunterladen\\\/#breadcrumb\"},\"inLanguage\":\"de-DE\",\"potentialAction\":[{\"@type\":\"ReadAction\",\"target\":[\"https:\\\/\\\/grafiti.com\\\/de\\\/sigmastat-software-herunterladen\\\/\"]}]},{\"@type\":\"ImageObject\",\"inLanguage\":\"de-DE\",\"@id\":\"https:\\\/\\\/grafiti.com\\\/de\\\/sigmastat-software-herunterladen\\\/#primaryimage\",\"url\":\"https:\\\/\\\/grafiti.com\\\/wp-content\\\/uploads\\\/2024\\\/01\\\/SigmaStat_logo1-1.png\",\"contentUrl\":\"https:\\\/\\\/grafiti.com\\\/wp-content\\\/uploads\\\/2024\\\/01\\\/SigmaStat_logo1-1.png\"},{\"@type\":\"BreadcrumbList\",\"@id\":\"https:\\\/\\\/grafiti.com\\\/de\\\/sigmastat-software-herunterladen\\\/#breadcrumb\",\"itemListElement\":[{\"@type\":\"ListItem\",\"position\":1,\"name\":\"Home\",\"item\":\"https:\\\/\\\/grafiti.com\\\/\"},{\"@type\":\"ListItem\",\"position\":2,\"name\":\"SigmaStat Software herunterladen\"}]},{\"@type\":\"WebSite\",\"@id\":\"https:\\\/\\\/grafiti.com\\\/#website\",\"url\":\"https:\\\/\\\/grafiti.com\\\/\",\"name\":\"Grafiti LLC\",\"description\":\"Grafiti LLC\",\"publisher\":{\"@id\":\"https:\\\/\\\/grafiti.com\\\/#organization\"},\"potentialAction\":[{\"@type\":\"SearchAction\",\"target\":{\"@type\":\"EntryPoint\",\"urlTemplate\":\"https:\\\/\\\/grafiti.com\\\/?s={search_term_string}\"},\"query-input\":{\"@type\":\"PropertyValueSpecification\",\"valueRequired\":true,\"valueName\":\"search_term_string\"}}],\"inLanguage\":\"de-DE\"},{\"@type\":\"Organization\",\"@id\":\"https:\\\/\\\/grafiti.com\\\/#organization\",\"name\":\"Grafiti LLC\",\"url\":\"https:\\\/\\\/grafiti.com\\\/\",\"logo\":{\"@type\":\"ImageObject\",\"inLanguage\":\"de-DE\",\"@id\":\"https:\\\/\\\/grafiti.com\\\/#\\\/schema\\\/logo\\\/image\\\/\",\"url\":\"https:\\\/\\\/grafiti.com\\\/wp-content\\\/uploads\\\/2024\\\/01\\\/logo-2.png\",\"contentUrl\":\"https:\\\/\\\/grafiti.com\\\/wp-content\\\/uploads\\\/2024\\\/01\\\/logo-2.png\",\"width\":164,\"height\":62,\"caption\":\"Grafiti LLC\"},\"image\":{\"@id\":\"https:\\\/\\\/grafiti.com\\\/#\\\/schema\\\/logo\\\/image\\\/\"}}]}<\/script>\n<!-- \/ Yoast SEO plugin. -->","yoast_head_json":{"title":"- Grafiti LLC","robots":{"index":"index","follow":"follow","max-snippet":"max-snippet:-1","max-image-preview":"max-image-preview:large","max-video-preview":"max-video-preview:-1"},"canonical":"https:\/\/grafiti.com\/de\/sigmastat-software-herunterladen\/","og_locale":"de_DE","og_type":"article","og_title":"- Grafiti LLC","og_description":"Grafiti LLC Beratungsstatistik f\u00fcr Nicht-Statistiker. SigmaStat bietet eine breite Palette an leistungsstarken und dennoch benutzerfreundlichen statistischen Analysen, die speziell auf die Bed\u00fcrfnisse von Wissenschaftlern und Ingenieuren zugeschnitten sind. WICHTIGE Hinweise zur Installation: Seriennummer der Testversion: Wenn Sie dazu aufgefordert werden, geben Sie w\u00e4hrend des Installationsvorgangs die folgende Seriennummer ein: &#8222;773400000&#8220; (ohne Anf\u00fchrungszeichen).Sobald die Datei heruntergeladen [&hellip;]","og_url":"https:\/\/grafiti.com\/de\/sigmastat-software-herunterladen\/","og_site_name":"Grafiti LLC","article_modified_time":"2025-03-09T07:03:22+00:00","og_image":[{"width":249,"height":76,"url":"https:\/\/grafiti.com\/wp-content\/uploads\/2024\/01\/SigmaStat_logo1-1.png","type":"image\/png"}],"twitter_card":"summary_large_image","twitter_misc":{"Gesch\u00e4tzte Lesezeit":"1 Minute"},"schema":{"@context":"https:\/\/schema.org","@graph":[{"@type":"WebPage","@id":"https:\/\/grafiti.com\/de\/sigmastat-software-herunterladen\/","url":"https:\/\/grafiti.com\/de\/sigmastat-software-herunterladen\/","name":"- Grafiti LLC","isPartOf":{"@id":"https:\/\/grafiti.com\/#website"},"primaryImageOfPage":{"@id":"https:\/\/grafiti.com\/de\/sigmastat-software-herunterladen\/#primaryimage"},"image":{"@id":"https:\/\/grafiti.com\/de\/sigmastat-software-herunterladen\/#primaryimage"},"thumbnailUrl":"https:\/\/grafiti.com\/wp-content\/uploads\/2024\/01\/SigmaStat_logo1-1.png","datePublished":"2024-01-24T08:04:08+00:00","dateModified":"2025-03-09T07:03:22+00:00","breadcrumb":{"@id":"https:\/\/grafiti.com\/de\/sigmastat-software-herunterladen\/#breadcrumb"},"inLanguage":"de-DE","potentialAction":[{"@type":"ReadAction","target":["https:\/\/grafiti.com\/de\/sigmastat-software-herunterladen\/"]}]},{"@type":"ImageObject","inLanguage":"de-DE","@id":"https:\/\/grafiti.com\/de\/sigmastat-software-herunterladen\/#primaryimage","url":"https:\/\/grafiti.com\/wp-content\/uploads\/2024\/01\/SigmaStat_logo1-1.png","contentUrl":"https:\/\/grafiti.com\/wp-content\/uploads\/2024\/01\/SigmaStat_logo1-1.png"},{"@type":"BreadcrumbList","@id":"https:\/\/grafiti.com\/de\/sigmastat-software-herunterladen\/#breadcrumb","itemListElement":[{"@type":"ListItem","position":1,"name":"Home","item":"https:\/\/grafiti.com\/"},{"@type":"ListItem","position":2,"name":"SigmaStat Software herunterladen"}]},{"@type":"WebSite","@id":"https:\/\/grafiti.com\/#website","url":"https:\/\/grafiti.com\/","name":"Grafiti LLC","description":"Grafiti LLC","publisher":{"@id":"https:\/\/grafiti.com\/#organization"},"potentialAction":[{"@type":"SearchAction","target":{"@type":"EntryPoint","urlTemplate":"https:\/\/grafiti.com\/?s={search_term_string}"},"query-input":{"@type":"PropertyValueSpecification","valueRequired":true,"valueName":"search_term_string"}}],"inLanguage":"de-DE"},{"@type":"Organization","@id":"https:\/\/grafiti.com\/#organization","name":"Grafiti LLC","url":"https:\/\/grafiti.com\/","logo":{"@type":"ImageObject","inLanguage":"de-DE","@id":"https:\/\/grafiti.com\/#\/schema\/logo\/image\/","url":"https:\/\/grafiti.com\/wp-content\/uploads\/2024\/01\/logo-2.png","contentUrl":"https:\/\/grafiti.com\/wp-content\/uploads\/2024\/01\/logo-2.png","width":164,"height":62,"caption":"Grafiti LLC"},"image":{"@id":"https:\/\/grafiti.com\/#\/schema\/logo\/image\/"}}]}},"_links":{"self":[{"href":"https:\/\/grafiti.com\/de\/wp-json\/wp\/v2\/pages\/16100","targetHints":{"allow":["GET"]}}],"collection":[{"href":"https:\/\/grafiti.com\/de\/wp-json\/wp\/v2\/pages"}],"about":[{"href":"https:\/\/grafiti.com\/de\/wp-json\/wp\/v2\/types\/page"}],"author":[{"embeddable":true,"href":"https:\/\/grafiti.com\/de\/wp-json\/wp\/v2\/users\/1773"}],"replies":[{"embeddable":true,"href":"https:\/\/grafiti.com\/de\/wp-json\/wp\/v2\/comments?post=16100"}],"version-history":[{"count":0,"href":"https:\/\/grafiti.com\/de\/wp-json\/wp\/v2\/pages\/16100\/revisions"}],"wp:attachment":[{"href":"https:\/\/grafiti.com\/de\/wp-json\/wp\/v2\/media?parent=16100"}],"curies":[{"name":"wp","href":"https:\/\/api.w.org\/{rel}","templated":true}]}}