{"id":11781,"date":"2023-07-12T07:13:38","date_gmt":"2023-07-12T07:13:38","guid":{"rendered":"https:\/\/grafiti.com\/acerca-de\/"},"modified":"2024-01-13T13:40:48","modified_gmt":"2024-01-13T13:40:48","slug":"acerca-de","status":"publish","type":"page","link":"https:\/\/grafiti.com\/es\/acerca-de\/","title":{"rendered":"acerca de"},"content":{"rendered":"\t\t<div data-elementor-type=\"wp-page\" data-elementor-id=\"11781\" class=\"elementor elementor-11781 elementor-11778\" data-elementor-post-type=\"page\">\n\t\t\t\t\t\t<section class=\"elementor-section elementor-top-section elementor-element elementor-element-b92c002 elementor-section-boxed elementor-section-height-default elementor-section-height-default\" data-id=\"b92c002\" data-element_type=\"section\" data-e-type=\"section\">\n\t\t\t\t\t\t<div class=\"elementor-container elementor-column-gap-default\">\n\t\t\t\t\t<div class=\"elementor-column elementor-col-50 elementor-top-column elementor-element elementor-element-986bca2\" data-id=\"986bca2\" data-element_type=\"column\" data-e-type=\"column\">\n\t\t\t<div class=\"elementor-widget-wrap elementor-element-populated\">\n\t\t\t\t\t\t<div class=\"elementor-element elementor-element-5d77255 elementor-widget elementor-widget-heading\" data-id=\"5d77255\" data-element_type=\"widget\" data-e-type=\"widget\" data-widget_type=\"heading.default\">\n\t\t\t\t<div class=\"elementor-widget-container\">\n\t\t\t\t\t<h1 class=\"elementor-heading-title elementor-size-default\">Qui\u00e9nes somos\n<\/h1>\t\t\t\t<\/div>\n\t\t\t\t<\/div>\n\t\t\t\t<div class=\"elementor-element elementor-element-135cc90 elementor-widget elementor-widget-heading\" data-id=\"135cc90\" data-element_type=\"widget\" data-e-type=\"widget\" data-widget_type=\"heading.default\">\n\t\t\t\t<div class=\"elementor-widget-container\">\n\t\t\t\t\t<h2 class=\"elementor-heading-title elementor-size-default\">Software Systat<\/h2>\t\t\t\t<\/div>\n\t\t\t\t<\/div>\n\t\t\t\t<div class=\"elementor-element elementor-element-ad0ce8e elementor-widget elementor-widget-heading\" data-id=\"ad0ce8e\" data-element_type=\"widget\" data-e-type=\"widget\" data-widget_type=\"heading.default\">\n\t\t\t\t<div class=\"elementor-widget-container\">\n\t\t\t\t\t<p class=\"elementor-heading-title elementor-size-default\">Systat Software Inc. US business entity incorporated in Delaware and having its headquarters at 2107 N 1st St Ste 360 San Jose CA 95131 has entered into an Exclusive Software Licensing Agreement with Inpixon (Nasdaq listed -INPX) a Company whose headquarters is in Palo Alto California. Inpixon tiene oficinas en Estados Unidos, Reino Unido, Alemania e India. En virtud de este Acuerdo de Licencia Exclusiva de Software, en vigor desde el 1 de junio de 2020, se concedi\u00f3 a Inpixon una licencia global exclusiva para la distribuci\u00f3n, venta, comercializaci\u00f3n, concesi\u00f3n de licencias y desarrollo de la suite de productos de software Systat &amp; SigmaPlot, que incluye SigmaPlot\u00ae, SigmaStat\u00ae, Systat\u00ae, PeakFit\u00ae, TableCurve2D\u00ae y TableCurve3D\u00ae . Inpixon ha asumido toda la responsabilidad global para el cumplimiento, servicio, facturaci\u00f3n y cobro de todos los pedidos con respecto a estos productos a partir de esta fecha efectiva.\n<\/p>\t\t\t\t<\/div>\n\t\t\t\t<\/div>\n\t\t\t\t<div class=\"elementor-element elementor-element-7c99b29 e-grid-align-left elementor-shape-rounded elementor-grid-0 elementor-widget elementor-widget-social-icons\" data-id=\"7c99b29\" data-element_type=\"widget\" data-e-type=\"widget\" data-widget_type=\"social-icons.default\">\n\t\t\t\t<div class=\"elementor-widget-container\">\n\t\t\t\t\t\t\t<div class=\"elementor-social-icons-wrapper elementor-grid\" role=\"list\">\n\t\t\t\t\t\t\t<span class=\"elementor-grid-item\" role=\"listitem\">\n\t\t\t\t\t<a class=\"elementor-icon elementor-social-icon elementor-social-icon-instagram elementor-repeater-item-0e3e407\" target=\"_blank\">\n\t\t\t\t\t\t<span class=\"elementor-screen-only\">Instagram<\/span>\n\t\t\t\t\t\t<i aria-hidden=\"true\" class=\"fab fa-instagram\"><\/i>\t\t\t\t\t<\/a>\n\t\t\t\t<\/span>\n\t\t\t\t\t\t\t<span class=\"elementor-grid-item\" role=\"listitem\">\n\t\t\t\t\t<a class=\"elementor-icon elementor-social-icon elementor-social-icon-facebook elementor-repeater-item-a31c0a3\" target=\"_blank\">\n\t\t\t\t\t\t<span class=\"elementor-screen-only\">Facebook<\/span>\n\t\t\t\t\t\t<i aria-hidden=\"true\" class=\"fab fa-facebook\"><\/i>\t\t\t\t\t<\/a>\n\t\t\t\t<\/span>\n\t\t\t\t\t\t\t<span class=\"elementor-grid-item\" role=\"listitem\">\n\t\t\t\t\t<a class=\"elementor-icon elementor-social-icon elementor-social-icon-twitter elementor-repeater-item-a6193fd\" target=\"_blank\">\n\t\t\t\t\t\t<span class=\"elementor-screen-only\">Twitter<\/span>\n\t\t\t\t\t\t<i aria-hidden=\"true\" class=\"fab fa-twitter\"><\/i>\t\t\t\t\t<\/a>\n\t\t\t\t<\/span>\n\t\t\t\t\t\t\t<span class=\"elementor-grid-item\" role=\"listitem\">\n\t\t\t\t\t<a class=\"elementor-icon elementor-social-icon elementor-social-icon-linkedin elementor-repeater-item-d22d136\" target=\"_blank\">\n\t\t\t\t\t\t<span class=\"elementor-screen-only\">Linkedin<\/span>\n\t\t\t\t\t\t<i aria-hidden=\"true\" class=\"fab fa-linkedin\"><\/i>\t\t\t\t\t<\/a>\n\t\t\t\t<\/span>\n\t\t\t\t\t\t\t<span class=\"elementor-grid-item\" role=\"listitem\">\n\t\t\t\t\t<a class=\"elementor-icon elementor-social-icon elementor-social-icon-youtube elementor-repeater-item-2e5e9e5\" target=\"_blank\">\n\t\t\t\t\t\t<span class=\"elementor-screen-only\">Youtube<\/span>\n\t\t\t\t\t\t<i aria-hidden=\"true\" class=\"fab fa-youtube\"><\/i>\t\t\t\t\t<\/a>\n\t\t\t\t<\/span>\n\t\t\t\t\t<\/div>\n\t\t\t\t\t\t<\/div>\n\t\t\t\t<\/div>\n\t\t\t\t\t<\/div>\n\t\t<\/div>\n\t\t\t\t<div class=\"elementor-column elementor-col-50 elementor-top-column elementor-element elementor-element-a5478fc\" data-id=\"a5478fc\" data-element_type=\"column\" data-e-type=\"column\">\n\t\t\t<div class=\"elementor-widget-wrap elementor-element-populated\">\n\t\t\t\t\t\t<div class=\"elementor-element elementor-element-ccb65a0 elementor-widget elementor-widget-image\" data-id=\"ccb65a0\" data-element_type=\"widget\" data-e-type=\"widget\" data-widget_type=\"image.default\">\n\t\t\t\t<div class=\"elementor-widget-container\">\n\t\t\t\t\t\t\t\t\t\t\t\t\t\t\t<img decoding=\"async\" src=\"https:\/\/grafiti.com\/wp-content\/uploads\/2023\/08\/90461-Converted.png\" title=\"\" alt=\"\" loading=\"lazy\" \/>\t\t\t\t\t\t\t\t\t\t\t\t\t\t\t<\/div>\n\t\t\t\t<\/div>\n\t\t\t\t\t<\/div>\n\t\t<\/div>\n\t\t\t\t\t<\/div>\n\t\t<\/section>\n\t\t\t\t<\/div>\n\t\t","protected":false},"excerpt":{"rendered":"<p>Qui\u00e9nes somos Software Systat Systat Software Inc. US business entity incorporated in Delaware and having its headquarters at 2107 N 1st St Ste 360 San Jose CA 95131 has entered into an Exclusive Software Licensing Agreement with Inpixon (Nasdaq listed -INPX) a Company whose headquarters is in Palo Alto California. Inpixon tiene oficinas en Estados [&hellip;]<\/p>\n","protected":false},"author":1773,"featured_media":0,"parent":0,"menu_order":0,"comment_status":"closed","ping_status":"closed","template":"","meta":{"site-sidebar-layout":"no-sidebar","site-content-layout":"page-builder","ast-site-content-layout":"default","site-content-style":"default","site-sidebar-style":"default","ast-global-header-display":"","ast-banner-title-visibility":"","ast-main-header-display":"","ast-hfb-above-header-display":"","ast-hfb-below-header-display":"","ast-hfb-mobile-header-display":"","site-post-title":"disabled","ast-breadcrumbs-content":"","ast-featured-img":"disabled","footer-sml-layout":"","ast-disable-related-posts":"","theme-transparent-header-meta":"","adv-header-id-meta":"","stick-header-meta":"","header-above-stick-meta":"","header-main-stick-meta":"","header-below-stick-meta":"","astra-migrate-meta-layouts":"default","ast-page-background-enabled":"default","ast-page-background-meta":{"desktop":{"background-color":"var(--ast-global-color-4)","background-image":"","background-repeat":"repeat","background-position":"center center","background-size":"auto","background-attachment":"scroll","background-type":"","background-media":"","overlay-type":"","overlay-color":"","overlay-opacity":"","overlay-gradient":""},"tablet":{"background-color":"","background-image":"","background-repeat":"repeat","background-position":"center center","background-size":"auto","background-attachment":"scroll","background-type":"","background-media":"","overlay-type":"","overlay-color":"","overlay-opacity":"","overlay-gradient":""},"mobile":{"background-color":"","background-image":"","background-repeat":"repeat","background-position":"center center","background-size":"auto","background-attachment":"scroll","background-type":"","background-media":"","overlay-type":"","overlay-color":"","overlay-opacity":"","overlay-gradient":""}},"ast-content-background-meta":{"desktop":{"background-color":"var(--ast-global-color-5)","background-image":"","background-repeat":"repeat","background-position":"center center","background-size":"auto","background-attachment":"scroll","background-type":"","background-media":"","overlay-type":"","overlay-color":"","overlay-opacity":"","overlay-gradient":""},"tablet":{"background-color":"var(--ast-global-color-5)","background-image":"","background-repeat":"repeat","background-position":"center center","background-size":"auto","background-attachment":"scroll","background-type":"","background-media":"","overlay-type":"","overlay-color":"","overlay-opacity":"","overlay-gradient":""},"mobile":{"background-color":"var(--ast-global-color-5)","background-image":"","background-repeat":"repeat","background-position":"center center","background-size":"auto","background-attachment":"scroll","background-type":"","background-media":"","overlay-type":"","overlay-color":"","overlay-opacity":"","overlay-gradient":""}},"footnotes":""},"class_list":["post-11781","page","type-page","status-publish","hentry"],"yoast_head":"<!-- This site is optimized with the Yoast SEO plugin v27.5 - https:\/\/yoast.com\/product\/yoast-seo-wordpress\/ -->\n<title>acerca de - Grafiti LLC<\/title>\n<meta name=\"robots\" content=\"index, follow, max-snippet:-1, max-image-preview:large, max-video-preview:-1\" \/>\n<link rel=\"canonical\" href=\"https:\/\/grafiti.com\/es\/acerca-de\/\" \/>\n<meta property=\"og:locale\" content=\"es_ES\" \/>\n<meta property=\"og:type\" content=\"article\" \/>\n<meta property=\"og:title\" content=\"acerca de - Grafiti LLC\" \/>\n<meta property=\"og:description\" content=\"Qui\u00e9nes somos Software Systat Systat Software Inc. US business entity incorporated in Delaware and having its headquarters at 2107 N 1st St Ste 360 San Jose CA 95131 has entered into an Exclusive Software Licensing Agreement with Inpixon (Nasdaq listed -INPX) a Company whose headquarters is in Palo Alto California. Inpixon tiene oficinas en Estados [&hellip;]\" \/>\n<meta property=\"og:url\" content=\"https:\/\/grafiti.com\/es\/acerca-de\/\" \/>\n<meta property=\"og:site_name\" content=\"Grafiti LLC\" \/>\n<meta property=\"article:modified_time\" content=\"2024-01-13T13:40:48+00:00\" \/>\n<meta property=\"og:image\" content=\"https:\/\/grafiti.com\/wp-content\/uploads\/elementor\/thumbs\/90461-Converted-qhq91zj0w5pfso0rhwny9bkunszlb30od58u80rhy8.png\" \/>\n<meta name=\"twitter:card\" content=\"summary_large_image\" \/>\n<meta name=\"twitter:label1\" content=\"Tiempo de lectura\" \/>\n\t<meta name=\"twitter:data1\" content=\"1 minuto\" \/>\n<script type=\"application\/ld+json\" class=\"yoast-schema-graph\">{\"@context\":\"https:\\\/\\\/schema.org\",\"@graph\":[{\"@type\":\"WebPage\",\"@id\":\"https:\\\/\\\/grafiti.com\\\/es\\\/acerca-de\\\/\",\"url\":\"https:\\\/\\\/grafiti.com\\\/es\\\/acerca-de\\\/\",\"name\":\"acerca de - Grafiti LLC\",\"isPartOf\":{\"@id\":\"https:\\\/\\\/grafiti.com\\\/#website\"},\"primaryImageOfPage\":{\"@id\":\"https:\\\/\\\/grafiti.com\\\/es\\\/acerca-de\\\/#primaryimage\"},\"image\":{\"@id\":\"https:\\\/\\\/grafiti.com\\\/es\\\/acerca-de\\\/#primaryimage\"},\"thumbnailUrl\":\"https:\\\/\\\/grafiti.com\\\/wp-content\\\/uploads\\\/elementor\\\/thumbs\\\/90461-Converted-qhq91zj0w5pfso0rhwny9bkunszlb30od58u80rhy8.png\",\"datePublished\":\"2023-07-12T07:13:38+00:00\",\"dateModified\":\"2024-01-13T13:40:48+00:00\",\"breadcrumb\":{\"@id\":\"https:\\\/\\\/grafiti.com\\\/es\\\/acerca-de\\\/#breadcrumb\"},\"inLanguage\":\"es\",\"potentialAction\":[{\"@type\":\"ReadAction\",\"target\":[\"https:\\\/\\\/grafiti.com\\\/es\\\/acerca-de\\\/\"]}]},{\"@type\":\"ImageObject\",\"inLanguage\":\"es\",\"@id\":\"https:\\\/\\\/grafiti.com\\\/es\\\/acerca-de\\\/#primaryimage\",\"url\":\"https:\\\/\\\/grafiti.com\\\/wp-content\\\/uploads\\\/elementor\\\/thumbs\\\/90461-Converted-qhq91zj0w5pfso0rhwny9bkunszlb30od58u80rhy8.png\",\"contentUrl\":\"https:\\\/\\\/grafiti.com\\\/wp-content\\\/uploads\\\/elementor\\\/thumbs\\\/90461-Converted-qhq91zj0w5pfso0rhwny9bkunszlb30od58u80rhy8.png\"},{\"@type\":\"BreadcrumbList\",\"@id\":\"https:\\\/\\\/grafiti.com\\\/es\\\/acerca-de\\\/#breadcrumb\",\"itemListElement\":[{\"@type\":\"ListItem\",\"position\":1,\"name\":\"Home\",\"item\":\"https:\\\/\\\/grafiti.com\\\/es\\\/\"},{\"@type\":\"ListItem\",\"position\":2,\"name\":\"acerca de\"}]},{\"@type\":\"WebSite\",\"@id\":\"https:\\\/\\\/grafiti.com\\\/#website\",\"url\":\"https:\\\/\\\/grafiti.com\\\/\",\"name\":\"Grafiti LLC\",\"description\":\"Grafiti LLC\",\"publisher\":{\"@id\":\"https:\\\/\\\/grafiti.com\\\/#organization\"},\"potentialAction\":[{\"@type\":\"SearchAction\",\"target\":{\"@type\":\"EntryPoint\",\"urlTemplate\":\"https:\\\/\\\/grafiti.com\\\/?s={search_term_string}\"},\"query-input\":{\"@type\":\"PropertyValueSpecification\",\"valueRequired\":true,\"valueName\":\"search_term_string\"}}],\"inLanguage\":\"es\"},{\"@type\":\"Organization\",\"@id\":\"https:\\\/\\\/grafiti.com\\\/#organization\",\"name\":\"Grafiti LLC\",\"url\":\"https:\\\/\\\/grafiti.com\\\/\",\"logo\":{\"@type\":\"ImageObject\",\"inLanguage\":\"es\",\"@id\":\"https:\\\/\\\/grafiti.com\\\/#\\\/schema\\\/logo\\\/image\\\/\",\"url\":\"https:\\\/\\\/grafiti.com\\\/wp-content\\\/uploads\\\/2024\\\/01\\\/logo-2.png\",\"contentUrl\":\"https:\\\/\\\/grafiti.com\\\/wp-content\\\/uploads\\\/2024\\\/01\\\/logo-2.png\",\"width\":164,\"height\":62,\"caption\":\"Grafiti LLC\"},\"image\":{\"@id\":\"https:\\\/\\\/grafiti.com\\\/#\\\/schema\\\/logo\\\/image\\\/\"}}]}<\/script>\n<!-- \/ Yoast SEO plugin. -->","yoast_head_json":{"title":"acerca de - Grafiti LLC","robots":{"index":"index","follow":"follow","max-snippet":"max-snippet:-1","max-image-preview":"max-image-preview:large","max-video-preview":"max-video-preview:-1"},"canonical":"https:\/\/grafiti.com\/es\/acerca-de\/","og_locale":"es_ES","og_type":"article","og_title":"acerca de - Grafiti LLC","og_description":"Qui\u00e9nes somos Software Systat Systat Software Inc. US business entity incorporated in Delaware and having its headquarters at 2107 N 1st St Ste 360 San Jose CA 95131 has entered into an Exclusive Software Licensing Agreement with Inpixon (Nasdaq listed -INPX) a Company whose headquarters is in Palo Alto California. Inpixon tiene oficinas en Estados [&hellip;]","og_url":"https:\/\/grafiti.com\/es\/acerca-de\/","og_site_name":"Grafiti LLC","article_modified_time":"2024-01-13T13:40:48+00:00","og_image":[{"url":"https:\/\/grafiti.com\/wp-content\/uploads\/elementor\/thumbs\/90461-Converted-qhq91zj0w5pfso0rhwny9bkunszlb30od58u80rhy8.png","type":"","width":"","height":""}],"twitter_card":"summary_large_image","twitter_misc":{"Tiempo de lectura":"1 minuto"},"schema":{"@context":"https:\/\/schema.org","@graph":[{"@type":"WebPage","@id":"https:\/\/grafiti.com\/es\/acerca-de\/","url":"https:\/\/grafiti.com\/es\/acerca-de\/","name":"acerca de - Grafiti LLC","isPartOf":{"@id":"https:\/\/grafiti.com\/#website"},"primaryImageOfPage":{"@id":"https:\/\/grafiti.com\/es\/acerca-de\/#primaryimage"},"image":{"@id":"https:\/\/grafiti.com\/es\/acerca-de\/#primaryimage"},"thumbnailUrl":"https:\/\/grafiti.com\/wp-content\/uploads\/elementor\/thumbs\/90461-Converted-qhq91zj0w5pfso0rhwny9bkunszlb30od58u80rhy8.png","datePublished":"2023-07-12T07:13:38+00:00","dateModified":"2024-01-13T13:40:48+00:00","breadcrumb":{"@id":"https:\/\/grafiti.com\/es\/acerca-de\/#breadcrumb"},"inLanguage":"es","potentialAction":[{"@type":"ReadAction","target":["https:\/\/grafiti.com\/es\/acerca-de\/"]}]},{"@type":"ImageObject","inLanguage":"es","@id":"https:\/\/grafiti.com\/es\/acerca-de\/#primaryimage","url":"https:\/\/grafiti.com\/wp-content\/uploads\/elementor\/thumbs\/90461-Converted-qhq91zj0w5pfso0rhwny9bkunszlb30od58u80rhy8.png","contentUrl":"https:\/\/grafiti.com\/wp-content\/uploads\/elementor\/thumbs\/90461-Converted-qhq91zj0w5pfso0rhwny9bkunszlb30od58u80rhy8.png"},{"@type":"BreadcrumbList","@id":"https:\/\/grafiti.com\/es\/acerca-de\/#breadcrumb","itemListElement":[{"@type":"ListItem","position":1,"name":"Home","item":"https:\/\/grafiti.com\/es\/"},{"@type":"ListItem","position":2,"name":"acerca de"}]},{"@type":"WebSite","@id":"https:\/\/grafiti.com\/#website","url":"https:\/\/grafiti.com\/","name":"Grafiti LLC","description":"Grafiti LLC","publisher":{"@id":"https:\/\/grafiti.com\/#organization"},"potentialAction":[{"@type":"SearchAction","target":{"@type":"EntryPoint","urlTemplate":"https:\/\/grafiti.com\/?s={search_term_string}"},"query-input":{"@type":"PropertyValueSpecification","valueRequired":true,"valueName":"search_term_string"}}],"inLanguage":"es"},{"@type":"Organization","@id":"https:\/\/grafiti.com\/#organization","name":"Grafiti LLC","url":"https:\/\/grafiti.com\/","logo":{"@type":"ImageObject","inLanguage":"es","@id":"https:\/\/grafiti.com\/#\/schema\/logo\/image\/","url":"https:\/\/grafiti.com\/wp-content\/uploads\/2024\/01\/logo-2.png","contentUrl":"https:\/\/grafiti.com\/wp-content\/uploads\/2024\/01\/logo-2.png","width":164,"height":62,"caption":"Grafiti LLC"},"image":{"@id":"https:\/\/grafiti.com\/#\/schema\/logo\/image\/"}}]}},"_links":{"self":[{"href":"https:\/\/grafiti.com\/es\/wp-json\/wp\/v2\/pages\/11781","targetHints":{"allow":["GET"]}}],"collection":[{"href":"https:\/\/grafiti.com\/es\/wp-json\/wp\/v2\/pages"}],"about":[{"href":"https:\/\/grafiti.com\/es\/wp-json\/wp\/v2\/types\/page"}],"author":[{"embeddable":true,"href":"https:\/\/grafiti.com\/es\/wp-json\/wp\/v2\/users\/1773"}],"replies":[{"embeddable":true,"href":"https:\/\/grafiti.com\/es\/wp-json\/wp\/v2\/comments?post=11781"}],"version-history":[{"count":0,"href":"https:\/\/grafiti.com\/es\/wp-json\/wp\/v2\/pages\/11781\/revisions"}],"wp:attachment":[{"href":"https:\/\/grafiti.com\/es\/wp-json\/wp\/v2\/media?parent=11781"}],"curies":[{"name":"wp","href":"https:\/\/api.w.org\/{rel}","templated":true}]}}