{"id":11905,"date":"2023-07-26T08:20:15","date_gmt":"2023-07-26T08:20:15","guid":{"rendered":"https:\/\/grafiti.com\/citas-de-usuarios-de-tablecurve2d\/"},"modified":"2024-01-13T07:12:15","modified_gmt":"2024-01-13T07:12:15","slug":"citas-de-usuarios-de-tablecurve2d","status":"publish","type":"page","link":"https:\/\/grafiti.com\/es\/citas-de-usuarios-de-tablecurve2d\/","title":{"rendered":"Citas de usuarios de TableCurve2D"},"content":{"rendered":"\t\t<div data-elementor-type=\"wp-page\" data-elementor-id=\"11905\" class=\"elementor elementor-11905\" data-elementor-post-type=\"page\">\n\t\t\t\t\t\t<section class=\"elementor-section elementor-top-section elementor-element elementor-element-a07795c elementor-section-boxed elementor-section-height-default elementor-section-height-default\" data-id=\"a07795c\" data-element_type=\"section\" data-e-type=\"section\" data-settings=\"{&quot;background_background&quot;:&quot;classic&quot;}\">\n\t\t\t\t\t\t\t<div class=\"elementor-background-overlay\"><\/div>\n\t\t\t\t\t\t\t<div class=\"elementor-container elementor-column-gap-default\">\n\t\t\t\t\t<div class=\"elementor-column elementor-col-100 elementor-top-column elementor-element elementor-element-1328edb\" data-id=\"1328edb\" data-element_type=\"column\" data-e-type=\"column\">\n\t\t\t<div class=\"elementor-widget-wrap elementor-element-populated\">\n\t\t\t\t\t\t<div class=\"elementor-element elementor-element-06bd2f6 elementor-widget elementor-widget-heading\" data-id=\"06bd2f6\" data-element_type=\"widget\" data-e-type=\"widget\" data-widget_type=\"heading.default\">\n\t\t\t\t<div class=\"elementor-widget-container\">\n\t\t\t\t\t<h2 class=\"elementor-heading-title elementor-size-default\">INPIXON<\/h2>\t\t\t\t<\/div>\n\t\t\t\t<\/div>\n\t\t\t\t\t<\/div>\n\t\t<\/div>\n\t\t\t\t\t<\/div>\n\t\t<\/section>\n\t\t\t\t<section class=\"elementor-section elementor-top-section elementor-element elementor-element-0beccee elementor-section-boxed elementor-section-height-default elementor-section-height-default\" data-id=\"0beccee\" data-element_type=\"section\" data-e-type=\"section\">\n\t\t\t\t\t\t<div class=\"elementor-container elementor-column-gap-default\">\n\t\t\t\t\t<div class=\"elementor-column elementor-col-100 elementor-top-column elementor-element elementor-element-aa3eea4\" data-id=\"aa3eea4\" data-element_type=\"column\" data-e-type=\"column\">\n\t\t\t<div class=\"elementor-widget-wrap elementor-element-populated\">\n\t\t\t\t\t\t<div class=\"elementor-element elementor-element-c95aecf elementor-widget elementor-widget-heading\" data-id=\"c95aecf\" data-element_type=\"widget\" data-e-type=\"widget\" data-widget_type=\"heading.default\">\n\t\t\t\t<div class=\"elementor-widget-container\">\n\t\t\t\t\t<h2 class=\"elementor-heading-title elementor-size-default\">Citas de usuarios\n\n<\/h2>\t\t\t\t<\/div>\n\t\t\t\t<\/div>\n\t\t\t\t<div class=\"elementor-element elementor-element-fe3f80b elementor-widget elementor-widget-testimonial\" data-id=\"fe3f80b\" data-element_type=\"widget\" data-e-type=\"widget\" data-widget_type=\"testimonial.default\">\n\t\t\t\t<div class=\"elementor-widget-container\">\n\t\t\t\t\t\t\t<div class=\"elementor-testimonial-wrapper\">\n\t\t\t\t\t\t\t<div class=\"elementor-testimonial-content\"><p>  \"Como usuario de TableCurve 2D y 3D desde 1995, puedo dar fe de su gran utilidad para los ingenieros. La facilidad de uso del programa y sus s\u00f3lidos resultados me han permitido convertir relaciones emp\u00edricas gr\u00e1ficas de ingenier\u00eda en ecuaciones que pueden programarse f\u00e1cilmente en hojas de c\u00e1lculo y programas inform\u00e1ticos. Recomiendo encarecidamente que los programas TableCurve 2D y 3D se incluyan en la caja de herramientas de cualquier ingeniero que utilice conjuntos de datos emp\u00edricos gr\u00e1ficos.\"  <\/p>\n<\/div>\n\t\t\t\n\t\t\t\t\t\t<div class=\"elementor-testimonial-meta\">\n\t\t\t\t<div class=\"elementor-testimonial-meta-inner\">\n\t\t\t\t\t\n\t\t\t\t\t\t\t\t\t\t<div class=\"elementor-testimonial-details\">\n\t\t\t\t\t\t\t\t\t\t\t\t\t\t<div class=\"elementor-testimonial-name\">Thomas F. Blake<\/div>\n\t\t\t\t\t\t\t\t\t\t\t\t\t\t\t\t\t\t\t\t\t\t<div class=\"elementor-testimonial-job\">Ingeniero geot\u00e9cnico, Thousand Oaks, California<\/div>\n\t\t\t\t\t\t\t\t\t\t\t\t\t<\/div>\n\t\t\t\t\t\t\t\t\t<\/div>\n\t\t\t<\/div>\n\t\t\t\t\t<\/div>\n\t\t\t\t\t\t<\/div>\n\t\t\t\t<\/div>\n\t\t\t\t\t<\/div>\n\t\t<\/div>\n\t\t\t\t\t<\/div>\n\t\t<\/section>\n\t\t\t\t<\/div>\n\t\t","protected":false},"excerpt":{"rendered":"<p>INPIXON Citas de usuarios \u00abComo usuario de TableCurve 2D y 3D desde 1995, puedo dar fe de su gran utilidad para los ingenieros. La facilidad de uso del programa y sus s\u00f3lidos resultados me han permitido convertir relaciones emp\u00edricas gr\u00e1ficas de ingenier\u00eda en ecuaciones que pueden programarse f\u00e1cilmente en hojas de c\u00e1lculo y programas inform\u00e1ticos. [&hellip;]<\/p>\n","protected":false},"author":1773,"featured_media":0,"parent":0,"menu_order":0,"comment_status":"closed","ping_status":"closed","template":"","meta":{"site-sidebar-layout":"no-sidebar","site-content-layout":"page-builder","ast-site-content-layout":"full-width-container","site-content-style":"unboxed","site-sidebar-style":"unboxed","ast-global-header-display":"","ast-banner-title-visibility":"","ast-main-header-display":"","ast-hfb-above-header-display":"","ast-hfb-below-header-display":"","ast-hfb-mobile-header-display":"","site-post-title":"disabled","ast-breadcrumbs-content":"","ast-featured-img":"disabled","footer-sml-layout":"","ast-disable-related-posts":"","theme-transparent-header-meta":"","adv-header-id-meta":"","stick-header-meta":"","header-above-stick-meta":"","header-main-stick-meta":"","header-below-stick-meta":"","astra-migrate-meta-layouts":"default","ast-page-background-enabled":"default","ast-page-background-meta":{"desktop":{"background-color":"var(--ast-global-color-4)","background-image":"","background-repeat":"repeat","background-position":"center center","background-size":"auto","background-attachment":"scroll","background-type":"","background-media":"","overlay-type":"","overlay-color":"","overlay-opacity":"","overlay-gradient":""},"tablet":{"background-color":"","background-image":"","background-repeat":"repeat","background-position":"center center","background-size":"auto","background-attachment":"scroll","background-type":"","background-media":"","overlay-type":"","overlay-color":"","overlay-opacity":"","overlay-gradient":""},"mobile":{"background-color":"","background-image":"","background-repeat":"repeat","background-position":"center center","background-size":"auto","background-attachment":"scroll","background-type":"","background-media":"","overlay-type":"","overlay-color":"","overlay-opacity":"","overlay-gradient":""}},"ast-content-background-meta":{"desktop":{"background-color":"var(--ast-global-color-5)","background-image":"","background-repeat":"repeat","background-position":"center center","background-size":"auto","background-attachment":"scroll","background-type":"","background-media":"","overlay-type":"","overlay-color":"","overlay-opacity":"","overlay-gradient":""},"tablet":{"background-color":"var(--ast-global-color-5)","background-image":"","background-repeat":"repeat","background-position":"center center","background-size":"auto","background-attachment":"scroll","background-type":"","background-media":"","overlay-type":"","overlay-color":"","overlay-opacity":"","overlay-gradient":""},"mobile":{"background-color":"var(--ast-global-color-5)","background-image":"","background-repeat":"repeat","background-position":"center center","background-size":"auto","background-attachment":"scroll","background-type":"","background-media":"","overlay-type":"","overlay-color":"","overlay-opacity":"","overlay-gradient":""}},"footnotes":""},"class_list":["post-11905","page","type-page","status-publish","hentry"],"yoast_head":"<!-- This site is optimized with the Yoast SEO plugin v27.4 - https:\/\/yoast.com\/product\/yoast-seo-wordpress\/ -->\n<title>Citas de usuarios de TableCurve2D - Grafiti LLC<\/title>\n<meta name=\"robots\" content=\"index, follow, max-snippet:-1, max-image-preview:large, max-video-preview:-1\" \/>\n<link rel=\"canonical\" href=\"https:\/\/grafiti.com\/tablecurve2d-user-quotes\/\" \/>\n<meta property=\"og:locale\" content=\"es_ES\" \/>\n<meta property=\"og:type\" content=\"article\" \/>\n<meta property=\"og:title\" content=\"Citas de usuarios de TableCurve2D - Grafiti LLC\" \/>\n<meta property=\"og:description\" content=\"INPIXON Citas de usuarios \u00abComo usuario de TableCurve 2D y 3D desde 1995, puedo dar fe de su gran utilidad para los ingenieros. La facilidad de uso del programa y sus s\u00f3lidos resultados me han permitido convertir relaciones emp\u00edricas gr\u00e1ficas de ingenier\u00eda en ecuaciones que pueden programarse f\u00e1cilmente en hojas de c\u00e1lculo y programas inform\u00e1ticos. [&hellip;]\" \/>\n<meta property=\"og:url\" content=\"https:\/\/grafiti.com\/tablecurve2d-user-quotes\/\" \/>\n<meta property=\"og:site_name\" content=\"Grafiti LLC\" \/>\n<meta property=\"article:modified_time\" content=\"2024-01-13T07:12:15+00:00\" \/>\n<meta name=\"twitter:card\" content=\"summary_large_image\" \/>\n<script type=\"application\/ld+json\" class=\"yoast-schema-graph\">{\"@context\":\"https:\\\/\\\/schema.org\",\"@graph\":[{\"@type\":\"WebPage\",\"@id\":\"https:\\\/\\\/grafiti.com\\\/tablecurve2d-user-quotes\\\/\",\"url\":\"https:\\\/\\\/grafiti.com\\\/tablecurve2d-user-quotes\\\/\",\"name\":\"Citas de usuarios de TableCurve2D - Grafiti LLC\",\"isPartOf\":{\"@id\":\"https:\\\/\\\/grafiti.com\\\/#website\"},\"datePublished\":\"2023-07-26T08:20:15+00:00\",\"dateModified\":\"2024-01-13T07:12:15+00:00\",\"breadcrumb\":{\"@id\":\"https:\\\/\\\/grafiti.com\\\/tablecurve2d-user-quotes\\\/#breadcrumb\"},\"inLanguage\":\"es\",\"potentialAction\":[{\"@type\":\"ReadAction\",\"target\":[\"https:\\\/\\\/grafiti.com\\\/tablecurve2d-user-quotes\\\/\"]}]},{\"@type\":\"BreadcrumbList\",\"@id\":\"https:\\\/\\\/grafiti.com\\\/tablecurve2d-user-quotes\\\/#breadcrumb\",\"itemListElement\":[{\"@type\":\"ListItem\",\"position\":1,\"name\":\"Home\",\"item\":\"https:\\\/\\\/grafiti.com\\\/es\\\/\"},{\"@type\":\"ListItem\",\"position\":2,\"name\":\"Citas de usuarios de TableCurve2D\"}]},{\"@type\":\"WebSite\",\"@id\":\"https:\\\/\\\/grafiti.com\\\/#website\",\"url\":\"https:\\\/\\\/grafiti.com\\\/\",\"name\":\"Grafiti LLC\",\"description\":\"Grafiti LLC\",\"publisher\":{\"@id\":\"https:\\\/\\\/grafiti.com\\\/#organization\"},\"potentialAction\":[{\"@type\":\"SearchAction\",\"target\":{\"@type\":\"EntryPoint\",\"urlTemplate\":\"https:\\\/\\\/grafiti.com\\\/?s={search_term_string}\"},\"query-input\":{\"@type\":\"PropertyValueSpecification\",\"valueRequired\":true,\"valueName\":\"search_term_string\"}}],\"inLanguage\":\"es\"},{\"@type\":\"Organization\",\"@id\":\"https:\\\/\\\/grafiti.com\\\/#organization\",\"name\":\"Grafiti LLC\",\"url\":\"https:\\\/\\\/grafiti.com\\\/\",\"logo\":{\"@type\":\"ImageObject\",\"inLanguage\":\"es\",\"@id\":\"https:\\\/\\\/grafiti.com\\\/#\\\/schema\\\/logo\\\/image\\\/\",\"url\":\"https:\\\/\\\/grafiti.com\\\/wp-content\\\/uploads\\\/2024\\\/01\\\/logo-2.png\",\"contentUrl\":\"https:\\\/\\\/grafiti.com\\\/wp-content\\\/uploads\\\/2024\\\/01\\\/logo-2.png\",\"width\":164,\"height\":62,\"caption\":\"Grafiti LLC\"},\"image\":{\"@id\":\"https:\\\/\\\/grafiti.com\\\/#\\\/schema\\\/logo\\\/image\\\/\"}}]}<\/script>\n<!-- \/ Yoast SEO plugin. -->","yoast_head_json":{"title":"Citas de usuarios de TableCurve2D - Grafiti LLC","robots":{"index":"index","follow":"follow","max-snippet":"max-snippet:-1","max-image-preview":"max-image-preview:large","max-video-preview":"max-video-preview:-1"},"canonical":"https:\/\/grafiti.com\/tablecurve2d-user-quotes\/","og_locale":"es_ES","og_type":"article","og_title":"Citas de usuarios de TableCurve2D - Grafiti LLC","og_description":"INPIXON Citas de usuarios \u00abComo usuario de TableCurve 2D y 3D desde 1995, puedo dar fe de su gran utilidad para los ingenieros. La facilidad de uso del programa y sus s\u00f3lidos resultados me han permitido convertir relaciones emp\u00edricas gr\u00e1ficas de ingenier\u00eda en ecuaciones que pueden programarse f\u00e1cilmente en hojas de c\u00e1lculo y programas inform\u00e1ticos. [&hellip;]","og_url":"https:\/\/grafiti.com\/tablecurve2d-user-quotes\/","og_site_name":"Grafiti LLC","article_modified_time":"2024-01-13T07:12:15+00:00","twitter_card":"summary_large_image","schema":{"@context":"https:\/\/schema.org","@graph":[{"@type":"WebPage","@id":"https:\/\/grafiti.com\/tablecurve2d-user-quotes\/","url":"https:\/\/grafiti.com\/tablecurve2d-user-quotes\/","name":"Citas de usuarios de TableCurve2D - Grafiti LLC","isPartOf":{"@id":"https:\/\/grafiti.com\/#website"},"datePublished":"2023-07-26T08:20:15+00:00","dateModified":"2024-01-13T07:12:15+00:00","breadcrumb":{"@id":"https:\/\/grafiti.com\/tablecurve2d-user-quotes\/#breadcrumb"},"inLanguage":"es","potentialAction":[{"@type":"ReadAction","target":["https:\/\/grafiti.com\/tablecurve2d-user-quotes\/"]}]},{"@type":"BreadcrumbList","@id":"https:\/\/grafiti.com\/tablecurve2d-user-quotes\/#breadcrumb","itemListElement":[{"@type":"ListItem","position":1,"name":"Home","item":"https:\/\/grafiti.com\/es\/"},{"@type":"ListItem","position":2,"name":"Citas de usuarios de TableCurve2D"}]},{"@type":"WebSite","@id":"https:\/\/grafiti.com\/#website","url":"https:\/\/grafiti.com\/","name":"Grafiti LLC","description":"Grafiti LLC","publisher":{"@id":"https:\/\/grafiti.com\/#organization"},"potentialAction":[{"@type":"SearchAction","target":{"@type":"EntryPoint","urlTemplate":"https:\/\/grafiti.com\/?s={search_term_string}"},"query-input":{"@type":"PropertyValueSpecification","valueRequired":true,"valueName":"search_term_string"}}],"inLanguage":"es"},{"@type":"Organization","@id":"https:\/\/grafiti.com\/#organization","name":"Grafiti LLC","url":"https:\/\/grafiti.com\/","logo":{"@type":"ImageObject","inLanguage":"es","@id":"https:\/\/grafiti.com\/#\/schema\/logo\/image\/","url":"https:\/\/grafiti.com\/wp-content\/uploads\/2024\/01\/logo-2.png","contentUrl":"https:\/\/grafiti.com\/wp-content\/uploads\/2024\/01\/logo-2.png","width":164,"height":62,"caption":"Grafiti LLC"},"image":{"@id":"https:\/\/grafiti.com\/#\/schema\/logo\/image\/"}}]}},"_links":{"self":[{"href":"https:\/\/grafiti.com\/es\/wp-json\/wp\/v2\/pages\/11905","targetHints":{"allow":["GET"]}}],"collection":[{"href":"https:\/\/grafiti.com\/es\/wp-json\/wp\/v2\/pages"}],"about":[{"href":"https:\/\/grafiti.com\/es\/wp-json\/wp\/v2\/types\/page"}],"author":[{"embeddable":true,"href":"https:\/\/grafiti.com\/es\/wp-json\/wp\/v2\/users\/1773"}],"replies":[{"embeddable":true,"href":"https:\/\/grafiti.com\/es\/wp-json\/wp\/v2\/comments?post=11905"}],"version-history":[{"count":0,"href":"https:\/\/grafiti.com\/es\/wp-json\/wp\/v2\/pages\/11905\/revisions"}],"wp:attachment":[{"href":"https:\/\/grafiti.com\/es\/wp-json\/wp\/v2\/media?parent=11905"}],"curies":[{"name":"wp","href":"https:\/\/api.w.org\/{rel}","templated":true}]}}