{"id":12236,"date":"2023-07-25T08:20:34","date_gmt":"2023-07-25T08:20:34","guid":{"rendered":"https:\/\/grafiti.com\/systat\/licencias-systat\/"},"modified":"2024-01-13T07:15:21","modified_gmt":"2024-01-13T07:15:21","slug":"licencias-systat","status":"publish","type":"page","link":"https:\/\/grafiti.com\/es\/systat\/licencias-systat\/","title":{"rendered":"Licencias Systat"},"content":{"rendered":"\t\t<div data-elementor-type=\"wp-page\" data-elementor-id=\"12236\" class=\"elementor elementor-12236 elementor-700\" data-elementor-post-type=\"page\">\n\t\t\t\t\t\t<section class=\"elementor-section elementor-top-section elementor-element elementor-element-cd623ab elementor-section-boxed elementor-section-height-default elementor-section-height-default\" data-id=\"cd623ab\" data-element_type=\"section\" data-e-type=\"section\" data-settings=\"{&quot;background_background&quot;:&quot;classic&quot;}\">\n\t\t\t\t\t\t\t<div class=\"elementor-background-overlay\"><\/div>\n\t\t\t\t\t\t\t<div class=\"elementor-container elementor-column-gap-default\">\n\t\t\t\t\t<div class=\"elementor-column elementor-col-100 elementor-top-column elementor-element elementor-element-d1dc561\" data-id=\"d1dc561\" data-element_type=\"column\" data-e-type=\"column\">\n\t\t\t<div class=\"elementor-widget-wrap elementor-element-populated\">\n\t\t\t\t\t\t<div class=\"elementor-element elementor-element-c39107b elementor-widget elementor-widget-heading\" data-id=\"c39107b\" data-element_type=\"widget\" data-e-type=\"widget\" data-widget_type=\"heading.default\">\n\t\t\t\t<div class=\"elementor-widget-container\">\n\t\t\t\t\t<h2 class=\"elementor-heading-title elementor-size-default\">INPIXON<\/h2>\t\t\t\t<\/div>\n\t\t\t\t<\/div>\n\t\t\t\t\t<\/div>\n\t\t<\/div>\n\t\t\t\t\t<\/div>\n\t\t<\/section>\n\t\t\t\t<section class=\"elementor-section elementor-top-section elementor-element elementor-element-e784aeb elementor-section-boxed elementor-section-height-default elementor-section-height-default\" data-id=\"e784aeb\" data-element_type=\"section\" data-e-type=\"section\">\n\t\t\t\t\t\t<div class=\"elementor-container elementor-column-gap-default\">\n\t\t\t\t\t<div class=\"elementor-column elementor-col-100 elementor-top-column elementor-element elementor-element-4848768\" data-id=\"4848768\" data-element_type=\"column\" data-e-type=\"column\">\n\t\t\t<div class=\"elementor-widget-wrap elementor-element-populated\">\n\t\t\t\t\t\t<div class=\"elementor-element elementor-element-564da8e elementor-widget elementor-widget-heading\" data-id=\"564da8e\" data-element_type=\"widget\" data-e-type=\"widget\" data-widget_type=\"heading.default\">\n\t\t\t\t<div class=\"elementor-widget-container\">\n\t\t\t\t\t<h2 class=\"elementor-heading-title elementor-size-default\">Opciones de licencia\n<\/h2>\t\t\t\t<\/div>\n\t\t\t\t<\/div>\n\t\t\t\t<div class=\"elementor-element elementor-element-9938cc6 elementor-widget elementor-widget-heading\" data-id=\"9938cc6\" data-element_type=\"widget\" data-e-type=\"widget\" data-widget_type=\"heading.default\">\n\t\t\t\t<div class=\"elementor-widget-container\">\n\t\t\t\t\t<h2 class=\"elementor-heading-title elementor-size-default\">Grafiti LLC ofrece muchas opciones de licencia\n<\/h2>\t\t\t\t<\/div>\n\t\t\t\t<\/div>\n\t\t\t\t<div class=\"elementor-element elementor-element-0347005 elementor-widget elementor-widget-text-editor\" data-id=\"0347005\" data-element_type=\"widget\" data-e-type=\"widget\" data-widget_type=\"text-editor.default\">\n\t\t\t\t<div class=\"elementor-widget-container\">\n\t\t\t\t\t\t\t\t\t<p>Licencia de Usuario \u00danico<strong>: <\/strong>La instalaci\u00f3n del programa adquirido bajo una Licencia de Usuario \u00danico est\u00e1 restringida a un \u00fanico ordenador personal propiedad del licenciatario o bajo su control, m\u00e1s un ordenador adicional tambi\u00e9n propiedad del licenciatario, por ejemplo: un ordenador en casa y otro en el trabajo.<\/p>\n<p><strong>Licencia anual de sitio: <\/strong>Una licencia anual de sitio es otra gran opci\u00f3n para m\u00faltiples usuarios que pueden tener un presupuesto m\u00e1s peque\u00f1o, pueden no tener acceso a la red o no quieren usar un administrador de licencias. Una licencia anual de sitio es como una licencia anual de red, en el sentido de que ambas son v\u00e1lidas durante un a\u00f1o.<\/p>\n<p>Sin embargo, dependiendo del n\u00famero de licencias que adquiera, podr\u00e1 cargarlo en ordenadores individuales, en lugar de en un servidor. As\u00ed, una licencia de sitio para 10 usuarios puede cargarse en 10 ordenadores diferentes y no tiene ninguna relaci\u00f3n con el uso concurrente.<\/p>\n<p><strong>Licencia perpetua de sitio: <\/strong>Tambi\u00e9n ofrecemos un plan perpetuo para las opciones de licencia de red y de sitio. B\u00e1sicamente la instalaci\u00f3n de la red y el sitio siguen siendo los mismos, pero con el plan perpetuo su licencia NO caducar\u00e1.<\/p>\n<p>La mayor\u00eda de la gente probablemente est\u00e9 pensando, \u00bfpor qu\u00e9 no elegir la perpetua y no preocuparse de que caduque? Puede ser una buena idea si dispone de un presupuesto mayor y no puede comprometerse a una cantidad anual inferior. Puedes pagar el precio perpetuo por usuario y s\u00f3lo tendr\u00e1s que ocuparte del mantenimiento cada a\u00f1o.<\/p>\n\t\t\t\t\t\t\t\t<\/div>\n\t\t\t\t<\/div>\n\t\t\t\t\t<\/div>\n\t\t<\/div>\n\t\t\t\t\t<\/div>\n\t\t<\/section>\n\t\t\t\t<\/div>\n\t\t","protected":false},"excerpt":{"rendered":"<p>INPIXON Opciones de licencia Grafiti LLC ofrece muchas opciones de licencia Licencia de Usuario \u00danico: La instalaci\u00f3n del programa adquirido bajo una Licencia de Usuario \u00danico est\u00e1 restringida a un \u00fanico ordenador personal propiedad del licenciatario o bajo su control, m\u00e1s un ordenador adicional tambi\u00e9n propiedad del licenciatario, por ejemplo: un ordenador en casa y [&hellip;]<\/p>\n","protected":false},"author":1773,"featured_media":0,"parent":11745,"menu_order":0,"comment_status":"closed","ping_status":"closed","template":"","meta":{"site-sidebar-layout":"no-sidebar","site-content-layout":"page-builder","ast-site-content-layout":"full-width-container","site-content-style":"unboxed","site-sidebar-style":"unboxed","ast-global-header-display":"","ast-banner-title-visibility":"","ast-main-header-display":"","ast-hfb-above-header-display":"","ast-hfb-below-header-display":"","ast-hfb-mobile-header-display":"","site-post-title":"disabled","ast-breadcrumbs-content":"","ast-featured-img":"disabled","footer-sml-layout":"","ast-disable-related-posts":"","theme-transparent-header-meta":"","adv-header-id-meta":"","stick-header-meta":"","header-above-stick-meta":"","header-main-stick-meta":"","header-below-stick-meta":"","astra-migrate-meta-layouts":"default","ast-page-background-enabled":"default","ast-page-background-meta":{"desktop":{"background-color":"var(--ast-global-color-4)","background-image":"","background-repeat":"repeat","background-position":"center center","background-size":"auto","background-attachment":"scroll","background-type":"","background-media":"","overlay-type":"","overlay-color":"","overlay-opacity":"","overlay-gradient":""},"tablet":{"background-color":"","background-image":"","background-repeat":"repeat","background-position":"center center","background-size":"auto","background-attachment":"scroll","background-type":"","background-media":"","overlay-type":"","overlay-color":"","overlay-opacity":"","overlay-gradient":""},"mobile":{"background-color":"","background-image":"","background-repeat":"repeat","background-position":"center center","background-size":"auto","background-attachment":"scroll","background-type":"","background-media":"","overlay-type":"","overlay-color":"","overlay-opacity":"","overlay-gradient":""}},"ast-content-background-meta":{"desktop":{"background-color":"var(--ast-global-color-5)","background-image":"","background-repeat":"repeat","background-position":"center center","background-size":"auto","background-attachment":"scroll","background-type":"","background-media":"","overlay-type":"","overlay-color":"","overlay-opacity":"","overlay-gradient":""},"tablet":{"background-color":"var(--ast-global-color-5)","background-image":"","background-repeat":"repeat","background-position":"center center","background-size":"auto","background-attachment":"scroll","background-type":"","background-media":"","overlay-type":"","overlay-color":"","overlay-opacity":"","overlay-gradient":""},"mobile":{"background-color":"var(--ast-global-color-5)","background-image":"","background-repeat":"repeat","background-position":"center center","background-size":"auto","background-attachment":"scroll","background-type":"","background-media":"","overlay-type":"","overlay-color":"","overlay-opacity":"","overlay-gradient":""}},"footnotes":""},"class_list":["post-12236","page","type-page","status-publish","hentry"],"yoast_head":"<!-- This site is optimized with the Yoast SEO plugin v27.4 - https:\/\/yoast.com\/product\/yoast-seo-wordpress\/ -->\n<title>Licencias Systat - Grafiti LLC<\/title>\n<meta name=\"robots\" content=\"index, follow, max-snippet:-1, max-image-preview:large, max-video-preview:-1\" \/>\n<link rel=\"canonical\" href=\"https:\/\/grafiti.com\/es\/systat\/licencias-systat\/\" \/>\n<meta property=\"og:locale\" content=\"es_ES\" \/>\n<meta property=\"og:type\" content=\"article\" \/>\n<meta property=\"og:title\" content=\"Licencias Systat - Grafiti LLC\" \/>\n<meta property=\"og:description\" content=\"INPIXON Opciones de licencia Grafiti LLC ofrece muchas opciones de licencia Licencia de Usuario \u00danico: La instalaci\u00f3n del programa adquirido bajo una Licencia de Usuario \u00danico est\u00e1 restringida a un \u00fanico ordenador personal propiedad del licenciatario o bajo su control, m\u00e1s un ordenador adicional tambi\u00e9n propiedad del licenciatario, por ejemplo: un ordenador en casa y [&hellip;]\" \/>\n<meta property=\"og:url\" content=\"https:\/\/grafiti.com\/es\/systat\/licencias-systat\/\" \/>\n<meta property=\"og:site_name\" content=\"Grafiti LLC\" \/>\n<meta property=\"article:modified_time\" content=\"2024-01-13T07:15:21+00:00\" \/>\n<meta name=\"twitter:card\" content=\"summary_large_image\" \/>\n<meta name=\"twitter:label1\" content=\"Tiempo de lectura\" \/>\n\t<meta name=\"twitter:data1\" content=\"1 minuto\" \/>\n<script type=\"application\/ld+json\" class=\"yoast-schema-graph\">{\"@context\":\"https:\\\/\\\/schema.org\",\"@graph\":[{\"@type\":\"WebPage\",\"@id\":\"https:\\\/\\\/grafiti.com\\\/es\\\/systat\\\/licencias-systat\\\/\",\"url\":\"https:\\\/\\\/grafiti.com\\\/es\\\/systat\\\/licencias-systat\\\/\",\"name\":\"Licencias Systat - Grafiti LLC\",\"isPartOf\":{\"@id\":\"https:\\\/\\\/grafiti.com\\\/#website\"},\"datePublished\":\"2023-07-25T08:20:34+00:00\",\"dateModified\":\"2024-01-13T07:15:21+00:00\",\"breadcrumb\":{\"@id\":\"https:\\\/\\\/grafiti.com\\\/es\\\/systat\\\/licencias-systat\\\/#breadcrumb\"},\"inLanguage\":\"es\",\"potentialAction\":[{\"@type\":\"ReadAction\",\"target\":[\"https:\\\/\\\/grafiti.com\\\/es\\\/systat\\\/licencias-systat\\\/\"]}]},{\"@type\":\"BreadcrumbList\",\"@id\":\"https:\\\/\\\/grafiti.com\\\/es\\\/systat\\\/licencias-systat\\\/#breadcrumb\",\"itemListElement\":[{\"@type\":\"ListItem\",\"position\":1,\"name\":\"Home\",\"item\":\"https:\\\/\\\/grafiti.com\\\/es\\\/\"},{\"@type\":\"ListItem\",\"position\":2,\"name\":\"systat\",\"item\":\"https:\\\/\\\/grafiti.com\\\/es\\\/systat\\\/\"},{\"@type\":\"ListItem\",\"position\":3,\"name\":\"Licencias Systat\"}]},{\"@type\":\"WebSite\",\"@id\":\"https:\\\/\\\/grafiti.com\\\/#website\",\"url\":\"https:\\\/\\\/grafiti.com\\\/\",\"name\":\"Grafiti LLC\",\"description\":\"Grafiti LLC\",\"publisher\":{\"@id\":\"https:\\\/\\\/grafiti.com\\\/#organization\"},\"potentialAction\":[{\"@type\":\"SearchAction\",\"target\":{\"@type\":\"EntryPoint\",\"urlTemplate\":\"https:\\\/\\\/grafiti.com\\\/?s={search_term_string}\"},\"query-input\":{\"@type\":\"PropertyValueSpecification\",\"valueRequired\":true,\"valueName\":\"search_term_string\"}}],\"inLanguage\":\"es\"},{\"@type\":\"Organization\",\"@id\":\"https:\\\/\\\/grafiti.com\\\/#organization\",\"name\":\"Grafiti LLC\",\"url\":\"https:\\\/\\\/grafiti.com\\\/\",\"logo\":{\"@type\":\"ImageObject\",\"inLanguage\":\"es\",\"@id\":\"https:\\\/\\\/grafiti.com\\\/#\\\/schema\\\/logo\\\/image\\\/\",\"url\":\"https:\\\/\\\/grafiti.com\\\/wp-content\\\/uploads\\\/2024\\\/01\\\/logo-2.png\",\"contentUrl\":\"https:\\\/\\\/grafiti.com\\\/wp-content\\\/uploads\\\/2024\\\/01\\\/logo-2.png\",\"width\":164,\"height\":62,\"caption\":\"Grafiti LLC\"},\"image\":{\"@id\":\"https:\\\/\\\/grafiti.com\\\/#\\\/schema\\\/logo\\\/image\\\/\"}}]}<\/script>\n<!-- \/ Yoast SEO plugin. -->","yoast_head_json":{"title":"Licencias Systat - Grafiti LLC","robots":{"index":"index","follow":"follow","max-snippet":"max-snippet:-1","max-image-preview":"max-image-preview:large","max-video-preview":"max-video-preview:-1"},"canonical":"https:\/\/grafiti.com\/es\/systat\/licencias-systat\/","og_locale":"es_ES","og_type":"article","og_title":"Licencias Systat - Grafiti LLC","og_description":"INPIXON Opciones de licencia Grafiti LLC ofrece muchas opciones de licencia Licencia de Usuario \u00danico: La instalaci\u00f3n del programa adquirido bajo una Licencia de Usuario \u00danico est\u00e1 restringida a un \u00fanico ordenador personal propiedad del licenciatario o bajo su control, m\u00e1s un ordenador adicional tambi\u00e9n propiedad del licenciatario, por ejemplo: un ordenador en casa y [&hellip;]","og_url":"https:\/\/grafiti.com\/es\/systat\/licencias-systat\/","og_site_name":"Grafiti LLC","article_modified_time":"2024-01-13T07:15:21+00:00","twitter_card":"summary_large_image","twitter_misc":{"Tiempo de lectura":"1 minuto"},"schema":{"@context":"https:\/\/schema.org","@graph":[{"@type":"WebPage","@id":"https:\/\/grafiti.com\/es\/systat\/licencias-systat\/","url":"https:\/\/grafiti.com\/es\/systat\/licencias-systat\/","name":"Licencias Systat - Grafiti LLC","isPartOf":{"@id":"https:\/\/grafiti.com\/#website"},"datePublished":"2023-07-25T08:20:34+00:00","dateModified":"2024-01-13T07:15:21+00:00","breadcrumb":{"@id":"https:\/\/grafiti.com\/es\/systat\/licencias-systat\/#breadcrumb"},"inLanguage":"es","potentialAction":[{"@type":"ReadAction","target":["https:\/\/grafiti.com\/es\/systat\/licencias-systat\/"]}]},{"@type":"BreadcrumbList","@id":"https:\/\/grafiti.com\/es\/systat\/licencias-systat\/#breadcrumb","itemListElement":[{"@type":"ListItem","position":1,"name":"Home","item":"https:\/\/grafiti.com\/es\/"},{"@type":"ListItem","position":2,"name":"systat","item":"https:\/\/grafiti.com\/es\/systat\/"},{"@type":"ListItem","position":3,"name":"Licencias Systat"}]},{"@type":"WebSite","@id":"https:\/\/grafiti.com\/#website","url":"https:\/\/grafiti.com\/","name":"Grafiti LLC","description":"Grafiti LLC","publisher":{"@id":"https:\/\/grafiti.com\/#organization"},"potentialAction":[{"@type":"SearchAction","target":{"@type":"EntryPoint","urlTemplate":"https:\/\/grafiti.com\/?s={search_term_string}"},"query-input":{"@type":"PropertyValueSpecification","valueRequired":true,"valueName":"search_term_string"}}],"inLanguage":"es"},{"@type":"Organization","@id":"https:\/\/grafiti.com\/#organization","name":"Grafiti LLC","url":"https:\/\/grafiti.com\/","logo":{"@type":"ImageObject","inLanguage":"es","@id":"https:\/\/grafiti.com\/#\/schema\/logo\/image\/","url":"https:\/\/grafiti.com\/wp-content\/uploads\/2024\/01\/logo-2.png","contentUrl":"https:\/\/grafiti.com\/wp-content\/uploads\/2024\/01\/logo-2.png","width":164,"height":62,"caption":"Grafiti LLC"},"image":{"@id":"https:\/\/grafiti.com\/#\/schema\/logo\/image\/"}}]}},"_links":{"self":[{"href":"https:\/\/grafiti.com\/es\/wp-json\/wp\/v2\/pages\/12236","targetHints":{"allow":["GET"]}}],"collection":[{"href":"https:\/\/grafiti.com\/es\/wp-json\/wp\/v2\/pages"}],"about":[{"href":"https:\/\/grafiti.com\/es\/wp-json\/wp\/v2\/types\/page"}],"author":[{"embeddable":true,"href":"https:\/\/grafiti.com\/es\/wp-json\/wp\/v2\/users\/1773"}],"replies":[{"embeddable":true,"href":"https:\/\/grafiti.com\/es\/wp-json\/wp\/v2\/comments?post=12236"}],"version-history":[{"count":0,"href":"https:\/\/grafiti.com\/es\/wp-json\/wp\/v2\/pages\/12236\/revisions"}],"up":[{"embeddable":true,"href":"https:\/\/grafiti.com\/es\/wp-json\/wp\/v2\/pages\/11745"}],"wp:attachment":[{"href":"https:\/\/grafiti.com\/es\/wp-json\/wp\/v2\/media?parent=12236"}],"curies":[{"name":"wp","href":"https:\/\/api.w.org\/{rel}","templated":true}]}}