{"id":11833,"date":"2023-07-20T09:11:21","date_gmt":"2023-07-20T09:11:21","guid":{"rendered":"https:\/\/grafiti.com\/sigmaplot-details\/modules-complementaires\/"},"modified":"2024-01-14T17:33:55","modified_gmt":"2024-01-14T17:33:55","slug":"modules-complementaires","status":"publish","type":"page","link":"https:\/\/grafiti.com\/fr\/sigmaplot-details\/modules-complementaires\/","title":{"rendered":"Modules compl\u00e9mentaires"},"content":{"rendered":"\t\t<div data-elementor-type=\"wp-page\" data-elementor-id=\"11833\" class=\"elementor elementor-11833 elementor-660\" data-elementor-post-type=\"page\">\n\t\t\t\t\t\t<section class=\"elementor-section elementor-top-section elementor-element elementor-element-2c4d570 elementor-section-boxed elementor-section-height-default elementor-section-height-default\" data-id=\"2c4d570\" data-element_type=\"section\" data-e-type=\"section\" data-settings=\"{&quot;background_background&quot;:&quot;classic&quot;}\">\n\t\t\t\t\t\t\t<div class=\"elementor-background-overlay\"><\/div>\n\t\t\t\t\t\t\t<div class=\"elementor-container elementor-column-gap-default\">\n\t\t\t\t\t<div class=\"elementor-column elementor-col-100 elementor-top-column elementor-element elementor-element-d558cb9\" data-id=\"d558cb9\" data-element_type=\"column\" data-e-type=\"column\">\n\t\t\t<div class=\"elementor-widget-wrap elementor-element-populated\">\n\t\t\t\t\t\t<div class=\"elementor-element elementor-element-55382b5 elementor-widget elementor-widget-heading\" data-id=\"55382b5\" data-element_type=\"widget\" data-e-type=\"widget\" data-widget_type=\"heading.default\">\n\t\t\t\t<div class=\"elementor-widget-container\">\n\t\t\t\t\t<h2 class=\"elementor-heading-title elementor-size-default\">SigmaPlot\nModules compl\u00e9mentaires\n<\/h2>\t\t\t\t<\/div>\n\t\t\t\t<\/div>\n\t\t\t\t\t<\/div>\n\t\t<\/div>\n\t\t\t\t\t<\/div>\n\t\t<\/section>\n\t\t\t\t<section class=\"elementor-section elementor-top-section elementor-element elementor-element-3be489c elementor-section-boxed elementor-section-height-default elementor-section-height-default\" data-id=\"3be489c\" data-element_type=\"section\" data-e-type=\"section\">\n\t\t\t\t\t\t<div class=\"elementor-container elementor-column-gap-default\">\n\t\t\t\t\t<div class=\"elementor-column elementor-col-100 elementor-top-column elementor-element elementor-element-7e3a6e5\" data-id=\"7e3a6e5\" data-element_type=\"column\" data-e-type=\"column\">\n\t\t\t<div class=\"elementor-widget-wrap elementor-element-populated\">\n\t\t\t\t\t\t<div class=\"elementor-element elementor-element-d769e63 elementor-widget elementor-widget-heading\" data-id=\"d769e63\" data-element_type=\"widget\" data-e-type=\"widget\" data-widget_type=\"heading.default\">\n\t\t\t\t<div class=\"elementor-widget-container\">\n\t\t\t\t\t<h2 class=\"elementor-heading-title elementor-size-default\">SigmaPlot\nModules compl\u00e9mentaires\n<\/h2>\t\t\t\t<\/div>\n\t\t\t\t<\/div>\n\t\t\t\t<div class=\"elementor-element elementor-element-d819093 elementor-widget elementor-widget-heading\" data-id=\"d819093\" data-element_type=\"widget\" data-e-type=\"widget\" data-widget_type=\"heading.default\">\n\t\t\t\t<div class=\"elementor-widget-container\">\n\t\t\t\t\t<h2 class=\"elementor-heading-title elementor-size-default\">SigmaPlot est livr\u00e9 avec des modules optionnels permettant d'\u00e9tendre les fonctionnalit\u00e9s.\n<\/h2>\t\t\t\t<\/div>\n\t\t\t\t<\/div>\n\t\t\t\t\t<\/div>\n\t\t<\/div>\n\t\t\t\t\t<\/div>\n\t\t<\/section>\n\t\t\t\t<section class=\"elementor-section elementor-top-section elementor-element elementor-element-61a2235 elementor-section-boxed elementor-section-height-default elementor-section-height-default\" data-id=\"61a2235\" data-element_type=\"section\" data-e-type=\"section\">\n\t\t\t\t\t\t<div class=\"elementor-container elementor-column-gap-default\">\n\t\t\t\t\t<div class=\"elementor-column elementor-col-50 elementor-top-column elementor-element elementor-element-d432214\" data-id=\"d432214\" data-element_type=\"column\" data-e-type=\"column\">\n\t\t\t<div class=\"elementor-widget-wrap elementor-element-populated\">\n\t\t\t\t\t\t<div class=\"elementor-element elementor-element-27d6112 elementor-widget elementor-widget-heading\" data-id=\"27d6112\" data-element_type=\"widget\" data-e-type=\"widget\" data-widget_type=\"heading.default\">\n\t\t\t\t<div class=\"elementor-widget-container\">\n\t\t\t\t\t<h6 class=\"elementor-heading-title elementor-size-default\">Module de cin\u00e9tique enzymatique\n<\/h6>\t\t\t\t<\/div>\n\t\t\t\t<\/div>\n\t\t\t\t<div class=\"elementor-element elementor-element-098ccae elementor-widget elementor-widget-image\" data-id=\"098ccae\" data-element_type=\"widget\" data-e-type=\"widget\" data-widget_type=\"image.default\">\n\t\t\t\t<div class=\"elementor-widget-container\">\n\t\t\t\t\t\t\t\t\t\t\t\t\t\t\t<img fetchpriority=\"high\" decoding=\"async\" width=\"267\" height=\"207\" src=\"https:\/\/grafiti.com\/wp-content\/uploads\/2023\/07\/ek.jpg\" class=\"attachment-medium size-medium wp-image-6567\" alt=\"\" srcset=\"https:\/\/grafiti.com\/wp-content\/uploads\/2023\/07\/ek.jpg 267w, https:\/\/grafiti.com\/wp-content\/uploads\/2023\/07\/ek-150x116.jpg 150w\" sizes=\"(max-width: 267px) 100vw, 267px\" \/>\t\t\t\t\t\t\t\t\t\t\t\t\t\t\t<\/div>\n\t\t\t\t<\/div>\n\t\t\t\t<div class=\"elementor-element elementor-element-9e02d3d elementor-widget elementor-widget-heading\" data-id=\"9e02d3d\" data-element_type=\"widget\" data-e-type=\"widget\" data-widget_type=\"heading.default\">\n\t\t\t\t<div class=\"elementor-widget-container\">\n\t\t\t\t\t<p class=\"elementor-heading-title elementor-size-default\">Le module Enzyme Kinetics de SigmaPlot est d\u00e9sormais int\u00e9gr\u00e9 \u00e0 SigmaPlot, offrant des fonctionnalit\u00e9s suppl\u00e9mentaires d'analyse de la cin\u00e9tique enzymatique et des types de graphiques suppl\u00e9mentaires (Lineweaver-Burk, Eadie-Hofstee, Scatchard, etc.).\n\n<\/p>\t\t\t\t<\/div>\n\t\t\t\t<\/div>\n\t\t\t\t<div class=\"elementor-element elementor-element-19a9564 elementor-widget elementor-widget-heading\" data-id=\"19a9564\" data-element_type=\"widget\" data-e-type=\"widget\" data-widget_type=\"heading.default\">\n\t\t\t\t<div class=\"elementor-widget-container\">\n\t\t\t\t\t<p class=\"elementor-heading-title elementor-size-default\">Utilisez le module Enzyme Kinetics de SigmaPlot pour analyser et repr\u00e9senter graphiquement les donn\u00e9es de cin\u00e9tique enzymatique rapidement et facilement. Importez ou saisissez vos donn\u00e9es \u00e0 l'aide de l'assistant de saisie des donn\u00e9es, s\u00e9lectionnez le type d'\u00e9tude et l'assistant de cin\u00e9tique enzymatique s'occupe du reste. Vous obtiendrez un rapport d\u00e9taill\u00e9 de chaque mod\u00e8le ajust\u00e9 et une comparaison des diff\u00e9rents mod\u00e8les afin d'identifier le meilleur pour vos donn\u00e9es, ainsi que des graphiques interactifs vous permettant d'afficher clairement vos r\u00e9sultats.\n\n<\/p>\t\t\t\t<\/div>\n\t\t\t\t<\/div>\n\t\t\t\t<div class=\"elementor-element elementor-element-b13da08 elementor-widget elementor-widget-heading\" data-id=\"b13da08\" data-element_type=\"widget\" data-e-type=\"widget\" data-widget_type=\"heading.default\">\n\t\t\t\t<div class=\"elementor-widget-container\">\n\t\t\t\t\t<p class=\"elementor-heading-title elementor-size-default\">La macro Exploratory EK est con\u00e7ue pour fonctionner en conjonction avec le module Enzyme Kinetics ou avec des donn\u00e9es saisies dans une feuille de calcul SigmaPlot. Cette macro se trouve dans l'onglet Bo\u00eete \u00e0 outils, fen\u00eatre Macros.\n\n<\/p>\t\t\t\t<\/div>\n\t\t\t\t<\/div>\n\t\t\t\t<div class=\"elementor-element elementor-element-6488a30 elementor-widget elementor-widget-heading\" data-id=\"6488a30\" data-element_type=\"widget\" data-e-type=\"widget\" data-widget_type=\"heading.default\">\n\t\t\t\t<div class=\"elementor-widget-container\">\n\t\t\t\t\t<p class=\"elementor-heading-title elementor-size-default\"><a href=\"#\">Brochure du module de cin\u00e9tique enzymatique<\/a><\/p>\t\t\t\t<\/div>\n\t\t\t\t<\/div>\n\t\t\t\t\t<\/div>\n\t\t<\/div>\n\t\t\t\t<div class=\"elementor-column elementor-col-50 elementor-top-column elementor-element elementor-element-defbcac\" data-id=\"defbcac\" data-element_type=\"column\" data-e-type=\"column\">\n\t\t\t<div class=\"elementor-widget-wrap elementor-element-populated\">\n\t\t\t\t\t\t<div class=\"elementor-element elementor-element-1a1418c elementor-widget elementor-widget-heading\" data-id=\"1a1418c\" data-element_type=\"widget\" data-e-type=\"widget\" data-widget_type=\"heading.default\">\n\t\t\t\t<div class=\"elementor-widget-container\">\n\t\t\t\t\t<h2 class=\"elementor-heading-title elementor-size-default\">Module d'\u00e9lectrophysiologie\n<\/h2>\t\t\t\t<\/div>\n\t\t\t\t<\/div>\n\t\t\t\t<div class=\"elementor-element elementor-element-62f9498 elementor-widget elementor-widget-heading\" data-id=\"62f9498\" data-element_type=\"widget\" data-e-type=\"widget\" data-widget_type=\"heading.default\">\n\t\t\t\t<div class=\"elementor-widget-container\">\n\t\t\t\t\t<h2 class=\"elementor-heading-title elementor-size-default\">Lire directement vos donn\u00e9es \u00e9lectrophysiologiques dans SigmaPlot\n<\/h2>\t\t\t\t<\/div>\n\t\t\t\t<\/div>\n\t\t\t\t<div class=\"elementor-element elementor-element-3100563 elementor-widget elementor-widget-image\" data-id=\"3100563\" data-element_type=\"widget\" data-e-type=\"widget\" data-widget_type=\"image.default\">\n\t\t\t\t<div class=\"elementor-widget-container\">\n\t\t\t\t\t\t\t\t\t\t\t\t\t\t\t<img decoding=\"async\" width=\"267\" height=\"182\" src=\"https:\/\/grafiti.com\/wp-content\/uploads\/2023\/07\/mod1.jpg\" class=\"attachment-medium size-medium wp-image-6573\" alt=\"\" srcset=\"https:\/\/grafiti.com\/wp-content\/uploads\/2023\/07\/mod1.jpg 267w, https:\/\/grafiti.com\/wp-content\/uploads\/2023\/07\/mod1-150x102.jpg 150w\" sizes=\"(max-width: 267px) 100vw, 267px\" \/>\t\t\t\t\t\t\t\t\t\t\t\t\t\t\t<\/div>\n\t\t\t\t<\/div>\n\t\t\t\t<div class=\"elementor-element elementor-element-53aa3f4 elementor-widget elementor-widget-heading\" data-id=\"53aa3f4\" data-element_type=\"widget\" data-e-type=\"widget\" data-widget_type=\"heading.default\">\n\t\t\t\t<div class=\"elementor-widget-container\">\n\t\t\t\t\t<p class=\"elementor-heading-title elementor-size-default\">Le module Electrophysiologie est un compl\u00e9ment \u00e0 SigmaPlot qui vous permet d'importer directement vos donn\u00e9es acquises dans SigmaPlot sans avoir besoin d'un programme d'acquisition de donn\u00e9es suppl\u00e9mentaire. Ce module vous \u00e9vite d'entrer manuellement les donn\u00e9es dans SigmaPlot, ce qui vous permet de commencer imm\u00e9diatement votre analyse et vos graphiques. Utilisez l'interface simple de type pointer-cliquer pour importer vos donn\u00e9es \u00e0 partir de formats de fichiers couramment utilis\u00e9s, notamment les fichiers ABF d'Axon Instruments, le format Acquire de Bruxton Corporation et le format Pulse de HEKA electronik. Les formats de fichiers apparaissent sous la forme d'une liste d\u00e9roulante pratique dans SigmaPlot.\n\n<\/p>\t\t\t\t<\/div>\n\t\t\t\t<\/div>\n\t\t\t\t<div class=\"elementor-element elementor-element-52da2be elementor-widget elementor-widget-heading\" data-id=\"52da2be\" data-element_type=\"widget\" data-e-type=\"widget\" data-widget_type=\"heading.default\">\n\t\t\t\t<div class=\"elementor-widget-container\">\n\t\t\t\t\t<p class=\"elementor-heading-title elementor-size-default\"><a href=\"#\">Brochure du module d'\u00e9lectrophysiologie<\/a><\/p>\t\t\t\t<\/div>\n\t\t\t\t<\/div>\n\t\t\t\t\t<\/div>\n\t\t<\/div>\n\t\t\t\t\t<\/div>\n\t\t<\/section>\n\t\t\t\t<\/div>\n\t\t","protected":false},"excerpt":{"rendered":"<p>SigmaPlot Modules compl\u00e9mentaires SigmaPlot Modules compl\u00e9mentaires SigmaPlot est livr\u00e9 avec des modules optionnels permettant d&rsquo;\u00e9tendre les fonctionnalit\u00e9s. Module de cin\u00e9tique enzymatique Le module Enzyme Kinetics de SigmaPlot est d\u00e9sormais int\u00e9gr\u00e9 \u00e0 SigmaPlot, offrant des fonctionnalit\u00e9s suppl\u00e9mentaires d&rsquo;analyse de la cin\u00e9tique enzymatique et des types de graphiques suppl\u00e9mentaires (Lineweaver-Burk, Eadie-Hofstee, Scatchard, etc.). Utilisez le module Enzyme [&hellip;]<\/p>\n","protected":false},"author":1773,"featured_media":0,"parent":11739,"menu_order":0,"comment_status":"closed","ping_status":"closed","template":"","meta":{"site-sidebar-layout":"no-sidebar","site-content-layout":"page-builder","ast-site-content-layout":"full-width-container","site-content-style":"unboxed","site-sidebar-style":"unboxed","ast-global-header-display":"","ast-banner-title-visibility":"","ast-main-header-display":"","ast-hfb-above-header-display":"","ast-hfb-below-header-display":"","ast-hfb-mobile-header-display":"","site-post-title":"disabled","ast-breadcrumbs-content":"","ast-featured-img":"disabled","footer-sml-layout":"","ast-disable-related-posts":"","theme-transparent-header-meta":"","adv-header-id-meta":"","stick-header-meta":"","header-above-stick-meta":"","header-main-stick-meta":"","header-below-stick-meta":"","astra-migrate-meta-layouts":"default","ast-page-background-enabled":"default","ast-page-background-meta":{"desktop":{"background-color":"var(--ast-global-color-4)","background-image":"","background-repeat":"repeat","background-position":"center center","background-size":"auto","background-attachment":"scroll","background-type":"","background-media":"","overlay-type":"","overlay-color":"","overlay-opacity":"","overlay-gradient":""},"tablet":{"background-color":"","background-image":"","background-repeat":"repeat","background-position":"center center","background-size":"auto","background-attachment":"scroll","background-type":"","background-media":"","overlay-type":"","overlay-color":"","overlay-opacity":"","overlay-gradient":""},"mobile":{"background-color":"","background-image":"","background-repeat":"repeat","background-position":"center center","background-size":"auto","background-attachment":"scroll","background-type":"","background-media":"","overlay-type":"","overlay-color":"","overlay-opacity":"","overlay-gradient":""}},"ast-content-background-meta":{"desktop":{"background-color":"var(--ast-global-color-5)","background-image":"","background-repeat":"repeat","background-position":"center center","background-size":"auto","background-attachment":"scroll","background-type":"","background-media":"","overlay-type":"","overlay-color":"","overlay-opacity":"","overlay-gradient":""},"tablet":{"background-color":"var(--ast-global-color-5)","background-image":"","background-repeat":"repeat","background-position":"center center","background-size":"auto","background-attachment":"scroll","background-type":"","background-media":"","overlay-type":"","overlay-color":"","overlay-opacity":"","overlay-gradient":""},"mobile":{"background-color":"var(--ast-global-color-5)","background-image":"","background-repeat":"repeat","background-position":"center center","background-size":"auto","background-attachment":"scroll","background-type":"","background-media":"","overlay-type":"","overlay-color":"","overlay-opacity":"","overlay-gradient":""}},"footnotes":""},"class_list":["post-11833","page","type-page","status-publish","hentry"],"yoast_head":"<!-- This site is optimized with the Yoast SEO plugin v27.4 - https:\/\/yoast.com\/product\/yoast-seo-wordpress\/ -->\n<title>Modules compl\u00e9mentaires - Grafiti LLC<\/title>\n<meta name=\"robots\" content=\"index, follow, max-snippet:-1, max-image-preview:large, max-video-preview:-1\" \/>\n<link rel=\"canonical\" href=\"https:\/\/grafiti.com\/fr\/sigmaplot-details\/modules-complementaires\/\" \/>\n<meta property=\"og:locale\" content=\"fr_FR\" \/>\n<meta property=\"og:type\" content=\"article\" \/>\n<meta property=\"og:title\" content=\"Modules compl\u00e9mentaires - Grafiti LLC\" \/>\n<meta property=\"og:description\" content=\"SigmaPlot Modules compl\u00e9mentaires SigmaPlot Modules compl\u00e9mentaires SigmaPlot est livr\u00e9 avec des modules optionnels permettant d&rsquo;\u00e9tendre les fonctionnalit\u00e9s. Module de cin\u00e9tique enzymatique Le module Enzyme Kinetics de SigmaPlot est d\u00e9sormais int\u00e9gr\u00e9 \u00e0 SigmaPlot, offrant des fonctionnalit\u00e9s suppl\u00e9mentaires d&rsquo;analyse de la cin\u00e9tique enzymatique et des types de graphiques suppl\u00e9mentaires (Lineweaver-Burk, Eadie-Hofstee, Scatchard, etc.). Utilisez le module Enzyme [&hellip;]\" \/>\n<meta property=\"og:url\" content=\"https:\/\/grafiti.com\/fr\/sigmaplot-details\/modules-complementaires\/\" \/>\n<meta property=\"og:site_name\" content=\"Grafiti LLC\" \/>\n<meta property=\"article:modified_time\" content=\"2024-01-14T17:33:55+00:00\" \/>\n<meta property=\"og:image\" content=\"https:\/\/grafiti.com\/wp-content\/uploads\/2023\/07\/ek.jpg\" \/>\n<meta name=\"twitter:card\" content=\"summary_large_image\" \/>\n<meta name=\"twitter:label1\" content=\"Dur\u00e9e de lecture estim\u00e9e\" \/>\n\t<meta name=\"twitter:data1\" content=\"2 minutes\" \/>\n<script type=\"application\/ld+json\" class=\"yoast-schema-graph\">{\"@context\":\"https:\\\/\\\/schema.org\",\"@graph\":[{\"@type\":\"WebPage\",\"@id\":\"https:\\\/\\\/grafiti.com\\\/fr\\\/sigmaplot-details\\\/modules-complementaires\\\/\",\"url\":\"https:\\\/\\\/grafiti.com\\\/fr\\\/sigmaplot-details\\\/modules-complementaires\\\/\",\"name\":\"Modules compl\u00e9mentaires - Grafiti LLC\",\"isPartOf\":{\"@id\":\"https:\\\/\\\/grafiti.com\\\/#website\"},\"primaryImageOfPage\":{\"@id\":\"https:\\\/\\\/grafiti.com\\\/fr\\\/sigmaplot-details\\\/modules-complementaires\\\/#primaryimage\"},\"image\":{\"@id\":\"https:\\\/\\\/grafiti.com\\\/fr\\\/sigmaplot-details\\\/modules-complementaires\\\/#primaryimage\"},\"thumbnailUrl\":\"https:\\\/\\\/grafiti.com\\\/wp-content\\\/uploads\\\/2023\\\/07\\\/ek.jpg\",\"datePublished\":\"2023-07-20T09:11:21+00:00\",\"dateModified\":\"2024-01-14T17:33:55+00:00\",\"breadcrumb\":{\"@id\":\"https:\\\/\\\/grafiti.com\\\/fr\\\/sigmaplot-details\\\/modules-complementaires\\\/#breadcrumb\"},\"inLanguage\":\"fr-FR\",\"potentialAction\":[{\"@type\":\"ReadAction\",\"target\":[\"https:\\\/\\\/grafiti.com\\\/fr\\\/sigmaplot-details\\\/modules-complementaires\\\/\"]}]},{\"@type\":\"ImageObject\",\"inLanguage\":\"fr-FR\",\"@id\":\"https:\\\/\\\/grafiti.com\\\/fr\\\/sigmaplot-details\\\/modules-complementaires\\\/#primaryimage\",\"url\":\"https:\\\/\\\/grafiti.com\\\/wp-content\\\/uploads\\\/2023\\\/07\\\/ek.jpg\",\"contentUrl\":\"https:\\\/\\\/grafiti.com\\\/wp-content\\\/uploads\\\/2023\\\/07\\\/ek.jpg\"},{\"@type\":\"BreadcrumbList\",\"@id\":\"https:\\\/\\\/grafiti.com\\\/fr\\\/sigmaplot-details\\\/modules-complementaires\\\/#breadcrumb\",\"itemListElement\":[{\"@type\":\"ListItem\",\"position\":1,\"name\":\"Home\",\"item\":\"https:\\\/\\\/grafiti.com\\\/fr\\\/\"},{\"@type\":\"ListItem\",\"position\":2,\"name\":\"SigmaPlot D\u00e9tails\",\"item\":\"https:\\\/\\\/grafiti.com\\\/fr\\\/sigmaplot-details\\\/\"},{\"@type\":\"ListItem\",\"position\":3,\"name\":\"Modules compl\u00e9mentaires\"}]},{\"@type\":\"WebSite\",\"@id\":\"https:\\\/\\\/grafiti.com\\\/#website\",\"url\":\"https:\\\/\\\/grafiti.com\\\/\",\"name\":\"Grafiti LLC\",\"description\":\"Grafiti LLC\",\"publisher\":{\"@id\":\"https:\\\/\\\/grafiti.com\\\/#organization\"},\"potentialAction\":[{\"@type\":\"SearchAction\",\"target\":{\"@type\":\"EntryPoint\",\"urlTemplate\":\"https:\\\/\\\/grafiti.com\\\/?s={search_term_string}\"},\"query-input\":{\"@type\":\"PropertyValueSpecification\",\"valueRequired\":true,\"valueName\":\"search_term_string\"}}],\"inLanguage\":\"fr-FR\"},{\"@type\":\"Organization\",\"@id\":\"https:\\\/\\\/grafiti.com\\\/#organization\",\"name\":\"Grafiti LLC\",\"url\":\"https:\\\/\\\/grafiti.com\\\/\",\"logo\":{\"@type\":\"ImageObject\",\"inLanguage\":\"fr-FR\",\"@id\":\"https:\\\/\\\/grafiti.com\\\/#\\\/schema\\\/logo\\\/image\\\/\",\"url\":\"https:\\\/\\\/grafiti.com\\\/wp-content\\\/uploads\\\/2024\\\/01\\\/logo-2.png\",\"contentUrl\":\"https:\\\/\\\/grafiti.com\\\/wp-content\\\/uploads\\\/2024\\\/01\\\/logo-2.png\",\"width\":164,\"height\":62,\"caption\":\"Grafiti LLC\"},\"image\":{\"@id\":\"https:\\\/\\\/grafiti.com\\\/#\\\/schema\\\/logo\\\/image\\\/\"}}]}<\/script>\n<!-- \/ Yoast SEO plugin. -->","yoast_head_json":{"title":"Modules compl\u00e9mentaires - Grafiti LLC","robots":{"index":"index","follow":"follow","max-snippet":"max-snippet:-1","max-image-preview":"max-image-preview:large","max-video-preview":"max-video-preview:-1"},"canonical":"https:\/\/grafiti.com\/fr\/sigmaplot-details\/modules-complementaires\/","og_locale":"fr_FR","og_type":"article","og_title":"Modules compl\u00e9mentaires - Grafiti LLC","og_description":"SigmaPlot Modules compl\u00e9mentaires SigmaPlot Modules compl\u00e9mentaires SigmaPlot est livr\u00e9 avec des modules optionnels permettant d&rsquo;\u00e9tendre les fonctionnalit\u00e9s. Module de cin\u00e9tique enzymatique Le module Enzyme Kinetics de SigmaPlot est d\u00e9sormais int\u00e9gr\u00e9 \u00e0 SigmaPlot, offrant des fonctionnalit\u00e9s suppl\u00e9mentaires d&rsquo;analyse de la cin\u00e9tique enzymatique et des types de graphiques suppl\u00e9mentaires (Lineweaver-Burk, Eadie-Hofstee, Scatchard, etc.). Utilisez le module Enzyme [&hellip;]","og_url":"https:\/\/grafiti.com\/fr\/sigmaplot-details\/modules-complementaires\/","og_site_name":"Grafiti LLC","article_modified_time":"2024-01-14T17:33:55+00:00","og_image":[{"url":"https:\/\/grafiti.com\/wp-content\/uploads\/2023\/07\/ek.jpg","type":"","width":"","height":""}],"twitter_card":"summary_large_image","twitter_misc":{"Dur\u00e9e de lecture estim\u00e9e":"2 minutes"},"schema":{"@context":"https:\/\/schema.org","@graph":[{"@type":"WebPage","@id":"https:\/\/grafiti.com\/fr\/sigmaplot-details\/modules-complementaires\/","url":"https:\/\/grafiti.com\/fr\/sigmaplot-details\/modules-complementaires\/","name":"Modules compl\u00e9mentaires - Grafiti LLC","isPartOf":{"@id":"https:\/\/grafiti.com\/#website"},"primaryImageOfPage":{"@id":"https:\/\/grafiti.com\/fr\/sigmaplot-details\/modules-complementaires\/#primaryimage"},"image":{"@id":"https:\/\/grafiti.com\/fr\/sigmaplot-details\/modules-complementaires\/#primaryimage"},"thumbnailUrl":"https:\/\/grafiti.com\/wp-content\/uploads\/2023\/07\/ek.jpg","datePublished":"2023-07-20T09:11:21+00:00","dateModified":"2024-01-14T17:33:55+00:00","breadcrumb":{"@id":"https:\/\/grafiti.com\/fr\/sigmaplot-details\/modules-complementaires\/#breadcrumb"},"inLanguage":"fr-FR","potentialAction":[{"@type":"ReadAction","target":["https:\/\/grafiti.com\/fr\/sigmaplot-details\/modules-complementaires\/"]}]},{"@type":"ImageObject","inLanguage":"fr-FR","@id":"https:\/\/grafiti.com\/fr\/sigmaplot-details\/modules-complementaires\/#primaryimage","url":"https:\/\/grafiti.com\/wp-content\/uploads\/2023\/07\/ek.jpg","contentUrl":"https:\/\/grafiti.com\/wp-content\/uploads\/2023\/07\/ek.jpg"},{"@type":"BreadcrumbList","@id":"https:\/\/grafiti.com\/fr\/sigmaplot-details\/modules-complementaires\/#breadcrumb","itemListElement":[{"@type":"ListItem","position":1,"name":"Home","item":"https:\/\/grafiti.com\/fr\/"},{"@type":"ListItem","position":2,"name":"SigmaPlot D\u00e9tails","item":"https:\/\/grafiti.com\/fr\/sigmaplot-details\/"},{"@type":"ListItem","position":3,"name":"Modules compl\u00e9mentaires"}]},{"@type":"WebSite","@id":"https:\/\/grafiti.com\/#website","url":"https:\/\/grafiti.com\/","name":"Grafiti LLC","description":"Grafiti LLC","publisher":{"@id":"https:\/\/grafiti.com\/#organization"},"potentialAction":[{"@type":"SearchAction","target":{"@type":"EntryPoint","urlTemplate":"https:\/\/grafiti.com\/?s={search_term_string}"},"query-input":{"@type":"PropertyValueSpecification","valueRequired":true,"valueName":"search_term_string"}}],"inLanguage":"fr-FR"},{"@type":"Organization","@id":"https:\/\/grafiti.com\/#organization","name":"Grafiti LLC","url":"https:\/\/grafiti.com\/","logo":{"@type":"ImageObject","inLanguage":"fr-FR","@id":"https:\/\/grafiti.com\/#\/schema\/logo\/image\/","url":"https:\/\/grafiti.com\/wp-content\/uploads\/2024\/01\/logo-2.png","contentUrl":"https:\/\/grafiti.com\/wp-content\/uploads\/2024\/01\/logo-2.png","width":164,"height":62,"caption":"Grafiti LLC"},"image":{"@id":"https:\/\/grafiti.com\/#\/schema\/logo\/image\/"}}]}},"_links":{"self":[{"href":"https:\/\/grafiti.com\/fr\/wp-json\/wp\/v2\/pages\/11833","targetHints":{"allow":["GET"]}}],"collection":[{"href":"https:\/\/grafiti.com\/fr\/wp-json\/wp\/v2\/pages"}],"about":[{"href":"https:\/\/grafiti.com\/fr\/wp-json\/wp\/v2\/types\/page"}],"author":[{"embeddable":true,"href":"https:\/\/grafiti.com\/fr\/wp-json\/wp\/v2\/users\/1773"}],"replies":[{"embeddable":true,"href":"https:\/\/grafiti.com\/fr\/wp-json\/wp\/v2\/comments?post=11833"}],"version-history":[{"count":0,"href":"https:\/\/grafiti.com\/fr\/wp-json\/wp\/v2\/pages\/11833\/revisions"}],"up":[{"embeddable":true,"href":"https:\/\/grafiti.com\/fr\/wp-json\/wp\/v2\/pages\/11739"}],"wp:attachment":[{"href":"https:\/\/grafiti.com\/fr\/wp-json\/wp\/v2\/media?parent=11833"}],"curies":[{"name":"wp","href":"https:\/\/api.w.org\/{rel}","templated":true}]}}