{"id":11903,"date":"2023-07-26T08:18:42","date_gmt":"2023-07-26T08:18:42","guid":{"rendered":"https:\/\/grafiti.com\/applications-de-tablecurve2d\/"},"modified":"2024-01-13T07:12:16","modified_gmt":"2024-01-13T07:12:16","slug":"applications-de-tablecurve2d","status":"publish","type":"page","link":"https:\/\/grafiti.com\/fr\/applications-de-tablecurve2d\/","title":{"rendered":"Applications de TableCurve2D"},"content":{"rendered":"\t\t<div data-elementor-type=\"wp-page\" data-elementor-id=\"11903\" class=\"elementor elementor-11903\" data-elementor-post-type=\"page\">\n\t\t\t\t\t\t<section class=\"elementor-section elementor-top-section elementor-element elementor-element-0f060a7 elementor-section-boxed elementor-section-height-default elementor-section-height-default\" data-id=\"0f060a7\" data-element_type=\"section\" data-e-type=\"section\" data-settings=\"{&quot;background_background&quot;:&quot;classic&quot;}\">\n\t\t\t\t\t\t\t<div class=\"elementor-background-overlay\"><\/div>\n\t\t\t\t\t\t\t<div class=\"elementor-container elementor-column-gap-default\">\n\t\t\t\t\t<div class=\"elementor-column elementor-col-100 elementor-top-column elementor-element elementor-element-921f110\" data-id=\"921f110\" data-element_type=\"column\" data-e-type=\"column\">\n\t\t\t<div class=\"elementor-widget-wrap elementor-element-populated\">\n\t\t\t\t\t\t<div class=\"elementor-element elementor-element-391d254 elementor-widget elementor-widget-heading\" data-id=\"391d254\" data-element_type=\"widget\" data-e-type=\"widget\" data-widget_type=\"heading.default\">\n\t\t\t\t<div class=\"elementor-widget-container\">\n\t\t\t\t\t<h2 class=\"elementor-heading-title elementor-size-default\">INPIXON<\/h2>\t\t\t\t<\/div>\n\t\t\t\t<\/div>\n\t\t\t\t\t<\/div>\n\t\t<\/div>\n\t\t\t\t\t<\/div>\n\t\t<\/section>\n\t\t\t\t<section class=\"elementor-section elementor-top-section elementor-element elementor-element-3f91895 elementor-section-boxed elementor-section-height-default elementor-section-height-default\" data-id=\"3f91895\" data-element_type=\"section\" data-e-type=\"section\">\n\t\t\t\t\t\t<div class=\"elementor-container elementor-column-gap-default\">\n\t\t\t\t\t<div class=\"elementor-column elementor-col-100 elementor-top-column elementor-element elementor-element-a975450\" data-id=\"a975450\" data-element_type=\"column\" data-e-type=\"column\">\n\t\t\t<div class=\"elementor-widget-wrap elementor-element-populated\">\n\t\t\t\t\t\t<div class=\"elementor-element elementor-element-7bf64fa elementor-widget elementor-widget-heading\" data-id=\"7bf64fa\" data-element_type=\"widget\" data-e-type=\"widget\" data-widget_type=\"heading.default\">\n\t\t\t\t<div class=\"elementor-widget-container\">\n\t\t\t\t\t<h2 class=\"elementor-heading-title elementor-size-default\">Applications\n<\/h2>\t\t\t\t<\/div>\n\t\t\t\t<\/div>\n\t\t\t\t<div class=\"elementor-element elementor-element-d68b8e0 elementor-widget elementor-widget-heading\" data-id=\"d68b8e0\" data-element_type=\"widget\" data-e-type=\"widget\" data-widget_type=\"heading.default\">\n\t\t\t\t<div class=\"elementor-widget-container\">\n\t\t\t\t\t<h2 class=\"elementor-heading-title elementor-size-default\">Des \u00e9quations pour toutes les applications\n<\/h2>\t\t\t\t<\/div>\n\t\t\t\t<\/div>\n\t\t\t\t<div class=\"elementor-element elementor-element-75d217b elementor-widget elementor-widget-heading\" data-id=\"75d217b\" data-element_type=\"widget\" data-e-type=\"widget\" data-widget_type=\"heading.default\">\n\t\t\t\t<div class=\"elementor-widget-container\">\n\t\t\t\t\t<h2 class=\"elementor-heading-title elementor-size-default\">Optimiser le contr\u00f4le des processus\n\n<\/h2>\t\t\t\t<\/div>\n\t\t\t\t<\/div>\n\t\t\t\t<div class=\"elementor-element elementor-element-7672e5a elementor-widget elementor-widget-heading\" data-id=\"7672e5a\" data-element_type=\"widget\" data-e-type=\"widget\" data-widget_type=\"heading.default\">\n\t\t\t\t<div class=\"elementor-widget-container\">\n\t\t\t\t\t<p class=\"elementor-heading-title elementor-size-default\">Tr\u00e8s souvent, des \u00e9conomies substantielles peuvent \u00eatre r\u00e9alis\u00e9es en optimisant les param\u00e8tres de contr\u00f4le du processus. \u00c9tant donn\u00e9 que TableCurve 2D indique automatiquement les minima et maxima des fonctions ajust\u00e9es et des d\u00e9riv\u00e9es, l'optimisation du processus se r\u00e9sume souvent \u00e0 l'utilisation d'un seul chiffre dans le rapport.\n\n<\/p>\t\t\t\t<\/div>\n\t\t\t\t<\/div>\n\t\t\t\t<div class=\"elementor-element elementor-element-f00937e elementor-widget elementor-widget-heading\" data-id=\"f00937e\" data-element_type=\"widget\" data-e-type=\"widget\" data-widget_type=\"heading.default\">\n\t\t\t\t<div class=\"elementor-widget-container\">\n\t\t\t\t\t<h2 class=\"elementor-heading-title elementor-size-default\">G\u00e9n\u00e9rer des courbes d'\u00e9talonnage\n\n<\/h2>\t\t\t\t<\/div>\n\t\t\t\t<\/div>\n\t\t\t\t<div class=\"elementor-element elementor-element-0e15cd1 elementor-widget elementor-widget-heading\" data-id=\"0e15cd1\" data-element_type=\"widget\" data-e-type=\"widget\" data-widget_type=\"heading.default\">\n\t\t\t\t<div class=\"elementor-widget-container\">\n\t\t\t\t\t<p class=\"elementor-heading-title elementor-size-default\">TableCurve 2D excelle dans les applications de la science de l'\u00e9talonnage. Qu'il s'agisse d'\u00e9talonner un d\u00e9bitm\u00e8tre, des mesures en soufflerie ou des signaux d'instrumentation satellitaire, TableCurve 2D peut fournir le mod\u00e8le param\u00e9trique id\u00e9al.\n\n<\/p>\t\t\t\t<\/div>\n\t\t\t\t<\/div>\n\t\t\t\t<div class=\"elementor-element elementor-element-adf4daa elementor-widget elementor-widget-heading\" data-id=\"adf4daa\" data-element_type=\"widget\" data-e-type=\"widget\" data-widget_type=\"heading.default\">\n\t\t\t\t<div class=\"elementor-widget-container\">\n\t\t\t\t\t<h2 class=\"elementor-heading-title elementor-size-default\">Ajuster les donn\u00e9es tabul\u00e9es\n\n<\/h2>\t\t\t\t<\/div>\n\t\t\t\t<\/div>\n\t\t\t\t<div class=\"elementor-element elementor-element-2570450 elementor-widget elementor-widget-heading\" data-id=\"2570450\" data-element_type=\"widget\" data-e-type=\"widget\" data-widget_type=\"heading.default\">\n\t\t\t\t<div class=\"elementor-widget-container\">\n\t\t\t\t\t<p class=\"elementor-heading-title elementor-size-default\">Les ing\u00e9nieurs et les scientifiques ont souvent besoin de convertir des tableaux de donn\u00e9es trouv\u00e9s dans des manuels ou des revues en une simple \u00e9quation, souvent pour une utilisation dans un logiciel ou un microcode. TableCurve 2D est capable de produire des \u00e9quations qui pr\u00e9servent la totalit\u00e9 ou la majeure partie de la pr\u00e9cision pr\u00e9sente dans les donn\u00e9es tabul\u00e9es. TableCurve 2D fournit m\u00eame un r\u00e9sum\u00e9 de pr\u00e9cision pour les concepteurs d'instruments qui doivent utiliser des calculs en virgule fixe dans leurs microprocesseurs.\n\n<\/p>\t\t\t\t<\/div>\n\t\t\t\t<\/div>\n\t\t\t\t<div class=\"elementor-element elementor-element-0ee8770 elementor-widget elementor-widget-heading\" data-id=\"0ee8770\" data-element_type=\"widget\" data-e-type=\"widget\" data-widget_type=\"heading.default\">\n\t\t\t\t<div class=\"elementor-widget-container\">\n\t\t\t\t\t<h2 class=\"elementor-heading-title elementor-size-default\">Cr\u00e9er des mod\u00e8les de bo\u00eete noire\n\n<\/h2>\t\t\t\t<\/div>\n\t\t\t\t<\/div>\n\t\t\t\t<div class=\"elementor-element elementor-element-b05d753 elementor-widget elementor-widget-heading\" data-id=\"b05d753\" data-element_type=\"widget\" data-e-type=\"widget\" data-widget_type=\"heading.default\">\n\t\t\t\t<div class=\"elementor-widget-container\">\n\t\t\t\t\t<p class=\"elementor-heading-title elementor-size-default\">Il arrive qu'un ing\u00e9nieur ou un scientifique veuille \u00e9tudier un processus tr\u00e8s complexe, tel que la biochimie humaine, o\u00f9 les mod\u00e8les sous-jacents sont mal d\u00e9finis. Dans de tels cas, TableCurve 2D peut fournir des informations importantes sur les m\u00e9canismes subtils en jeu. Un mod\u00e8le r\u00e9ussi peut sugg\u00e9rer d'autres exp\u00e9riences en pharmacocin\u00e9tique, en physique des hautes \u00e9nergies ou en chimie des cristaux.\n\n<\/p>\t\t\t\t<\/div>\n\t\t\t\t<\/div>\n\t\t\t\t<div class=\"elementor-element elementor-element-fc191e8 elementor-widget elementor-widget-heading\" data-id=\"fc191e8\" data-element_type=\"widget\" data-e-type=\"widget\" data-widget_type=\"heading.default\">\n\t\t\t\t<div class=\"elementor-widget-container\">\n\t\t\t\t\t<h2 class=\"elementor-heading-title elementor-size-default\">Produire des \u00e9quations pour une mod\u00e9lisation complexe ou des simulations de Monte-Carlo<\/h2>\t\t\t\t<\/div>\n\t\t\t\t<\/div>\n\t\t\t\t<div class=\"elementor-element elementor-element-150b94b elementor-widget elementor-widget-heading\" data-id=\"150b94b\" data-element_type=\"widget\" data-e-type=\"widget\" data-widget_type=\"heading.default\">\n\t\t\t\t<div class=\"elementor-widget-container\">\n\t\t\t\t\t<p class=\"elementor-heading-title elementor-size-default\">TableCurve 2D peut \u00eatre utilis\u00e9 pour convertir des donn\u00e9es empiriques provenant de centaines de sources en \u00e9quations simplifi\u00e9es. Ces \u00e9quations peuvent ensuite \u00eatre introduites dans des mod\u00e8les complexes ou des simulations de Monte-Carlo pour simuler les effets de centaines, voire de milliers de variables sur un mod\u00e8le donn\u00e9.\n\n<\/p>\t\t\t\t<\/div>\n\t\t\t\t<\/div>\n\t\t\t\t<div class=\"elementor-element elementor-element-ea78380 elementor-widget elementor-widget-heading\" data-id=\"ea78380\" data-element_type=\"widget\" data-e-type=\"widget\" data-widget_type=\"heading.default\">\n\t\t\t\t<div class=\"elementor-widget-container\">\n\t\t\t\t\t<h2 class=\"elementor-heading-title elementor-size-default\">Interpoler les donn\u00e9es\n\n<\/h2>\t\t\t\t<\/div>\n\t\t\t\t<\/div>\n\t\t\t\t<div class=\"elementor-element elementor-element-d314065 elementor-widget elementor-widget-heading\" data-id=\"d314065\" data-element_type=\"widget\" data-e-type=\"widget\" data-widget_type=\"heading.default\">\n\t\t\t\t<div class=\"elementor-widget-container\">\n\t\t\t\t\t<p class=\"elementor-heading-title elementor-size-default\">Il n'y a pas de moyen plus simple, plus rapide ou plus automatis\u00e9 d'interpoler des donn\u00e9es qu'avec TableCurve 2D. Des tableaux de donn\u00e9es ou des points interpol\u00e9s individuels sont g\u00e9n\u00e9r\u00e9s sans effort, m\u00eame pour les ensembles de donn\u00e9es les plus exigeants.\n\n<\/p>\t\t\t\t<\/div>\n\t\t\t\t<\/div>\n\t\t\t\t\t<\/div>\n\t\t<\/div>\n\t\t\t\t\t<\/div>\n\t\t<\/section>\n\t\t\t\t<\/div>\n\t\t","protected":false},"excerpt":{"rendered":"<p>INPIXON Applications Des \u00e9quations pour toutes les applications Optimiser le contr\u00f4le des processus Tr\u00e8s souvent, des \u00e9conomies substantielles peuvent \u00eatre r\u00e9alis\u00e9es en optimisant les param\u00e8tres de contr\u00f4le du processus. \u00c9tant donn\u00e9 que TableCurve 2D indique automatiquement les minima et maxima des fonctions ajust\u00e9es et des d\u00e9riv\u00e9es, l&rsquo;optimisation du processus se r\u00e9sume souvent \u00e0 l&rsquo;utilisation d&rsquo;un [&hellip;]<\/p>\n","protected":false},"author":1773,"featured_media":0,"parent":0,"menu_order":0,"comment_status":"closed","ping_status":"closed","template":"","meta":{"site-sidebar-layout":"no-sidebar","site-content-layout":"page-builder","ast-site-content-layout":"full-width-container","site-content-style":"unboxed","site-sidebar-style":"unboxed","ast-global-header-display":"","ast-banner-title-visibility":"","ast-main-header-display":"","ast-hfb-above-header-display":"","ast-hfb-below-header-display":"","ast-hfb-mobile-header-display":"","site-post-title":"disabled","ast-breadcrumbs-content":"","ast-featured-img":"disabled","footer-sml-layout":"","ast-disable-related-posts":"","theme-transparent-header-meta":"","adv-header-id-meta":"","stick-header-meta":"","header-above-stick-meta":"","header-main-stick-meta":"","header-below-stick-meta":"","astra-migrate-meta-layouts":"default","ast-page-background-enabled":"default","ast-page-background-meta":{"desktop":{"background-color":"var(--ast-global-color-4)","background-image":"","background-repeat":"repeat","background-position":"center center","background-size":"auto","background-attachment":"scroll","background-type":"","background-media":"","overlay-type":"","overlay-color":"","overlay-opacity":"","overlay-gradient":""},"tablet":{"background-color":"","background-image":"","background-repeat":"repeat","background-position":"center center","background-size":"auto","background-attachment":"scroll","background-type":"","background-media":"","overlay-type":"","overlay-color":"","overlay-opacity":"","overlay-gradient":""},"mobile":{"background-color":"","background-image":"","background-repeat":"repeat","background-position":"center center","background-size":"auto","background-attachment":"scroll","background-type":"","background-media":"","overlay-type":"","overlay-color":"","overlay-opacity":"","overlay-gradient":""}},"ast-content-background-meta":{"desktop":{"background-color":"var(--ast-global-color-5)","background-image":"","background-repeat":"repeat","background-position":"center center","background-size":"auto","background-attachment":"scroll","background-type":"","background-media":"","overlay-type":"","overlay-color":"","overlay-opacity":"","overlay-gradient":""},"tablet":{"background-color":"var(--ast-global-color-5)","background-image":"","background-repeat":"repeat","background-position":"center center","background-size":"auto","background-attachment":"scroll","background-type":"","background-media":"","overlay-type":"","overlay-color":"","overlay-opacity":"","overlay-gradient":""},"mobile":{"background-color":"var(--ast-global-color-5)","background-image":"","background-repeat":"repeat","background-position":"center center","background-size":"auto","background-attachment":"scroll","background-type":"","background-media":"","overlay-type":"","overlay-color":"","overlay-opacity":"","overlay-gradient":""}},"footnotes":""},"class_list":["post-11903","page","type-page","status-publish","hentry"],"yoast_head":"<!-- This site is optimized with the Yoast SEO plugin v27.5 - https:\/\/yoast.com\/product\/yoast-seo-wordpress\/ -->\n<title>Applications de TableCurve2D - Grafiti LLC<\/title>\n<meta name=\"robots\" content=\"index, follow, max-snippet:-1, max-image-preview:large, max-video-preview:-1\" \/>\n<link rel=\"canonical\" href=\"https:\/\/grafiti.com\/tablecurve2d-applications\/\" \/>\n<meta property=\"og:locale\" content=\"fr_FR\" \/>\n<meta property=\"og:type\" content=\"article\" \/>\n<meta property=\"og:title\" content=\"Applications de TableCurve2D - Grafiti LLC\" \/>\n<meta property=\"og:description\" content=\"INPIXON Applications Des \u00e9quations pour toutes les applications Optimiser le contr\u00f4le des processus Tr\u00e8s souvent, des \u00e9conomies substantielles peuvent \u00eatre r\u00e9alis\u00e9es en optimisant les param\u00e8tres de contr\u00f4le du processus. \u00c9tant donn\u00e9 que TableCurve 2D indique automatiquement les minima et maxima des fonctions ajust\u00e9es et des d\u00e9riv\u00e9es, l&rsquo;optimisation du processus se r\u00e9sume souvent \u00e0 l&rsquo;utilisation d&rsquo;un [&hellip;]\" \/>\n<meta property=\"og:url\" content=\"https:\/\/grafiti.com\/tablecurve2d-applications\/\" \/>\n<meta property=\"og:site_name\" content=\"Grafiti LLC\" \/>\n<meta property=\"article:modified_time\" content=\"2024-01-13T07:12:16+00:00\" \/>\n<meta name=\"twitter:card\" content=\"summary_large_image\" \/>\n<meta name=\"twitter:label1\" content=\"Dur\u00e9e de lecture estim\u00e9e\" \/>\n\t<meta name=\"twitter:data1\" content=\"2 minutes\" \/>\n<script type=\"application\/ld+json\" class=\"yoast-schema-graph\">{\"@context\":\"https:\\\/\\\/schema.org\",\"@graph\":[{\"@type\":\"WebPage\",\"@id\":\"https:\\\/\\\/grafiti.com\\\/tablecurve2d-applications\\\/\",\"url\":\"https:\\\/\\\/grafiti.com\\\/tablecurve2d-applications\\\/\",\"name\":\"Applications de TableCurve2D - Grafiti LLC\",\"isPartOf\":{\"@id\":\"https:\\\/\\\/grafiti.com\\\/#website\"},\"datePublished\":\"2023-07-26T08:18:42+00:00\",\"dateModified\":\"2024-01-13T07:12:16+00:00\",\"breadcrumb\":{\"@id\":\"https:\\\/\\\/grafiti.com\\\/tablecurve2d-applications\\\/#breadcrumb\"},\"inLanguage\":\"fr-FR\",\"potentialAction\":[{\"@type\":\"ReadAction\",\"target\":[\"https:\\\/\\\/grafiti.com\\\/tablecurve2d-applications\\\/\"]}]},{\"@type\":\"BreadcrumbList\",\"@id\":\"https:\\\/\\\/grafiti.com\\\/tablecurve2d-applications\\\/#breadcrumb\",\"itemListElement\":[{\"@type\":\"ListItem\",\"position\":1,\"name\":\"Home\",\"item\":\"https:\\\/\\\/grafiti.com\\\/fr\\\/\"},{\"@type\":\"ListItem\",\"position\":2,\"name\":\"Applications de TableCurve2D\"}]},{\"@type\":\"WebSite\",\"@id\":\"https:\\\/\\\/grafiti.com\\\/#website\",\"url\":\"https:\\\/\\\/grafiti.com\\\/\",\"name\":\"Grafiti LLC\",\"description\":\"Grafiti LLC\",\"publisher\":{\"@id\":\"https:\\\/\\\/grafiti.com\\\/#organization\"},\"potentialAction\":[{\"@type\":\"SearchAction\",\"target\":{\"@type\":\"EntryPoint\",\"urlTemplate\":\"https:\\\/\\\/grafiti.com\\\/?s={search_term_string}\"},\"query-input\":{\"@type\":\"PropertyValueSpecification\",\"valueRequired\":true,\"valueName\":\"search_term_string\"}}],\"inLanguage\":\"fr-FR\"},{\"@type\":\"Organization\",\"@id\":\"https:\\\/\\\/grafiti.com\\\/#organization\",\"name\":\"Grafiti LLC\",\"url\":\"https:\\\/\\\/grafiti.com\\\/\",\"logo\":{\"@type\":\"ImageObject\",\"inLanguage\":\"fr-FR\",\"@id\":\"https:\\\/\\\/grafiti.com\\\/#\\\/schema\\\/logo\\\/image\\\/\",\"url\":\"https:\\\/\\\/grafiti.com\\\/wp-content\\\/uploads\\\/2024\\\/01\\\/logo-2.png\",\"contentUrl\":\"https:\\\/\\\/grafiti.com\\\/wp-content\\\/uploads\\\/2024\\\/01\\\/logo-2.png\",\"width\":164,\"height\":62,\"caption\":\"Grafiti LLC\"},\"image\":{\"@id\":\"https:\\\/\\\/grafiti.com\\\/#\\\/schema\\\/logo\\\/image\\\/\"}}]}<\/script>\n<!-- \/ Yoast SEO plugin. -->","yoast_head_json":{"title":"Applications de TableCurve2D - Grafiti LLC","robots":{"index":"index","follow":"follow","max-snippet":"max-snippet:-1","max-image-preview":"max-image-preview:large","max-video-preview":"max-video-preview:-1"},"canonical":"https:\/\/grafiti.com\/tablecurve2d-applications\/","og_locale":"fr_FR","og_type":"article","og_title":"Applications de TableCurve2D - Grafiti LLC","og_description":"INPIXON Applications Des \u00e9quations pour toutes les applications Optimiser le contr\u00f4le des processus Tr\u00e8s souvent, des \u00e9conomies substantielles peuvent \u00eatre r\u00e9alis\u00e9es en optimisant les param\u00e8tres de contr\u00f4le du processus. \u00c9tant donn\u00e9 que TableCurve 2D indique automatiquement les minima et maxima des fonctions ajust\u00e9es et des d\u00e9riv\u00e9es, l&rsquo;optimisation du processus se r\u00e9sume souvent \u00e0 l&rsquo;utilisation d&rsquo;un [&hellip;]","og_url":"https:\/\/grafiti.com\/tablecurve2d-applications\/","og_site_name":"Grafiti LLC","article_modified_time":"2024-01-13T07:12:16+00:00","twitter_card":"summary_large_image","twitter_misc":{"Dur\u00e9e de lecture estim\u00e9e":"2 minutes"},"schema":{"@context":"https:\/\/schema.org","@graph":[{"@type":"WebPage","@id":"https:\/\/grafiti.com\/tablecurve2d-applications\/","url":"https:\/\/grafiti.com\/tablecurve2d-applications\/","name":"Applications de TableCurve2D - Grafiti LLC","isPartOf":{"@id":"https:\/\/grafiti.com\/#website"},"datePublished":"2023-07-26T08:18:42+00:00","dateModified":"2024-01-13T07:12:16+00:00","breadcrumb":{"@id":"https:\/\/grafiti.com\/tablecurve2d-applications\/#breadcrumb"},"inLanguage":"fr-FR","potentialAction":[{"@type":"ReadAction","target":["https:\/\/grafiti.com\/tablecurve2d-applications\/"]}]},{"@type":"BreadcrumbList","@id":"https:\/\/grafiti.com\/tablecurve2d-applications\/#breadcrumb","itemListElement":[{"@type":"ListItem","position":1,"name":"Home","item":"https:\/\/grafiti.com\/fr\/"},{"@type":"ListItem","position":2,"name":"Applications de TableCurve2D"}]},{"@type":"WebSite","@id":"https:\/\/grafiti.com\/#website","url":"https:\/\/grafiti.com\/","name":"Grafiti LLC","description":"Grafiti LLC","publisher":{"@id":"https:\/\/grafiti.com\/#organization"},"potentialAction":[{"@type":"SearchAction","target":{"@type":"EntryPoint","urlTemplate":"https:\/\/grafiti.com\/?s={search_term_string}"},"query-input":{"@type":"PropertyValueSpecification","valueRequired":true,"valueName":"search_term_string"}}],"inLanguage":"fr-FR"},{"@type":"Organization","@id":"https:\/\/grafiti.com\/#organization","name":"Grafiti LLC","url":"https:\/\/grafiti.com\/","logo":{"@type":"ImageObject","inLanguage":"fr-FR","@id":"https:\/\/grafiti.com\/#\/schema\/logo\/image\/","url":"https:\/\/grafiti.com\/wp-content\/uploads\/2024\/01\/logo-2.png","contentUrl":"https:\/\/grafiti.com\/wp-content\/uploads\/2024\/01\/logo-2.png","width":164,"height":62,"caption":"Grafiti LLC"},"image":{"@id":"https:\/\/grafiti.com\/#\/schema\/logo\/image\/"}}]}},"_links":{"self":[{"href":"https:\/\/grafiti.com\/fr\/wp-json\/wp\/v2\/pages\/11903","targetHints":{"allow":["GET"]}}],"collection":[{"href":"https:\/\/grafiti.com\/fr\/wp-json\/wp\/v2\/pages"}],"about":[{"href":"https:\/\/grafiti.com\/fr\/wp-json\/wp\/v2\/types\/page"}],"author":[{"embeddable":true,"href":"https:\/\/grafiti.com\/fr\/wp-json\/wp\/v2\/users\/1773"}],"replies":[{"embeddable":true,"href":"https:\/\/grafiti.com\/fr\/wp-json\/wp\/v2\/comments?post=11903"}],"version-history":[{"count":0,"href":"https:\/\/grafiti.com\/fr\/wp-json\/wp\/v2\/pages\/11903\/revisions"}],"wp:attachment":[{"href":"https:\/\/grafiti.com\/fr\/wp-json\/wp\/v2\/media?parent=11903"}],"curies":[{"name":"wp","href":"https:\/\/api.w.org\/{rel}","templated":true}]}}