{"id":12106,"date":"2023-12-16T11:11:51","date_gmt":"2023-12-16T11:11:51","guid":{"rendered":"https:\/\/grafiti.com\/faq\/"},"modified":"2025-07-09T18:12:41","modified_gmt":"2025-07-09T18:12:41","slug":"faq","status":"publish","type":"page","link":"https:\/\/grafiti.com\/fr\/faq\/","title":{"rendered":"faq"},"content":{"rendered":"\t\t<div data-elementor-type=\"wp-page\" data-elementor-id=\"12106\" class=\"elementor elementor-12106 elementor-4428\" data-elementor-post-type=\"page\">\n\t\t\t\t\t\t<section class=\"elementor-section elementor-top-section elementor-element elementor-element-0421285 elementor-section-boxed elementor-section-height-default elementor-section-height-default\" data-id=\"0421285\" data-element_type=\"section\" data-e-type=\"section\">\n\t\t\t\t\t\t<div class=\"elementor-container elementor-column-gap-default\">\n\t\t\t\t\t<div class=\"elementor-column elementor-col-100 elementor-top-column elementor-element elementor-element-524ea5f\" data-id=\"524ea5f\" data-element_type=\"column\" data-e-type=\"column\">\n\t\t\t<div class=\"elementor-widget-wrap elementor-element-populated\">\n\t\t\t\t\t\t<div class=\"elementor-element elementor-element-a36b8bb elementor-widget elementor-widget-html\" data-id=\"a36b8bb\" data-element_type=\"widget\" data-e-type=\"widget\" data-widget_type=\"html.default\">\n\t\t\t\t<div class=\"elementor-widget-container\">\n\t\t\t\t\t\t\t\t\t<\/div>\n\t\t\t\t<\/div>\n\t\t\t\t\t<\/div>\n\t\t<\/div>\n\t\t\t\t\t<\/div>\n\t\t<\/section>\n\t\t\t\t<section class=\"elementor-section elementor-top-section elementor-element elementor-element-dbdbd05 elementor-section-boxed elementor-section-height-default elementor-section-height-default\" data-id=\"dbdbd05\" data-element_type=\"section\" data-e-type=\"section\">\n\t\t\t\t\t\t<div class=\"elementor-container elementor-column-gap-default\">\n\t\t\t\t\t<div class=\"elementor-column elementor-col-100 elementor-top-column elementor-element elementor-element-af07439\" data-id=\"af07439\" data-element_type=\"column\" data-e-type=\"column\">\n\t\t\t<div class=\"elementor-widget-wrap elementor-element-populated\">\n\t\t\t\t\t\t<div class=\"elementor-element elementor-element-8d8605f elementor-widget elementor-widget-heading\" data-id=\"8d8605f\" data-element_type=\"widget\" data-e-type=\"widget\" data-widget_type=\"heading.default\">\n\t\t\t\t<div class=\"elementor-widget-container\">\n\t\t\t\t\t<h2 class=\"elementor-heading-title elementor-size-default\">L'installation\n<\/h2>\t\t\t\t<\/div>\n\t\t\t\t<\/div>\n\t\t\t\t<div class=\"elementor-element elementor-element-f640b6d elementor-icon-list--layout-traditional elementor-list-item-link-full_width elementor-widget elementor-widget-icon-list\" data-id=\"f640b6d\" data-element_type=\"widget\" data-e-type=\"widget\" data-widget_type=\"icon-list.default\">\n\t\t\t\t<div class=\"elementor-widget-container\">\n\t\t\t\t\t\t\t<ul class=\"elementor-icon-list-items\">\n\t\t\t\t\t\t\t<li class=\"elementor-icon-list-item\">\n\t\t\t\t\t\t\t\t\t\t\t<span class=\"elementor-icon-list-icon\">\n\t\t\t\t\t\t\t<i aria-hidden=\"true\" class=\"fas fa-dot-circle\"><\/i>\t\t\t\t\t\t<\/span>\n\t\t\t\t\t\t\t\t\t\t<span class=\"elementor-icon-list-text\">Comment installer SigmaPlot V16 pour un utilisateur unique ou une licence de site ?<\/span>\n\t\t\t\t\t\t\t\t\t<\/li>\n\t\t\t\t\t\t\t\t<li class=\"elementor-icon-list-item\">\n\t\t\t\t\t\t\t\t\t\t\t<span class=\"elementor-icon-list-icon\">\n\t\t\t\t\t\t\t<i aria-hidden=\"true\" class=\"fas fa-dot-circle\"><\/i>\t\t\t\t\t\t<\/span>\n\t\t\t\t\t\t\t\t\t\t<span class=\"elementor-icon-list-text\">Comment mettre \u00e0 jour votre licence pour un utilisateur unique ou une licence de site ?<\/span>\n\t\t\t\t\t\t\t\t\t<\/li>\n\t\t\t\t\t\t\t\t<li class=\"elementor-icon-list-item\">\n\t\t\t\t\t\t\t\t\t\t\t<span class=\"elementor-icon-list-icon\">\n\t\t\t\t\t\t\t<i aria-hidden=\"true\" class=\"fas fa-dot-circle\"><\/i>\t\t\t\t\t\t<\/span>\n\t\t\t\t\t\t\t\t\t\t<span class=\"elementor-icon-list-text\">Comment installer la licence r\u00e9seau pour Sigmaplot<\/span>\n\t\t\t\t\t\t\t\t\t<\/li>\n\t\t\t\t\t\t<\/ul>\n\t\t\t\t\t\t<\/div>\n\t\t\t\t<\/div>\n\t\t\t\t<div class=\"elementor-element elementor-element-7d002ba elementor-widget elementor-widget-heading\" data-id=\"7d002ba\" data-element_type=\"widget\" data-e-type=\"widget\" data-widget_type=\"heading.default\">\n\t\t\t\t<div class=\"elementor-widget-container\">\n\t\t\t\t\t<h2 class=\"elementor-heading-title elementor-size-default\">Pour obtenir une aide suppl\u00e9mentaire en cas de probl\u00e8me de licence ou d'installation, veuillez contacter notre service d'assistance technique dans votre r\u00e9gion.<\/h2>\t\t\t\t<\/div>\n\t\t\t\t<\/div>\n\t\t\t\t\t<\/div>\n\t\t<\/div>\n\t\t\t\t\t<\/div>\n\t\t<\/section>\n\t\t\t\t<section class=\"elementor-section elementor-top-section elementor-element elementor-element-7397f89 elementor-section-boxed elementor-section-height-default elementor-section-height-default\" data-id=\"7397f89\" data-element_type=\"section\" data-e-type=\"section\">\n\t\t\t\t\t\t<div class=\"elementor-container elementor-column-gap-default\">\n\t\t\t\t\t<div class=\"elementor-column elementor-col-100 elementor-top-column elementor-element elementor-element-8c4acb2\" data-id=\"8c4acb2\" data-element_type=\"column\" data-e-type=\"column\">\n\t\t\t<div class=\"elementor-widget-wrap elementor-element-populated\">\n\t\t\t\t\t\t<div class=\"elementor-element elementor-element-2bb931a elementor-widget elementor-widget-heading\" data-id=\"2bb931a\" data-element_type=\"widget\" data-e-type=\"widget\" data-widget_type=\"heading.default\">\n\t\t\t\t<div class=\"elementor-widget-container\">\n\t\t\t\t\t<h2 class=\"elementor-heading-title elementor-size-default\">Ex\u00e9cuter SigmaPlot sur Mac OS\n<\/h2>\t\t\t\t<\/div>\n\t\t\t\t<\/div>\n\t\t\t\t<div class=\"elementor-element elementor-element-399f6b3 elementor-icon-list--layout-traditional elementor-list-item-link-full_width elementor-widget elementor-widget-icon-list\" data-id=\"399f6b3\" data-element_type=\"widget\" data-e-type=\"widget\" data-widget_type=\"icon-list.default\">\n\t\t\t\t<div class=\"elementor-widget-container\">\n\t\t\t\t\t\t\t<ul class=\"elementor-icon-list-items\">\n\t\t\t\t\t\t\t<li class=\"elementor-icon-list-item\">\n\t\t\t\t\t\t\t\t\t\t\t<span class=\"elementor-icon-list-icon\">\n\t\t\t\t\t\t\t<i aria-hidden=\"true\" class=\"fas fa-dot-circle\"><\/i>\t\t\t\t\t\t<\/span>\n\t\t\t\t\t\t\t\t\t\t<span class=\"elementor-icon-list-text\">Comment installer et ex\u00e9cuter SigmaPlot sur MAC  <\/span>\n\t\t\t\t\t\t\t\t\t<\/li>\n\t\t\t\t\t\t<\/ul>\n\t\t\t\t\t\t<\/div>\n\t\t\t\t<\/div>\n\t\t\t\t\t<\/div>\n\t\t<\/div>\n\t\t\t\t\t<\/div>\n\t\t<\/section>\n\t\t\t\t<\/div>\n\t\t","protected":false},"excerpt":{"rendered":"<p>L&rsquo;installation Comment installer SigmaPlot V16 pour un utilisateur unique ou une licence de site ? Comment mettre \u00e0 jour votre licence pour un utilisateur unique ou une licence de site ? Comment installer la licence r\u00e9seau pour Sigmaplot Pour obtenir une aide suppl\u00e9mentaire en cas de probl\u00e8me de licence ou d&rsquo;installation, veuillez contacter notre service [&hellip;]<\/p>\n","protected":false},"author":1773,"featured_media":0,"parent":0,"menu_order":0,"comment_status":"closed","ping_status":"closed","template":"","meta":{"site-sidebar-layout":"no-sidebar","site-content-layout":"page-builder","ast-site-content-layout":"full-width-container","site-content-style":"default","site-sidebar-style":"default","ast-global-header-display":"","ast-banner-title-visibility":"","ast-main-header-display":"","ast-hfb-above-header-display":"","ast-hfb-below-header-display":"","ast-hfb-mobile-header-display":"","site-post-title":"disabled","ast-breadcrumbs-content":"","ast-featured-img":"disabled","footer-sml-layout":"","ast-disable-related-posts":"","theme-transparent-header-meta":"","adv-header-id-meta":"","stick-header-meta":"","header-above-stick-meta":"","header-main-stick-meta":"","header-below-stick-meta":"","astra-migrate-meta-layouts":"default","ast-page-background-enabled":"default","ast-page-background-meta":{"desktop":{"background-color":"var(--ast-global-color-4)","background-image":"","background-repeat":"repeat","background-position":"center center","background-size":"auto","background-attachment":"scroll","background-type":"","background-media":"","overlay-type":"","overlay-color":"","overlay-opacity":"","overlay-gradient":""},"tablet":{"background-color":"","background-image":"","background-repeat":"repeat","background-position":"center center","background-size":"auto","background-attachment":"scroll","background-type":"","background-media":"","overlay-type":"","overlay-color":"","overlay-opacity":"","overlay-gradient":""},"mobile":{"background-color":"","background-image":"","background-repeat":"repeat","background-position":"center center","background-size":"auto","background-attachment":"scroll","background-type":"","background-media":"","overlay-type":"","overlay-color":"","overlay-opacity":"","overlay-gradient":""}},"ast-content-background-meta":{"desktop":{"background-color":"var(--ast-global-color-5)","background-image":"","background-repeat":"repeat","background-position":"center center","background-size":"auto","background-attachment":"scroll","background-type":"","background-media":"","overlay-type":"","overlay-color":"","overlay-opacity":"","overlay-gradient":""},"tablet":{"background-color":"var(--ast-global-color-5)","background-image":"","background-repeat":"repeat","background-position":"center center","background-size":"auto","background-attachment":"scroll","background-type":"","background-media":"","overlay-type":"","overlay-color":"","overlay-opacity":"","overlay-gradient":""},"mobile":{"background-color":"var(--ast-global-color-5)","background-image":"","background-repeat":"repeat","background-position":"center center","background-size":"auto","background-attachment":"scroll","background-type":"","background-media":"","overlay-type":"","overlay-color":"","overlay-opacity":"","overlay-gradient":""}},"footnotes":""},"class_list":["post-12106","page","type-page","status-publish","hentry"],"yoast_head":"<!-- This site is optimized with the Yoast SEO plugin v27.4 - https:\/\/yoast.com\/product\/yoast-seo-wordpress\/ -->\n<title>Grafiti FAQ - Grafiti LLC<\/title>\n<meta name=\"description\" content=\"Trouvez les r\u00e9ponses aux questions les plus fr\u00e9quentes sur les logiciels et services Grafiti.\" \/>\n<meta name=\"robots\" content=\"index, follow, max-snippet:-1, max-image-preview:large, max-video-preview:-1\" \/>\n<link rel=\"canonical\" href=\"https:\/\/grafiti.com\/fr\/faq\/\" \/>\n<meta property=\"og:locale\" content=\"fr_FR\" \/>\n<meta property=\"og:type\" content=\"article\" \/>\n<meta property=\"og:title\" content=\"Grafiti FAQ - Grafiti LLC\" \/>\n<meta property=\"og:description\" content=\"Trouvez les r\u00e9ponses aux questions les plus fr\u00e9quentes sur les logiciels et services Grafiti.\" \/>\n<meta property=\"og:url\" content=\"https:\/\/grafiti.com\/fr\/faq\/\" \/>\n<meta property=\"og:site_name\" content=\"Grafiti LLC\" \/>\n<meta property=\"article:modified_time\" content=\"2025-07-09T18:12:41+00:00\" \/>\n<meta name=\"twitter:card\" content=\"summary_large_image\" \/>\n<script type=\"application\/ld+json\" class=\"yoast-schema-graph\">{\"@context\":\"https:\\\/\\\/schema.org\",\"@graph\":[{\"@type\":\"WebPage\",\"@id\":\"https:\\\/\\\/grafiti.com\\\/fr\\\/faq\\\/\",\"url\":\"https:\\\/\\\/grafiti.com\\\/fr\\\/faq\\\/\",\"name\":\"Grafiti FAQ - Grafiti LLC\",\"isPartOf\":{\"@id\":\"https:\\\/\\\/grafiti.com\\\/#website\"},\"datePublished\":\"2023-12-16T11:11:51+00:00\",\"dateModified\":\"2025-07-09T18:12:41+00:00\",\"description\":\"Trouvez les r\u00e9ponses aux questions les plus fr\u00e9quentes sur les logiciels et services Grafiti.\",\"breadcrumb\":{\"@id\":\"https:\\\/\\\/grafiti.com\\\/fr\\\/faq\\\/#breadcrumb\"},\"inLanguage\":\"fr-FR\",\"potentialAction\":[{\"@type\":\"ReadAction\",\"target\":[\"https:\\\/\\\/grafiti.com\\\/fr\\\/faq\\\/\"]}]},{\"@type\":\"BreadcrumbList\",\"@id\":\"https:\\\/\\\/grafiti.com\\\/fr\\\/faq\\\/#breadcrumb\",\"itemListElement\":[{\"@type\":\"ListItem\",\"position\":1,\"name\":\"Home\",\"item\":\"https:\\\/\\\/grafiti.com\\\/fr\\\/\"},{\"@type\":\"ListItem\",\"position\":2,\"name\":\"faq\"}]},{\"@type\":\"WebSite\",\"@id\":\"https:\\\/\\\/grafiti.com\\\/#website\",\"url\":\"https:\\\/\\\/grafiti.com\\\/\",\"name\":\"Grafiti LLC\",\"description\":\"Grafiti LLC\",\"publisher\":{\"@id\":\"https:\\\/\\\/grafiti.com\\\/#organization\"},\"potentialAction\":[{\"@type\":\"SearchAction\",\"target\":{\"@type\":\"EntryPoint\",\"urlTemplate\":\"https:\\\/\\\/grafiti.com\\\/?s={search_term_string}\"},\"query-input\":{\"@type\":\"PropertyValueSpecification\",\"valueRequired\":true,\"valueName\":\"search_term_string\"}}],\"inLanguage\":\"fr-FR\"},{\"@type\":\"Organization\",\"@id\":\"https:\\\/\\\/grafiti.com\\\/#organization\",\"name\":\"Grafiti LLC\",\"url\":\"https:\\\/\\\/grafiti.com\\\/\",\"logo\":{\"@type\":\"ImageObject\",\"inLanguage\":\"fr-FR\",\"@id\":\"https:\\\/\\\/grafiti.com\\\/#\\\/schema\\\/logo\\\/image\\\/\",\"url\":\"https:\\\/\\\/grafiti.com\\\/wp-content\\\/uploads\\\/2024\\\/01\\\/logo-2.png\",\"contentUrl\":\"https:\\\/\\\/grafiti.com\\\/wp-content\\\/uploads\\\/2024\\\/01\\\/logo-2.png\",\"width\":164,\"height\":62,\"caption\":\"Grafiti LLC\"},\"image\":{\"@id\":\"https:\\\/\\\/grafiti.com\\\/#\\\/schema\\\/logo\\\/image\\\/\"}}]}<\/script>\n<!-- \/ Yoast SEO plugin. -->","yoast_head_json":{"title":"Grafiti FAQ - Grafiti LLC","description":"Trouvez les r\u00e9ponses aux questions les plus fr\u00e9quentes sur les logiciels et services Grafiti.","robots":{"index":"index","follow":"follow","max-snippet":"max-snippet:-1","max-image-preview":"max-image-preview:large","max-video-preview":"max-video-preview:-1"},"canonical":"https:\/\/grafiti.com\/fr\/faq\/","og_locale":"fr_FR","og_type":"article","og_title":"Grafiti FAQ - Grafiti LLC","og_description":"Trouvez les r\u00e9ponses aux questions les plus fr\u00e9quentes sur les logiciels et services Grafiti.","og_url":"https:\/\/grafiti.com\/fr\/faq\/","og_site_name":"Grafiti LLC","article_modified_time":"2025-07-09T18:12:41+00:00","twitter_card":"summary_large_image","schema":{"@context":"https:\/\/schema.org","@graph":[{"@type":"WebPage","@id":"https:\/\/grafiti.com\/fr\/faq\/","url":"https:\/\/grafiti.com\/fr\/faq\/","name":"Grafiti FAQ - Grafiti LLC","isPartOf":{"@id":"https:\/\/grafiti.com\/#website"},"datePublished":"2023-12-16T11:11:51+00:00","dateModified":"2025-07-09T18:12:41+00:00","description":"Trouvez les r\u00e9ponses aux questions les plus fr\u00e9quentes sur les logiciels et services Grafiti.","breadcrumb":{"@id":"https:\/\/grafiti.com\/fr\/faq\/#breadcrumb"},"inLanguage":"fr-FR","potentialAction":[{"@type":"ReadAction","target":["https:\/\/grafiti.com\/fr\/faq\/"]}]},{"@type":"BreadcrumbList","@id":"https:\/\/grafiti.com\/fr\/faq\/#breadcrumb","itemListElement":[{"@type":"ListItem","position":1,"name":"Home","item":"https:\/\/grafiti.com\/fr\/"},{"@type":"ListItem","position":2,"name":"faq"}]},{"@type":"WebSite","@id":"https:\/\/grafiti.com\/#website","url":"https:\/\/grafiti.com\/","name":"Grafiti LLC","description":"Grafiti LLC","publisher":{"@id":"https:\/\/grafiti.com\/#organization"},"potentialAction":[{"@type":"SearchAction","target":{"@type":"EntryPoint","urlTemplate":"https:\/\/grafiti.com\/?s={search_term_string}"},"query-input":{"@type":"PropertyValueSpecification","valueRequired":true,"valueName":"search_term_string"}}],"inLanguage":"fr-FR"},{"@type":"Organization","@id":"https:\/\/grafiti.com\/#organization","name":"Grafiti LLC","url":"https:\/\/grafiti.com\/","logo":{"@type":"ImageObject","inLanguage":"fr-FR","@id":"https:\/\/grafiti.com\/#\/schema\/logo\/image\/","url":"https:\/\/grafiti.com\/wp-content\/uploads\/2024\/01\/logo-2.png","contentUrl":"https:\/\/grafiti.com\/wp-content\/uploads\/2024\/01\/logo-2.png","width":164,"height":62,"caption":"Grafiti LLC"},"image":{"@id":"https:\/\/grafiti.com\/#\/schema\/logo\/image\/"}}]}},"_links":{"self":[{"href":"https:\/\/grafiti.com\/fr\/wp-json\/wp\/v2\/pages\/12106","targetHints":{"allow":["GET"]}}],"collection":[{"href":"https:\/\/grafiti.com\/fr\/wp-json\/wp\/v2\/pages"}],"about":[{"href":"https:\/\/grafiti.com\/fr\/wp-json\/wp\/v2\/types\/page"}],"author":[{"embeddable":true,"href":"https:\/\/grafiti.com\/fr\/wp-json\/wp\/v2\/users\/1773"}],"replies":[{"embeddable":true,"href":"https:\/\/grafiti.com\/fr\/wp-json\/wp\/v2\/comments?post=12106"}],"version-history":[{"count":0,"href":"https:\/\/grafiti.com\/fr\/wp-json\/wp\/v2\/pages\/12106\/revisions"}],"wp:attachment":[{"href":"https:\/\/grafiti.com\/fr\/wp-json\/wp\/v2\/media?parent=12106"}],"curies":[{"name":"wp","href":"https:\/\/api.w.org\/{rel}","templated":true}]}}