{"id":16105,"date":"2024-01-24T08:17:25","date_gmt":"2024-01-24T08:17:25","guid":{"rendered":"https:\/\/grafiti.com\/telecharger-le-logiciel-systat\/"},"modified":"2025-03-10T13:37:50","modified_gmt":"2025-03-10T13:37:50","slug":"telecharger-le-logiciel-systat","status":"publish","type":"page","link":"https:\/\/grafiti.com\/fr\/telecharger-le-logiciel-systat\/","title":{"rendered":"T\u00e9l\u00e9charger le logiciel Systat"},"content":{"rendered":"\t\t<div data-elementor-type=\"wp-page\" data-elementor-id=\"16105\" class=\"elementor elementor-16105 elementor-13042\" data-elementor-post-type=\"page\">\n\t\t\t\t\t\t<section class=\"elementor-section elementor-top-section elementor-element elementor-element-28bd1c1 elementor-section-boxed elementor-section-height-default elementor-section-height-default\" data-id=\"28bd1c1\" data-element_type=\"section\" data-e-type=\"section\" data-settings=\"{&quot;background_background&quot;:&quot;classic&quot;}\">\n\t\t\t\t\t\t\t<div class=\"elementor-background-overlay\"><\/div>\n\t\t\t\t\t\t\t<div class=\"elementor-container elementor-column-gap-default\">\n\t\t\t\t\t<div class=\"elementor-column elementor-col-100 elementor-top-column elementor-element elementor-element-aa05154\" data-id=\"aa05154\" data-element_type=\"column\" data-e-type=\"column\">\n\t\t\t<div class=\"elementor-widget-wrap elementor-element-populated\">\n\t\t\t\t\t\t<div class=\"elementor-element elementor-element-5c6445b elementor-widget elementor-widget-heading\" data-id=\"5c6445b\" data-element_type=\"widget\" data-e-type=\"widget\" data-widget_type=\"heading.default\">\n\t\t\t\t<div class=\"elementor-widget-container\">\n\t\t\t\t\t<h2 class=\"elementor-heading-title elementor-size-default\">Grafiti LLC<\/h2>\t\t\t\t<\/div>\n\t\t\t\t<\/div>\n\t\t\t\t\t<\/div>\n\t\t<\/div>\n\t\t\t\t\t<\/div>\n\t\t<\/section>\n\t\t\t\t<section class=\"elementor-section elementor-top-section elementor-element elementor-element-09480e7 elementor-section-content-middle elementor-section-boxed elementor-section-height-default elementor-section-height-default\" data-id=\"09480e7\" data-element_type=\"section\" data-e-type=\"section\">\n\t\t\t\t\t\t<div class=\"elementor-container elementor-column-gap-default\">\n\t\t\t\t\t<div class=\"elementor-column elementor-col-100 elementor-top-column elementor-element elementor-element-bd05c5b\" data-id=\"bd05c5b\" data-element_type=\"column\" data-e-type=\"column\" data-settings=\"{&quot;animation&quot;:&quot;none&quot;}\">\n\t\t\t<div class=\"elementor-widget-wrap elementor-element-populated\">\n\t\t\t\t\t\t<div class=\"elementor-element elementor-element-26c5712 elementor-widget elementor-widget-image\" data-id=\"26c5712\" data-element_type=\"widget\" data-e-type=\"widget\" data-widget_type=\"image.default\">\n\t\t\t\t<div class=\"elementor-widget-container\">\n\t\t\t\t\t\t\t\t\t\t\t\t\t\t\t<img decoding=\"async\" width=\"155\" height=\"73\" src=\"https:\/\/grafiti.com\/wp-content\/uploads\/2024\/01\/Group-496-1.png\" class=\"attachment-large size-large wp-image-13053\" alt=\"\" \/>\t\t\t\t\t\t\t\t\t\t\t\t\t\t\t<\/div>\n\t\t\t\t<\/div>\n\t\t\t\t<div class=\"elementor-element elementor-element-e043a2f elementor-widget elementor-widget-heading\" data-id=\"e043a2f\" data-element_type=\"widget\" data-e-type=\"widget\" data-widget_type=\"heading.default\">\n\t\t\t\t<div class=\"elementor-widget-container\">\n\t\t\t\t\t<p class=\"elementor-heading-title elementor-size-default\">SYSTAT 13.2 - Logiciel puissant d'analyse statistique et graphique. Simplifiez vos recherches et am\u00e9liorez vos publications gr\u00e2ce \u00e0 la suite compl\u00e8te de fonctions statistiques de SYSTAT et \u00e0 ses brillants diagrammes et graphiques 2D et 3D.<\/p>\t\t\t\t<\/div>\n\t\t\t\t<\/div>\n\t\t\t\t<div class=\"elementor-element elementor-element-2071d5c elementor-widget elementor-widget-text-editor\" data-id=\"2071d5c\" data-element_type=\"widget\" data-e-type=\"widget\" data-widget_type=\"text-editor.default\">\n\t\t\t\t<div class=\"elementor-widget-container\">\n\t\t\t\t\t\t\t\t\t<h6>IMPORTANT Notes d&rsquo;installation :<\/h6>\nVeuillez installer la version d&rsquo;\u00e9valuation en utilisant le num\u00e9ro de s\u00e9rie suivant :  <strong>797091234<\/strong>\t\t\t\t\t\t\t\t<\/div>\n\t\t\t\t<\/div>\n\t\t\t\t<div class=\"elementor-element elementor-element-0544198 elementor-widget elementor-widget-text-editor\" data-id=\"0544198\" data-element_type=\"widget\" data-e-type=\"widget\" data-widget_type=\"text-editor.default\">\n\t\t\t\t<div class=\"elementor-widget-container\">\n\t\t\t\t\t\t\t\t\t<p>Apr\u00e8s avoir extrait le fichier zip t\u00e9l\u00e9charg\u00e9, cette version limit\u00e9e de notre produit se pr\u00e9sente sous la forme d&rsquo;un ex\u00e9cutable auto-installable. Vous devez ensuite ex\u00e9cuter le fichier t\u00e9l\u00e9charg\u00e9 pour la d\u00e9mo, qui installe les fichiers de programme appropri\u00e9s dans les r\u00e9pertoires ad\u00e9quats de votre ordinateur.  Vous trouverez ci-dessous des proc\u00e9dures d&rsquo;installation et de retrait plus d\u00e9taill\u00e9es, \u00e9tape par \u00e9tape :<\/p>\n<ul>\n<li>T\u00e9l\u00e9chargez le fichier sur votre ordinateur. Cliquez sur le bouton \u00ab\u00a0T\u00e9l\u00e9charger maintenant\u00a0\u00bb ci-dessous pour lancer le t\u00e9l\u00e9chargement. <\/li>\n<li>Une fois le fichier t\u00e9l\u00e9charg\u00e9, extrayez le fichier compress\u00e9 sur votre ordinateur. \u00ab\u00a0Double-cliquez sur le fichier ex\u00e9cutable pour lancer l&rsquo;installation. <\/li>\n<li>Si vous avez des probl\u00e8mes pour terminer l&rsquo;installation, veuillez nous contacter.<\/li>\n<li>Suivez les instructions du programme d&rsquo;installation.<\/li>\n<\/ul>\n<p><strong>Taille du fichier (32Bit) : <\/strong>357 MB<br \/><strong>Taille du fichier (64Bit) :<\/strong> 359 MB<\/p>\n\t\t\t\t\t\t\t\t<\/div>\n\t\t\t\t<\/div>\n\t\t\t\t\t<\/div>\n\t\t<\/div>\n\t\t\t\t\t<\/div>\n\t\t<\/section>\n\t\t\t\t<section class=\"elementor-section elementor-top-section elementor-element elementor-element-d2fc52e elementor-section-boxed elementor-section-height-default elementor-section-height-default\" data-id=\"d2fc52e\" data-element_type=\"section\" data-e-type=\"section\">\n\t\t\t\t\t\t<div class=\"elementor-container elementor-column-gap-default\">\n\t\t\t\t\t<div class=\"elementor-column elementor-col-33 elementor-top-column elementor-element elementor-element-8718a86\" data-id=\"8718a86\" data-element_type=\"column\" data-e-type=\"column\">\n\t\t\t<div class=\"elementor-widget-wrap elementor-element-populated\">\n\t\t\t\t\t\t<div class=\"elementor-element elementor-element-79aa7a5 elementor-align-left elementor-widget elementor-widget-button\" data-id=\"79aa7a5\" data-element_type=\"widget\" data-e-type=\"widget\" data-widget_type=\"button.default\">\n\t\t\t\t<div class=\"elementor-widget-container\">\n\t\t\t\t\t\t\t\t\t<div class=\"elementor-button-wrapper\">\n\t\t\t\t\t<a class=\"elementor-button elementor-button-link elementor-size-md\" href=\"https:\/\/inpixon.files.com\/f\/8b6d93dc0b01746a\">\n\t\t\t\t\t\t<span class=\"elementor-button-content-wrapper\">\n\t\t\t\t\t\t\t\t\t<span class=\"elementor-button-text\">T\u00e9l\u00e9charger le logiciel (32Bit)<\/span>\n\t\t\t\t\t<\/span>\n\t\t\t\t\t<\/a>\n\t\t\t\t<\/div>\n\t\t\t\t\t\t\t\t<\/div>\n\t\t\t\t<\/div>\n\t\t\t\t<div class=\"elementor-element elementor-element-c7054a6 elementor-align-left elementor-widget elementor-widget-button\" data-id=\"c7054a6\" data-element_type=\"widget\" data-e-type=\"widget\" data-widget_type=\"button.default\">\n\t\t\t\t<div class=\"elementor-widget-container\">\n\t\t\t\t\t\t\t\t\t<div class=\"elementor-button-wrapper\">\n\t\t\t\t\t<a class=\"elementor-button elementor-button-link elementor-size-md\" href=\"https:\/\/inpixon.files.com\/f\/4918a54142a8308e\">\n\t\t\t\t\t\t<span class=\"elementor-button-content-wrapper\">\n\t\t\t\t\t\t\t\t\t<span class=\"elementor-button-text\">T\u00e9l\u00e9charger le logiciel (64Bit)<\/span>\n\t\t\t\t\t<\/span>\n\t\t\t\t\t<\/a>\n\t\t\t\t<\/div>\n\t\t\t\t\t\t\t\t<\/div>\n\t\t\t\t<\/div>\n\t\t\t\t\t<\/div>\n\t\t<\/div>\n\t\t\t\t<div class=\"elementor-column elementor-col-33 elementor-top-column elementor-element elementor-element-12fe0bd\" data-id=\"12fe0bd\" data-element_type=\"column\" data-e-type=\"column\">\n\t\t\t<div class=\"elementor-widget-wrap elementor-element-populated\">\n\t\t\t\t\t\t<div class=\"elementor-element elementor-element-45b4025 elementor-align-left elementor-widget__width-initial elementor-widget elementor-widget-button\" data-id=\"45b4025\" data-element_type=\"widget\" data-e-type=\"widget\" data-widget_type=\"button.default\">\n\t\t\t\t<div class=\"elementor-widget-container\">\n\t\t\t\t\t\t\t\t\t<div class=\"elementor-button-wrapper\">\n\t\t\t\t\t<a class=\"elementor-button elementor-button-link elementor-size-md\" href=\"\/wp-content\/products\/download-resources\/systat\/SYSTAT13_Brochure.pdf\">\n\t\t\t\t\t\t<span class=\"elementor-button-content-wrapper\">\n\t\t\t\t\t\t\t\t\t<span class=\"elementor-button-text\">T\u00e9l\u00e9chargez la brochure<\/span>\n\t\t\t\t\t<\/span>\n\t\t\t\t\t<\/a>\n\t\t\t\t<\/div>\n\t\t\t\t\t\t\t\t<\/div>\n\t\t\t\t<\/div>\n\t\t\t\t\t<\/div>\n\t\t<\/div>\n\t\t\t\t<div class=\"elementor-column elementor-col-33 elementor-top-column elementor-element elementor-element-23324ee\" data-id=\"23324ee\" data-element_type=\"column\" data-e-type=\"column\">\n\t\t\t<div class=\"elementor-widget-wrap elementor-element-populated\">\n\t\t\t\t\t\t<div class=\"elementor-element elementor-element-fa49e33 elementor-align-left elementor-widget__width-initial elementor-widget elementor-widget-button\" data-id=\"fa49e33\" data-element_type=\"widget\" data-e-type=\"widget\" data-widget_type=\"button.default\">\n\t\t\t\t<div class=\"elementor-widget-container\">\n\t\t\t\t\t\t\t\t\t<div class=\"elementor-button-wrapper\">\n\t\t\t\t\t<a class=\"elementor-button elementor-button-link elementor-size-md\" href=\"http:\/\/grafiti.com\/systat\/\">\n\t\t\t\t\t\t<span class=\"elementor-button-content-wrapper\">\n\t\t\t\t\t\t\t\t\t<span class=\"elementor-button-text\">En savoir plus<\/span>\n\t\t\t\t\t<\/span>\n\t\t\t\t\t<\/a>\n\t\t\t\t<\/div>\n\t\t\t\t\t\t\t\t<\/div>\n\t\t\t\t<\/div>\n\t\t\t\t\t<\/div>\n\t\t<\/div>\n\t\t\t\t\t<\/div>\n\t\t<\/section>\n\t\t\t\t<section class=\"elementor-section elementor-top-section elementor-element elementor-element-f12722e elementor-section-boxed elementor-section-height-default elementor-section-height-default\" data-id=\"f12722e\" data-element_type=\"section\" data-e-type=\"section\">\n\t\t\t\t\t\t<div class=\"elementor-container elementor-column-gap-default\">\n\t\t\t\t\t<div class=\"elementor-column elementor-col-100 elementor-top-column elementor-element elementor-element-92e9cc4\" data-id=\"92e9cc4\" data-element_type=\"column\" data-e-type=\"column\">\n\t\t\t<div class=\"elementor-widget-wrap elementor-element-populated\">\n\t\t\t\t\t\t<div class=\"elementor-element elementor-element-9c50a1f elementor-widget elementor-widget-heading\" data-id=\"9c50a1f\" data-element_type=\"widget\" data-e-type=\"widget\" data-widget_type=\"heading.default\">\n\t\t\t\t<div class=\"elementor-widget-container\">\n\t\t\t\t\t<h2 class=\"elementor-heading-title elementor-size-default\">Pour d\u00e9sinstaller la d\u00e9mo Systat<\/h2>\t\t\t\t<\/div>\n\t\t\t\t<\/div>\n\t\t\t\t<div class=\"elementor-element elementor-element-d15435b elementor-widget elementor-widget-text-editor\" data-id=\"d15435b\" data-element_type=\"widget\" data-e-type=\"widget\" data-widget_type=\"text-editor.default\">\n\t\t\t\t<div class=\"elementor-widget-container\">\n\t\t\t\t\t\t\t\t\t<p>&#8211; Choisissez SYSTAT dans la liste.- Cliquez sur ajouter\/supprimer<br \/>&#8211; Un message vous demandera \u00ab\u00a0voulez-vous vraiment supprimer&#8230;\u00a0\u00bb<br \/>&#8211; Choisissez \u00ab\u00a0Oui\u00a0\u00bb<br \/>&#8211; Windows d\u00e9sinstallera automatiquement le logiciel.<br \/>&#8211; Une fois la suppression termin\u00e9e, effacez le fichier original t\u00e9l\u00e9charg\u00e9.<\/p>\n\t\t\t\t\t\t\t\t<\/div>\n\t\t\t\t<\/div>\n\t\t\t\t\t<\/div>\n\t\t<\/div>\n\t\t\t\t\t<\/div>\n\t\t<\/section>\n\t\t\t\t<\/div>\n\t\t","protected":false},"excerpt":{"rendered":"<p>Grafiti LLC SYSTAT 13.2 &#8211; Logiciel puissant d&rsquo;analyse statistique et graphique. Simplifiez vos recherches et am\u00e9liorez vos publications gr\u00e2ce \u00e0 la suite compl\u00e8te de fonctions statistiques de SYSTAT et \u00e0 ses brillants diagrammes et graphiques 2D et 3D. IMPORTANT Notes d&rsquo;installation : Veuillez installer la version d&rsquo;\u00e9valuation en utilisant le num\u00e9ro de s\u00e9rie suivant : [&hellip;]<\/p>\n","protected":false},"author":1773,"featured_media":0,"parent":0,"menu_order":0,"comment_status":"closed","ping_status":"closed","template":"","meta":{"site-sidebar-layout":"no-sidebar","site-content-layout":"page-builder","ast-site-content-layout":"full-width-container","site-content-style":"default","site-sidebar-style":"default","ast-global-header-display":"","ast-banner-title-visibility":"","ast-main-header-display":"","ast-hfb-above-header-display":"","ast-hfb-below-header-display":"","ast-hfb-mobile-header-display":"","site-post-title":"disabled","ast-breadcrumbs-content":"","ast-featured-img":"disabled","footer-sml-layout":"","ast-disable-related-posts":"","theme-transparent-header-meta":"","adv-header-id-meta":"","stick-header-meta":"","header-above-stick-meta":"","header-main-stick-meta":"","header-below-stick-meta":"","astra-migrate-meta-layouts":"default","ast-page-background-enabled":"default","ast-page-background-meta":{"desktop":{"background-color":"var(--ast-global-color-4)","background-image":"","background-repeat":"repeat","background-position":"center center","background-size":"auto","background-attachment":"scroll","background-type":"","background-media":"","overlay-type":"","overlay-color":"","overlay-opacity":"","overlay-gradient":""},"tablet":{"background-color":"","background-image":"","background-repeat":"repeat","background-position":"center center","background-size":"auto","background-attachment":"scroll","background-type":"","background-media":"","overlay-type":"","overlay-color":"","overlay-opacity":"","overlay-gradient":""},"mobile":{"background-color":"","background-image":"","background-repeat":"repeat","background-position":"center center","background-size":"auto","background-attachment":"scroll","background-type":"","background-media":"","overlay-type":"","overlay-color":"","overlay-opacity":"","overlay-gradient":""}},"ast-content-background-meta":{"desktop":{"background-color":"var(--ast-global-color-5)","background-image":"","background-repeat":"repeat","background-position":"center center","background-size":"auto","background-attachment":"scroll","background-type":"","background-media":"","overlay-type":"","overlay-color":"","overlay-opacity":"","overlay-gradient":""},"tablet":{"background-color":"var(--ast-global-color-5)","background-image":"","background-repeat":"repeat","background-position":"center center","background-size":"auto","background-attachment":"scroll","background-type":"","background-media":"","overlay-type":"","overlay-color":"","overlay-opacity":"","overlay-gradient":""},"mobile":{"background-color":"var(--ast-global-color-5)","background-image":"","background-repeat":"repeat","background-position":"center center","background-size":"auto","background-attachment":"scroll","background-type":"","background-media":"","overlay-type":"","overlay-color":"","overlay-opacity":"","overlay-gradient":""}},"footnotes":""},"class_list":["post-16105","page","type-page","status-publish","hentry"],"yoast_head":"<!-- This site is optimized with the Yoast SEO plugin v27.5 - https:\/\/yoast.com\/product\/yoast-seo-wordpress\/ -->\n<title>- Grafiti LLC<\/title>\n<meta name=\"description\" content=\"T\u00e9l\u00e9chargez le logiciel Systat pour l&#039;analyse statistique avanc\u00e9e et la gestion de donn\u00e9es\" \/>\n<meta name=\"robots\" content=\"index, follow, max-snippet:-1, max-image-preview:large, max-video-preview:-1\" \/>\n<link rel=\"canonical\" href=\"https:\/\/grafiti.com\/fr\/telecharger-le-logiciel-systat\/\" \/>\n<meta property=\"og:locale\" content=\"fr_FR\" \/>\n<meta property=\"og:type\" content=\"article\" \/>\n<meta property=\"og:title\" content=\"- Grafiti LLC\" \/>\n<meta property=\"og:description\" content=\"T\u00e9l\u00e9chargez le logiciel Systat pour l&#039;analyse statistique avanc\u00e9e et la gestion de donn\u00e9es\" \/>\n<meta property=\"og:url\" content=\"https:\/\/grafiti.com\/fr\/telecharger-le-logiciel-systat\/\" \/>\n<meta property=\"og:site_name\" content=\"Grafiti LLC\" \/>\n<meta property=\"article:modified_time\" content=\"2025-03-10T13:37:50+00:00\" \/>\n<meta property=\"og:image\" content=\"https:\/\/grafiti.com\/wp-content\/uploads\/2024\/01\/Group-496-1.png\" \/>\n\t<meta property=\"og:image:width\" content=\"155\" \/>\n\t<meta property=\"og:image:height\" content=\"73\" \/>\n\t<meta property=\"og:image:type\" content=\"image\/png\" \/>\n<meta name=\"twitter:card\" content=\"summary_large_image\" \/>\n<meta name=\"twitter:label1\" content=\"Dur\u00e9e de lecture estim\u00e9e\" \/>\n\t<meta name=\"twitter:data1\" content=\"1 minute\" \/>\n<script type=\"application\/ld+json\" class=\"yoast-schema-graph\">{\"@context\":\"https:\\\/\\\/schema.org\",\"@graph\":[{\"@type\":\"WebPage\",\"@id\":\"https:\\\/\\\/grafiti.com\\\/fr\\\/telecharger-le-logiciel-systat\\\/\",\"url\":\"https:\\\/\\\/grafiti.com\\\/fr\\\/telecharger-le-logiciel-systat\\\/\",\"name\":\"- Grafiti LLC\",\"isPartOf\":{\"@id\":\"https:\\\/\\\/grafiti.com\\\/#website\"},\"primaryImageOfPage\":{\"@id\":\"https:\\\/\\\/grafiti.com\\\/fr\\\/telecharger-le-logiciel-systat\\\/#primaryimage\"},\"image\":{\"@id\":\"https:\\\/\\\/grafiti.com\\\/fr\\\/telecharger-le-logiciel-systat\\\/#primaryimage\"},\"thumbnailUrl\":\"https:\\\/\\\/grafiti.com\\\/wp-content\\\/uploads\\\/2024\\\/01\\\/Group-496-1.png\",\"datePublished\":\"2024-01-24T08:17:25+00:00\",\"dateModified\":\"2025-03-10T13:37:50+00:00\",\"description\":\"T\u00e9l\u00e9chargez le logiciel Systat pour l'analyse statistique avanc\u00e9e et la gestion de donn\u00e9es\",\"breadcrumb\":{\"@id\":\"https:\\\/\\\/grafiti.com\\\/fr\\\/telecharger-le-logiciel-systat\\\/#breadcrumb\"},\"inLanguage\":\"fr-FR\",\"potentialAction\":[{\"@type\":\"ReadAction\",\"target\":[\"https:\\\/\\\/grafiti.com\\\/fr\\\/telecharger-le-logiciel-systat\\\/\"]}]},{\"@type\":\"ImageObject\",\"inLanguage\":\"fr-FR\",\"@id\":\"https:\\\/\\\/grafiti.com\\\/fr\\\/telecharger-le-logiciel-systat\\\/#primaryimage\",\"url\":\"https:\\\/\\\/grafiti.com\\\/wp-content\\\/uploads\\\/2024\\\/01\\\/Group-496-1.png\",\"contentUrl\":\"https:\\\/\\\/grafiti.com\\\/wp-content\\\/uploads\\\/2024\\\/01\\\/Group-496-1.png\"},{\"@type\":\"BreadcrumbList\",\"@id\":\"https:\\\/\\\/grafiti.com\\\/fr\\\/telecharger-le-logiciel-systat\\\/#breadcrumb\",\"itemListElement\":[{\"@type\":\"ListItem\",\"position\":1,\"name\":\"Home\",\"item\":\"https:\\\/\\\/grafiti.com\\\/fr\\\/\"},{\"@type\":\"ListItem\",\"position\":2,\"name\":\"T\u00e9l\u00e9charger le logiciel Systat\"}]},{\"@type\":\"WebSite\",\"@id\":\"https:\\\/\\\/grafiti.com\\\/#website\",\"url\":\"https:\\\/\\\/grafiti.com\\\/\",\"name\":\"Grafiti LLC\",\"description\":\"Grafiti LLC\",\"publisher\":{\"@id\":\"https:\\\/\\\/grafiti.com\\\/#organization\"},\"potentialAction\":[{\"@type\":\"SearchAction\",\"target\":{\"@type\":\"EntryPoint\",\"urlTemplate\":\"https:\\\/\\\/grafiti.com\\\/?s={search_term_string}\"},\"query-input\":{\"@type\":\"PropertyValueSpecification\",\"valueRequired\":true,\"valueName\":\"search_term_string\"}}],\"inLanguage\":\"fr-FR\"},{\"@type\":\"Organization\",\"@id\":\"https:\\\/\\\/grafiti.com\\\/#organization\",\"name\":\"Grafiti LLC\",\"url\":\"https:\\\/\\\/grafiti.com\\\/\",\"logo\":{\"@type\":\"ImageObject\",\"inLanguage\":\"fr-FR\",\"@id\":\"https:\\\/\\\/grafiti.com\\\/#\\\/schema\\\/logo\\\/image\\\/\",\"url\":\"https:\\\/\\\/grafiti.com\\\/wp-content\\\/uploads\\\/2024\\\/01\\\/logo-2.png\",\"contentUrl\":\"https:\\\/\\\/grafiti.com\\\/wp-content\\\/uploads\\\/2024\\\/01\\\/logo-2.png\",\"width\":164,\"height\":62,\"caption\":\"Grafiti LLC\"},\"image\":{\"@id\":\"https:\\\/\\\/grafiti.com\\\/#\\\/schema\\\/logo\\\/image\\\/\"}}]}<\/script>\n<!-- \/ Yoast SEO plugin. -->","yoast_head_json":{"title":"- Grafiti LLC","description":"T\u00e9l\u00e9chargez le logiciel Systat pour l'analyse statistique avanc\u00e9e et la gestion de donn\u00e9es","robots":{"index":"index","follow":"follow","max-snippet":"max-snippet:-1","max-image-preview":"max-image-preview:large","max-video-preview":"max-video-preview:-1"},"canonical":"https:\/\/grafiti.com\/fr\/telecharger-le-logiciel-systat\/","og_locale":"fr_FR","og_type":"article","og_title":"- Grafiti LLC","og_description":"T\u00e9l\u00e9chargez le logiciel Systat pour l'analyse statistique avanc\u00e9e et la gestion de donn\u00e9es","og_url":"https:\/\/grafiti.com\/fr\/telecharger-le-logiciel-systat\/","og_site_name":"Grafiti LLC","article_modified_time":"2025-03-10T13:37:50+00:00","og_image":[{"width":155,"height":73,"url":"https:\/\/grafiti.com\/wp-content\/uploads\/2024\/01\/Group-496-1.png","type":"image\/png"}],"twitter_card":"summary_large_image","twitter_misc":{"Dur\u00e9e de lecture estim\u00e9e":"1 minute"},"schema":{"@context":"https:\/\/schema.org","@graph":[{"@type":"WebPage","@id":"https:\/\/grafiti.com\/fr\/telecharger-le-logiciel-systat\/","url":"https:\/\/grafiti.com\/fr\/telecharger-le-logiciel-systat\/","name":"- Grafiti LLC","isPartOf":{"@id":"https:\/\/grafiti.com\/#website"},"primaryImageOfPage":{"@id":"https:\/\/grafiti.com\/fr\/telecharger-le-logiciel-systat\/#primaryimage"},"image":{"@id":"https:\/\/grafiti.com\/fr\/telecharger-le-logiciel-systat\/#primaryimage"},"thumbnailUrl":"https:\/\/grafiti.com\/wp-content\/uploads\/2024\/01\/Group-496-1.png","datePublished":"2024-01-24T08:17:25+00:00","dateModified":"2025-03-10T13:37:50+00:00","description":"T\u00e9l\u00e9chargez le logiciel Systat pour l'analyse statistique avanc\u00e9e et la gestion de donn\u00e9es","breadcrumb":{"@id":"https:\/\/grafiti.com\/fr\/telecharger-le-logiciel-systat\/#breadcrumb"},"inLanguage":"fr-FR","potentialAction":[{"@type":"ReadAction","target":["https:\/\/grafiti.com\/fr\/telecharger-le-logiciel-systat\/"]}]},{"@type":"ImageObject","inLanguage":"fr-FR","@id":"https:\/\/grafiti.com\/fr\/telecharger-le-logiciel-systat\/#primaryimage","url":"https:\/\/grafiti.com\/wp-content\/uploads\/2024\/01\/Group-496-1.png","contentUrl":"https:\/\/grafiti.com\/wp-content\/uploads\/2024\/01\/Group-496-1.png"},{"@type":"BreadcrumbList","@id":"https:\/\/grafiti.com\/fr\/telecharger-le-logiciel-systat\/#breadcrumb","itemListElement":[{"@type":"ListItem","position":1,"name":"Home","item":"https:\/\/grafiti.com\/fr\/"},{"@type":"ListItem","position":2,"name":"T\u00e9l\u00e9charger le logiciel Systat"}]},{"@type":"WebSite","@id":"https:\/\/grafiti.com\/#website","url":"https:\/\/grafiti.com\/","name":"Grafiti LLC","description":"Grafiti LLC","publisher":{"@id":"https:\/\/grafiti.com\/#organization"},"potentialAction":[{"@type":"SearchAction","target":{"@type":"EntryPoint","urlTemplate":"https:\/\/grafiti.com\/?s={search_term_string}"},"query-input":{"@type":"PropertyValueSpecification","valueRequired":true,"valueName":"search_term_string"}}],"inLanguage":"fr-FR"},{"@type":"Organization","@id":"https:\/\/grafiti.com\/#organization","name":"Grafiti LLC","url":"https:\/\/grafiti.com\/","logo":{"@type":"ImageObject","inLanguage":"fr-FR","@id":"https:\/\/grafiti.com\/#\/schema\/logo\/image\/","url":"https:\/\/grafiti.com\/wp-content\/uploads\/2024\/01\/logo-2.png","contentUrl":"https:\/\/grafiti.com\/wp-content\/uploads\/2024\/01\/logo-2.png","width":164,"height":62,"caption":"Grafiti LLC"},"image":{"@id":"https:\/\/grafiti.com\/#\/schema\/logo\/image\/"}}]}},"_links":{"self":[{"href":"https:\/\/grafiti.com\/fr\/wp-json\/wp\/v2\/pages\/16105","targetHints":{"allow":["GET"]}}],"collection":[{"href":"https:\/\/grafiti.com\/fr\/wp-json\/wp\/v2\/pages"}],"about":[{"href":"https:\/\/grafiti.com\/fr\/wp-json\/wp\/v2\/types\/page"}],"author":[{"embeddable":true,"href":"https:\/\/grafiti.com\/fr\/wp-json\/wp\/v2\/users\/1773"}],"replies":[{"embeddable":true,"href":"https:\/\/grafiti.com\/fr\/wp-json\/wp\/v2\/comments?post=16105"}],"version-history":[{"count":0,"href":"https:\/\/grafiti.com\/fr\/wp-json\/wp\/v2\/pages\/16105\/revisions"}],"wp:attachment":[{"href":"https:\/\/grafiti.com\/fr\/wp-json\/wp\/v2\/media?parent=16105"}],"curies":[{"name":"wp","href":"https:\/\/api.w.org\/{rel}","templated":true}]}}