{"id":16121,"date":"2024-01-24T08:37:14","date_gmt":"2024-01-24T08:37:14","guid":{"rendered":"https:\/\/grafiti.com\/telecharger-le-logiciel-tablecurve3d\/"},"modified":"2025-03-09T07:02:58","modified_gmt":"2025-03-09T07:02:58","slug":"telecharger-le-logiciel-tablecurve3d","status":"publish","type":"page","link":"https:\/\/grafiti.com\/fr\/telecharger-le-logiciel-tablecurve3d\/","title":{"rendered":"T\u00e9l\u00e9charger le logiciel TableCurve3D"},"content":{"rendered":"\t\t<div data-elementor-type=\"wp-page\" data-elementor-id=\"16121\" class=\"elementor elementor-16121 elementor-13066\" data-elementor-post-type=\"page\">\n\t\t\t\t\t\t<section class=\"elementor-section elementor-top-section elementor-element elementor-element-d8907a7 elementor-section-boxed elementor-section-height-default elementor-section-height-default\" data-id=\"d8907a7\" data-element_type=\"section\" data-e-type=\"section\" data-settings=\"{&quot;background_background&quot;:&quot;classic&quot;}\">\n\t\t\t\t\t\t\t<div class=\"elementor-background-overlay\"><\/div>\n\t\t\t\t\t\t\t<div class=\"elementor-container elementor-column-gap-default\">\n\t\t\t\t\t<div class=\"elementor-column elementor-col-100 elementor-top-column elementor-element elementor-element-a564f26\" data-id=\"a564f26\" data-element_type=\"column\" data-e-type=\"column\">\n\t\t\t<div class=\"elementor-widget-wrap elementor-element-populated\">\n\t\t\t\t\t\t<div class=\"elementor-element elementor-element-bd6e518 elementor-widget elementor-widget-heading\" data-id=\"bd6e518\" data-element_type=\"widget\" data-e-type=\"widget\" data-widget_type=\"heading.default\">\n\t\t\t\t<div class=\"elementor-widget-container\">\n\t\t\t\t\t<h2 class=\"elementor-heading-title elementor-size-default\">Grafiti LLC<\/h2>\t\t\t\t<\/div>\n\t\t\t\t<\/div>\n\t\t\t\t\t<\/div>\n\t\t<\/div>\n\t\t\t\t\t<\/div>\n\t\t<\/section>\n\t\t\t\t<section class=\"elementor-section elementor-top-section elementor-element elementor-element-6dd6bd6 elementor-section-content-middle elementor-section-boxed elementor-section-height-default elementor-section-height-default\" data-id=\"6dd6bd6\" data-element_type=\"section\" data-e-type=\"section\">\n\t\t\t\t\t\t<div class=\"elementor-container elementor-column-gap-default\">\n\t\t\t\t\t<div class=\"elementor-column elementor-col-100 elementor-top-column elementor-element elementor-element-b9b0e36\" data-id=\"b9b0e36\" data-element_type=\"column\" data-e-type=\"column\" data-settings=\"{&quot;animation&quot;:&quot;none&quot;}\">\n\t\t\t<div class=\"elementor-widget-wrap elementor-element-populated\">\n\t\t\t\t\t\t<div class=\"elementor-element elementor-element-288b77f elementor-widget elementor-widget-image\" data-id=\"288b77f\" data-element_type=\"widget\" data-e-type=\"widget\" data-widget_type=\"image.default\">\n\t\t\t\t<div class=\"elementor-widget-container\">\n\t\t\t\t\t\t\t\t\t\t\t\t\t\t\t<img decoding=\"async\" width=\"161\" height=\"60\" src=\"https:\/\/grafiti.com\/wp-content\/uploads\/2024\/01\/tablecurve3d_logo-1.png\" class=\"attachment-large size-large wp-image-13069\" alt=\"\" \/>\t\t\t\t\t\t\t\t\t\t\t\t\t\t\t<\/div>\n\t\t\t\t<\/div>\n\t\t\t\t<div class=\"elementor-element elementor-element-c4de90a elementor-widget elementor-widget-heading\" data-id=\"c4de90a\" data-element_type=\"widget\" data-e-type=\"widget\" data-widget_type=\"heading.default\">\n\t\t\t\t<div class=\"elementor-widget-container\">\n\t\t\t\t\t<p class=\"elementor-heading-title elementor-size-default\">Statistiques consultatives pour les non-statisticiens. SigmaStat offre une large gamme d'analyses statistiques puissantes et faciles \u00e0 utiliser, sp\u00e9cialement con\u00e7ues pour r\u00e9pondre aux besoins des chercheurs et des ing\u00e9nieurs. <\/p>\t\t\t\t<\/div>\n\t\t\t\t<\/div>\n\t\t\t\t<div class=\"elementor-element elementor-element-ddee1e6 elementor-widget elementor-widget-text-editor\" data-id=\"ddee1e6\" data-element_type=\"widget\" data-e-type=\"widget\" data-widget_type=\"text-editor.default\">\n\t\t\t\t<div class=\"elementor-widget-container\">\n\t\t\t\t\t\t\t\t\t<h6>IMPORTANT Notes d&rsquo;installation :<\/h6>\n\t\t\t\t\t\t\t\t<\/div>\n\t\t\t\t<\/div>\n\t\t\t\t<div class=\"elementor-element elementor-element-fdf5dbc elementor-widget elementor-widget-text-editor\" data-id=\"fdf5dbc\" data-element_type=\"widget\" data-e-type=\"widget\" data-widget_type=\"text-editor.default\">\n\t\t\t\t<div class=\"elementor-widget-container\">\n\t\t\t\t\t\t\t\t\t<p>Apr\u00e8s avoir extrait le fichier zip t\u00e9l\u00e9charg\u00e9, cette version limit\u00e9e de notre produit se pr\u00e9sente sous la forme d&rsquo;un ex\u00e9cutable auto-installable. Vous devez ensuite ex\u00e9cuter le fichier t\u00e9l\u00e9charg\u00e9 pour la d\u00e9mo, qui installe les fichiers de programme appropri\u00e9s dans les r\u00e9pertoires ad\u00e9quats de votre ordinateur.  Vous trouverez ci-dessous des proc\u00e9dures d&rsquo;installation et de retrait plus d\u00e9taill\u00e9es, \u00e9tape par \u00e9tape :<\/p>\n<ul>\n<li>T\u00e9l\u00e9chargez le fichier sur votre ordinateur. Cliquez sur le bouton \u00ab\u00a0T\u00e9l\u00e9charger maintenant\u00a0\u00bb ci-dessous pour lancer le t\u00e9l\u00e9chargement. <\/li>\n<li>Une fois le fichier t\u00e9l\u00e9charg\u00e9, extrayez le fichier compress\u00e9 sur votre ordinateur. \u00ab\u00a0Double-cliquez sur le fichier ex\u00e9cutable pour lancer l&rsquo;installation. <\/li>\n<li>Si vous avez des probl\u00e8mes pour terminer l&rsquo;installation, veuillez nous contacter.<\/li>\n<li>Suivez les instructions du programme d&rsquo;installation.<\/li>\n<\/ul>\n<p><strong style=\"font-style: inherit;\">Taille du fichier :<\/strong><span style=\"font-style: inherit; font-weight: inherit;\"> 6.81 MB<\/span><\/p>\n\t\t\t\t\t\t\t\t<\/div>\n\t\t\t\t<\/div>\n\t\t\t\t\t<\/div>\n\t\t<\/div>\n\t\t\t\t\t<\/div>\n\t\t<\/section>\n\t\t\t\t<section class=\"elementor-section elementor-top-section elementor-element elementor-element-d824b45 elementor-section-boxed elementor-section-height-default elementor-section-height-default\" data-id=\"d824b45\" data-element_type=\"section\" data-e-type=\"section\">\n\t\t\t\t\t\t<div class=\"elementor-container elementor-column-gap-default\">\n\t\t\t\t\t<div class=\"elementor-column elementor-col-33 elementor-top-column elementor-element elementor-element-2cffb8b\" data-id=\"2cffb8b\" data-element_type=\"column\" data-e-type=\"column\">\n\t\t\t<div class=\"elementor-widget-wrap elementor-element-populated\">\n\t\t\t\t\t\t<div class=\"elementor-element elementor-element-da94805 elementor-align-left elementor-widget elementor-widget-button\" data-id=\"da94805\" data-element_type=\"widget\" data-e-type=\"widget\" data-widget_type=\"button.default\">\n\t\t\t\t<div class=\"elementor-widget-container\">\n\t\t\t\t\t\t\t\t\t<div class=\"elementor-button-wrapper\">\n\t\t\t\t\t<a class=\"elementor-button elementor-button-link elementor-size-md\" href=\"https:\/\/inpixon.files.com\/f\/d08566186b64d301\">\n\t\t\t\t\t\t<span class=\"elementor-button-content-wrapper\">\n\t\t\t\t\t\t\t\t\t<span class=\"elementor-button-text\">T\u00e9l\u00e9charger le logiciel  <\/span>\n\t\t\t\t\t<\/span>\n\t\t\t\t\t<\/a>\n\t\t\t\t<\/div>\n\t\t\t\t\t\t\t\t<\/div>\n\t\t\t\t<\/div>\n\t\t\t\t\t<\/div>\n\t\t<\/div>\n\t\t\t\t<div class=\"elementor-column elementor-col-33 elementor-top-column elementor-element elementor-element-ed436ff\" data-id=\"ed436ff\" data-element_type=\"column\" data-e-type=\"column\">\n\t\t\t<div class=\"elementor-widget-wrap elementor-element-populated\">\n\t\t\t\t\t\t<div class=\"elementor-element elementor-element-a3f0dd0 elementor-align-left elementor-widget__width-initial elementor-widget elementor-widget-button\" data-id=\"a3f0dd0\" data-element_type=\"widget\" data-e-type=\"widget\" data-widget_type=\"button.default\">\n\t\t\t\t<div class=\"elementor-widget-container\">\n\t\t\t\t\t\t\t\t\t<div class=\"elementor-button-wrapper\">\n\t\t\t\t\t<a class=\"elementor-button elementor-button-link elementor-size-md\" href=\"\/wp-content\/products\/download-resources\/tablecurve3d\/SAVES-TableCurve3D-Brochure.pdf\">\n\t\t\t\t\t\t<span class=\"elementor-button-content-wrapper\">\n\t\t\t\t\t\t\t\t\t<span class=\"elementor-button-text\">T\u00e9l\u00e9chargez la brochure<\/span>\n\t\t\t\t\t<\/span>\n\t\t\t\t\t<\/a>\n\t\t\t\t<\/div>\n\t\t\t\t\t\t\t\t<\/div>\n\t\t\t\t<\/div>\n\t\t\t\t\t<\/div>\n\t\t<\/div>\n\t\t\t\t<div class=\"elementor-column elementor-col-33 elementor-top-column elementor-element elementor-element-7c49286\" data-id=\"7c49286\" data-element_type=\"column\" data-e-type=\"column\">\n\t\t\t<div class=\"elementor-widget-wrap elementor-element-populated\">\n\t\t\t\t\t\t<div class=\"elementor-element elementor-element-9c99d08 elementor-align-left elementor-widget__width-initial elementor-widget elementor-widget-button\" data-id=\"9c99d08\" data-element_type=\"widget\" data-e-type=\"widget\" data-widget_type=\"button.default\">\n\t\t\t\t<div class=\"elementor-widget-container\">\n\t\t\t\t\t\t\t\t\t<div class=\"elementor-button-wrapper\">\n\t\t\t\t\t<a class=\"elementor-button elementor-button-link elementor-size-md\" href=\"https:\/\/grafiti.com\/fr\/tablecurve3d\/\">\n\t\t\t\t\t\t<span class=\"elementor-button-content-wrapper\">\n\t\t\t\t\t\t\t\t\t<span class=\"elementor-button-text\">En savoir plus<\/span>\n\t\t\t\t\t<\/span>\n\t\t\t\t\t<\/a>\n\t\t\t\t<\/div>\n\t\t\t\t\t\t\t\t<\/div>\n\t\t\t\t<\/div>\n\t\t\t\t\t<\/div>\n\t\t<\/div>\n\t\t\t\t\t<\/div>\n\t\t<\/section>\n\t\t\t\t<section class=\"elementor-section elementor-top-section elementor-element elementor-element-973575d elementor-section-boxed elementor-section-height-default elementor-section-height-default\" data-id=\"973575d\" data-element_type=\"section\" data-e-type=\"section\">\n\t\t\t\t\t\t<div class=\"elementor-container elementor-column-gap-default\">\n\t\t\t\t\t<div class=\"elementor-column elementor-col-100 elementor-top-column elementor-element elementor-element-f9fe618\" data-id=\"f9fe618\" data-element_type=\"column\" data-e-type=\"column\">\n\t\t\t<div class=\"elementor-widget-wrap elementor-element-populated\">\n\t\t\t\t\t\t<div class=\"elementor-element elementor-element-f77e5b3 elementor-widget elementor-widget-heading\" data-id=\"f77e5b3\" data-element_type=\"widget\" data-e-type=\"widget\" data-widget_type=\"heading.default\">\n\t\t\t\t<div class=\"elementor-widget-container\">\n\t\t\t\t\t<h2 class=\"elementor-heading-title elementor-size-default\">Pour d\u00e9sinstaller la d\u00e9mo TableCurve3D<\/h2>\t\t\t\t<\/div>\n\t\t\t\t<\/div>\n\t\t\t\t<div class=\"elementor-element elementor-element-58ff5aa elementor-widget elementor-widget-text-editor\" data-id=\"58ff5aa\" data-element_type=\"widget\" data-e-type=\"widget\" data-widget_type=\"text-editor.default\">\n\t\t\t\t<div class=\"elementor-widget-container\">\n\t\t\t\t\t\t\t\t\t<p>Dans le menu D\u00e9marrer, choisissez Param\u00e8tres, Panneau de configuration, Ajout\/Suppression de programmes.<br \/>&#8211; Choisissez TableCurve 2D\/3D dans la liste.- Cliquez sur Ajouter\/Supprimer<br \/>&#8211; Un message vous demandera si vous voulez vraiment supprimer&#8230;<br \/>&#8211; Choisissez \u00ab\u00a0Oui\u00a0\u00bb<br \/>&#8211; Windows d\u00e9sinstallera automatiquement le logiciel.<\/p>\n\t\t\t\t\t\t\t\t<\/div>\n\t\t\t\t<\/div>\n\t\t\t\t\t<\/div>\n\t\t<\/div>\n\t\t\t\t\t<\/div>\n\t\t<\/section>\n\t\t\t\t<\/div>\n\t\t","protected":false},"excerpt":{"rendered":"<p>Grafiti LLC Statistiques consultatives pour les non-statisticiens. SigmaStat offre une large gamme d&rsquo;analyses statistiques puissantes et faciles \u00e0 utiliser, sp\u00e9cialement con\u00e7ues pour r\u00e9pondre aux besoins des chercheurs et des ing\u00e9nieurs. IMPORTANT Notes d&rsquo;installation : Apr\u00e8s avoir extrait le fichier zip t\u00e9l\u00e9charg\u00e9, cette version limit\u00e9e de notre produit se pr\u00e9sente sous la forme d&rsquo;un ex\u00e9cutable auto-installable. [&hellip;]<\/p>\n","protected":false},"author":1773,"featured_media":0,"parent":0,"menu_order":0,"comment_status":"closed","ping_status":"closed","template":"","meta":{"site-sidebar-layout":"no-sidebar","site-content-layout":"page-builder","ast-site-content-layout":"full-width-container","site-content-style":"default","site-sidebar-style":"default","ast-global-header-display":"","ast-banner-title-visibility":"","ast-main-header-display":"","ast-hfb-above-header-display":"","ast-hfb-below-header-display":"","ast-hfb-mobile-header-display":"","site-post-title":"disabled","ast-breadcrumbs-content":"","ast-featured-img":"disabled","footer-sml-layout":"","ast-disable-related-posts":"","theme-transparent-header-meta":"","adv-header-id-meta":"","stick-header-meta":"","header-above-stick-meta":"","header-main-stick-meta":"","header-below-stick-meta":"","astra-migrate-meta-layouts":"default","ast-page-background-enabled":"default","ast-page-background-meta":{"desktop":{"background-color":"var(--ast-global-color-4)","background-image":"","background-repeat":"repeat","background-position":"center center","background-size":"auto","background-attachment":"scroll","background-type":"","background-media":"","overlay-type":"","overlay-color":"","overlay-opacity":"","overlay-gradient":""},"tablet":{"background-color":"","background-image":"","background-repeat":"repeat","background-position":"center center","background-size":"auto","background-attachment":"scroll","background-type":"","background-media":"","overlay-type":"","overlay-color":"","overlay-opacity":"","overlay-gradient":""},"mobile":{"background-color":"","background-image":"","background-repeat":"repeat","background-position":"center center","background-size":"auto","background-attachment":"scroll","background-type":"","background-media":"","overlay-type":"","overlay-color":"","overlay-opacity":"","overlay-gradient":""}},"ast-content-background-meta":{"desktop":{"background-color":"var(--ast-global-color-5)","background-image":"","background-repeat":"repeat","background-position":"center center","background-size":"auto","background-attachment":"scroll","background-type":"","background-media":"","overlay-type":"","overlay-color":"","overlay-opacity":"","overlay-gradient":""},"tablet":{"background-color":"var(--ast-global-color-5)","background-image":"","background-repeat":"repeat","background-position":"center center","background-size":"auto","background-attachment":"scroll","background-type":"","background-media":"","overlay-type":"","overlay-color":"","overlay-opacity":"","overlay-gradient":""},"mobile":{"background-color":"var(--ast-global-color-5)","background-image":"","background-repeat":"repeat","background-position":"center center","background-size":"auto","background-attachment":"scroll","background-type":"","background-media":"","overlay-type":"","overlay-color":"","overlay-opacity":"","overlay-gradient":""}},"footnotes":""},"class_list":["post-16121","page","type-page","status-publish","hentry"],"yoast_head":"<!-- This site is optimized with the Yoast SEO plugin v27.4 - https:\/\/yoast.com\/product\/yoast-seo-wordpress\/ -->\n<title>- Grafiti LLC<\/title>\n<meta name=\"robots\" content=\"index, follow, max-snippet:-1, max-image-preview:large, max-video-preview:-1\" \/>\n<link rel=\"canonical\" href=\"https:\/\/grafiti.com\/fr\/telecharger-le-logiciel-tablecurve3d\/\" \/>\n<meta property=\"og:locale\" content=\"fr_FR\" \/>\n<meta property=\"og:type\" content=\"article\" \/>\n<meta property=\"og:title\" content=\"- Grafiti LLC\" \/>\n<meta property=\"og:description\" content=\"Grafiti LLC Statistiques consultatives pour les non-statisticiens. SigmaStat offre une large gamme d&rsquo;analyses statistiques puissantes et faciles \u00e0 utiliser, sp\u00e9cialement con\u00e7ues pour r\u00e9pondre aux besoins des chercheurs et des ing\u00e9nieurs. IMPORTANT Notes d&rsquo;installation : Apr\u00e8s avoir extrait le fichier zip t\u00e9l\u00e9charg\u00e9, cette version limit\u00e9e de notre produit se pr\u00e9sente sous la forme d&rsquo;un ex\u00e9cutable auto-installable. [&hellip;]\" \/>\n<meta property=\"og:url\" content=\"https:\/\/grafiti.com\/fr\/telecharger-le-logiciel-tablecurve3d\/\" \/>\n<meta property=\"og:site_name\" content=\"Grafiti LLC\" \/>\n<meta property=\"article:modified_time\" content=\"2025-03-09T07:02:58+00:00\" \/>\n<meta property=\"og:image\" content=\"https:\/\/grafiti.com\/wp-content\/uploads\/2024\/01\/tablecurve3d_logo-1.png\" \/>\n\t<meta property=\"og:image:width\" content=\"161\" \/>\n\t<meta property=\"og:image:height\" content=\"60\" \/>\n\t<meta property=\"og:image:type\" content=\"image\/png\" \/>\n<meta name=\"twitter:card\" content=\"summary_large_image\" \/>\n<meta name=\"twitter:label1\" content=\"Dur\u00e9e de lecture estim\u00e9e\" \/>\n\t<meta name=\"twitter:data1\" content=\"1 minute\" \/>\n<script type=\"application\/ld+json\" class=\"yoast-schema-graph\">{\"@context\":\"https:\\\/\\\/schema.org\",\"@graph\":[{\"@type\":\"WebPage\",\"@id\":\"https:\\\/\\\/grafiti.com\\\/fr\\\/telecharger-le-logiciel-tablecurve3d\\\/\",\"url\":\"https:\\\/\\\/grafiti.com\\\/fr\\\/telecharger-le-logiciel-tablecurve3d\\\/\",\"name\":\"- Grafiti LLC\",\"isPartOf\":{\"@id\":\"https:\\\/\\\/grafiti.com\\\/#website\"},\"primaryImageOfPage\":{\"@id\":\"https:\\\/\\\/grafiti.com\\\/fr\\\/telecharger-le-logiciel-tablecurve3d\\\/#primaryimage\"},\"image\":{\"@id\":\"https:\\\/\\\/grafiti.com\\\/fr\\\/telecharger-le-logiciel-tablecurve3d\\\/#primaryimage\"},\"thumbnailUrl\":\"https:\\\/\\\/grafiti.com\\\/wp-content\\\/uploads\\\/2024\\\/01\\\/tablecurve3d_logo-1.png\",\"datePublished\":\"2024-01-24T08:37:14+00:00\",\"dateModified\":\"2025-03-09T07:02:58+00:00\",\"breadcrumb\":{\"@id\":\"https:\\\/\\\/grafiti.com\\\/fr\\\/telecharger-le-logiciel-tablecurve3d\\\/#breadcrumb\"},\"inLanguage\":\"fr-FR\",\"potentialAction\":[{\"@type\":\"ReadAction\",\"target\":[\"https:\\\/\\\/grafiti.com\\\/fr\\\/telecharger-le-logiciel-tablecurve3d\\\/\"]}]},{\"@type\":\"ImageObject\",\"inLanguage\":\"fr-FR\",\"@id\":\"https:\\\/\\\/grafiti.com\\\/fr\\\/telecharger-le-logiciel-tablecurve3d\\\/#primaryimage\",\"url\":\"https:\\\/\\\/grafiti.com\\\/wp-content\\\/uploads\\\/2024\\\/01\\\/tablecurve3d_logo-1.png\",\"contentUrl\":\"https:\\\/\\\/grafiti.com\\\/wp-content\\\/uploads\\\/2024\\\/01\\\/tablecurve3d_logo-1.png\"},{\"@type\":\"BreadcrumbList\",\"@id\":\"https:\\\/\\\/grafiti.com\\\/fr\\\/telecharger-le-logiciel-tablecurve3d\\\/#breadcrumb\",\"itemListElement\":[{\"@type\":\"ListItem\",\"position\":1,\"name\":\"Home\",\"item\":\"https:\\\/\\\/grafiti.com\\\/fr\\\/\"},{\"@type\":\"ListItem\",\"position\":2,\"name\":\"T\u00e9l\u00e9charger le logiciel TableCurve3D\"}]},{\"@type\":\"WebSite\",\"@id\":\"https:\\\/\\\/grafiti.com\\\/#website\",\"url\":\"https:\\\/\\\/grafiti.com\\\/\",\"name\":\"Grafiti LLC\",\"description\":\"Grafiti LLC\",\"publisher\":{\"@id\":\"https:\\\/\\\/grafiti.com\\\/#organization\"},\"potentialAction\":[{\"@type\":\"SearchAction\",\"target\":{\"@type\":\"EntryPoint\",\"urlTemplate\":\"https:\\\/\\\/grafiti.com\\\/?s={search_term_string}\"},\"query-input\":{\"@type\":\"PropertyValueSpecification\",\"valueRequired\":true,\"valueName\":\"search_term_string\"}}],\"inLanguage\":\"fr-FR\"},{\"@type\":\"Organization\",\"@id\":\"https:\\\/\\\/grafiti.com\\\/#organization\",\"name\":\"Grafiti LLC\",\"url\":\"https:\\\/\\\/grafiti.com\\\/\",\"logo\":{\"@type\":\"ImageObject\",\"inLanguage\":\"fr-FR\",\"@id\":\"https:\\\/\\\/grafiti.com\\\/#\\\/schema\\\/logo\\\/image\\\/\",\"url\":\"https:\\\/\\\/grafiti.com\\\/wp-content\\\/uploads\\\/2024\\\/01\\\/logo-2.png\",\"contentUrl\":\"https:\\\/\\\/grafiti.com\\\/wp-content\\\/uploads\\\/2024\\\/01\\\/logo-2.png\",\"width\":164,\"height\":62,\"caption\":\"Grafiti LLC\"},\"image\":{\"@id\":\"https:\\\/\\\/grafiti.com\\\/#\\\/schema\\\/logo\\\/image\\\/\"}}]}<\/script>\n<!-- \/ Yoast SEO plugin. -->","yoast_head_json":{"title":"- Grafiti LLC","robots":{"index":"index","follow":"follow","max-snippet":"max-snippet:-1","max-image-preview":"max-image-preview:large","max-video-preview":"max-video-preview:-1"},"canonical":"https:\/\/grafiti.com\/fr\/telecharger-le-logiciel-tablecurve3d\/","og_locale":"fr_FR","og_type":"article","og_title":"- Grafiti LLC","og_description":"Grafiti LLC Statistiques consultatives pour les non-statisticiens. SigmaStat offre une large gamme d&rsquo;analyses statistiques puissantes et faciles \u00e0 utiliser, sp\u00e9cialement con\u00e7ues pour r\u00e9pondre aux besoins des chercheurs et des ing\u00e9nieurs. IMPORTANT Notes d&rsquo;installation : Apr\u00e8s avoir extrait le fichier zip t\u00e9l\u00e9charg\u00e9, cette version limit\u00e9e de notre produit se pr\u00e9sente sous la forme d&rsquo;un ex\u00e9cutable auto-installable. [&hellip;]","og_url":"https:\/\/grafiti.com\/fr\/telecharger-le-logiciel-tablecurve3d\/","og_site_name":"Grafiti LLC","article_modified_time":"2025-03-09T07:02:58+00:00","og_image":[{"width":161,"height":60,"url":"https:\/\/grafiti.com\/wp-content\/uploads\/2024\/01\/tablecurve3d_logo-1.png","type":"image\/png"}],"twitter_card":"summary_large_image","twitter_misc":{"Dur\u00e9e de lecture estim\u00e9e":"1 minute"},"schema":{"@context":"https:\/\/schema.org","@graph":[{"@type":"WebPage","@id":"https:\/\/grafiti.com\/fr\/telecharger-le-logiciel-tablecurve3d\/","url":"https:\/\/grafiti.com\/fr\/telecharger-le-logiciel-tablecurve3d\/","name":"- Grafiti LLC","isPartOf":{"@id":"https:\/\/grafiti.com\/#website"},"primaryImageOfPage":{"@id":"https:\/\/grafiti.com\/fr\/telecharger-le-logiciel-tablecurve3d\/#primaryimage"},"image":{"@id":"https:\/\/grafiti.com\/fr\/telecharger-le-logiciel-tablecurve3d\/#primaryimage"},"thumbnailUrl":"https:\/\/grafiti.com\/wp-content\/uploads\/2024\/01\/tablecurve3d_logo-1.png","datePublished":"2024-01-24T08:37:14+00:00","dateModified":"2025-03-09T07:02:58+00:00","breadcrumb":{"@id":"https:\/\/grafiti.com\/fr\/telecharger-le-logiciel-tablecurve3d\/#breadcrumb"},"inLanguage":"fr-FR","potentialAction":[{"@type":"ReadAction","target":["https:\/\/grafiti.com\/fr\/telecharger-le-logiciel-tablecurve3d\/"]}]},{"@type":"ImageObject","inLanguage":"fr-FR","@id":"https:\/\/grafiti.com\/fr\/telecharger-le-logiciel-tablecurve3d\/#primaryimage","url":"https:\/\/grafiti.com\/wp-content\/uploads\/2024\/01\/tablecurve3d_logo-1.png","contentUrl":"https:\/\/grafiti.com\/wp-content\/uploads\/2024\/01\/tablecurve3d_logo-1.png"},{"@type":"BreadcrumbList","@id":"https:\/\/grafiti.com\/fr\/telecharger-le-logiciel-tablecurve3d\/#breadcrumb","itemListElement":[{"@type":"ListItem","position":1,"name":"Home","item":"https:\/\/grafiti.com\/fr\/"},{"@type":"ListItem","position":2,"name":"T\u00e9l\u00e9charger le logiciel TableCurve3D"}]},{"@type":"WebSite","@id":"https:\/\/grafiti.com\/#website","url":"https:\/\/grafiti.com\/","name":"Grafiti LLC","description":"Grafiti LLC","publisher":{"@id":"https:\/\/grafiti.com\/#organization"},"potentialAction":[{"@type":"SearchAction","target":{"@type":"EntryPoint","urlTemplate":"https:\/\/grafiti.com\/?s={search_term_string}"},"query-input":{"@type":"PropertyValueSpecification","valueRequired":true,"valueName":"search_term_string"}}],"inLanguage":"fr-FR"},{"@type":"Organization","@id":"https:\/\/grafiti.com\/#organization","name":"Grafiti LLC","url":"https:\/\/grafiti.com\/","logo":{"@type":"ImageObject","inLanguage":"fr-FR","@id":"https:\/\/grafiti.com\/#\/schema\/logo\/image\/","url":"https:\/\/grafiti.com\/wp-content\/uploads\/2024\/01\/logo-2.png","contentUrl":"https:\/\/grafiti.com\/wp-content\/uploads\/2024\/01\/logo-2.png","width":164,"height":62,"caption":"Grafiti LLC"},"image":{"@id":"https:\/\/grafiti.com\/#\/schema\/logo\/image\/"}}]}},"_links":{"self":[{"href":"https:\/\/grafiti.com\/fr\/wp-json\/wp\/v2\/pages\/16121","targetHints":{"allow":["GET"]}}],"collection":[{"href":"https:\/\/grafiti.com\/fr\/wp-json\/wp\/v2\/pages"}],"about":[{"href":"https:\/\/grafiti.com\/fr\/wp-json\/wp\/v2\/types\/page"}],"author":[{"embeddable":true,"href":"https:\/\/grafiti.com\/fr\/wp-json\/wp\/v2\/users\/1773"}],"replies":[{"embeddable":true,"href":"https:\/\/grafiti.com\/fr\/wp-json\/wp\/v2\/comments?post=16121"}],"version-history":[{"count":0,"href":"https:\/\/grafiti.com\/fr\/wp-json\/wp\/v2\/pages\/16121\/revisions"}],"wp:attachment":[{"href":"https:\/\/grafiti.com\/fr\/wp-json\/wp\/v2\/media?parent=16121"}],"curies":[{"name":"wp","href":"https:\/\/api.w.org\/{rel}","templated":true}]}}